{"id":13951,"date":"2024-11-16T19:29:12","date_gmt":"2024-11-16T18:29:12","guid":{"rendered":"https:\/\/mitibags.com\/?post_type=product&#038;p=13951"},"modified":"2025-11-24T15:48:10","modified_gmt":"2025-11-24T14:48:10","slug":"mag-camurca-mala-mao-camel","status":"publish","type":"product","link":"https:\/\/mitibags.com\/pt-pt\/product\/malas-em-pele\/malas-de-mao\/mag-camurca-mala-mao-camel\/","title":{"rendered":"Mag Camur\u00e7a Mala de m\u00e3o Camel"},"content":{"rendered":"<h2>Mag Camur\u00e7a Mala de m\u00e3o Camel<\/h2>\n<p>&nbsp;<\/p>\n<p>A Mag Camur\u00e7a Camel Mala de m\u00e3o \u00e9 a jun\u00e7\u00e3o perfeita entre uma mala pr\u00e1tica e vers\u00e1til mas mantendo um estilo elegante.<\/p>\n<p>As duas al\u00e7as facilitam a passagem de uma mala de m\u00e3o para mala de ombro quando precisar ter as m\u00e3os livres.<\/p>\n<p>Em cada um dos lados da Mag Camur\u00e7a Camel Mala de m\u00e3o encontra ainda dois bot\u00f5es magn\u00e9ticos que ajudam n\u00e3o s\u00f3 a manter a mala fechada mas tamb\u00e9m a manter a sua forma quando usada com as abas laterais abertas.<\/p>\n<p>Com 51 cm de comprimento e 22 cm de altura, esta mala \u00e9 feita em It\u00e1lia com a melhor camur\u00e7a no exterior e pele no interior da mala. O fecho da mala \u00e9 feito atrav\u00e9s de um fecho zip e dos dois \u00edmans de cada lado da mala. A Mag Camur\u00e7a Camel Mala de m\u00e3o vem ainda com uma pequena mala interior para que possa manter todas as suas coisas em seguran\u00e7a.  <\/p>\n<p>Para tornar a Mag Camur\u00e7a Camel Mala de m\u00e3o em Pele ainda mais perfeita e feita especialmente para si, <strong>personalize-a com as suas iniciais e torne-a unicamente sua.<\/strong> <\/p>\n<p>Adicione um toque de eleg\u00e2ncia adicionando um acess\u00f3rio como um len\u00e7o ou charm. Veja aqui a cole\u00e7\u00e3o de acess\u00f3rios que preparamos para si. <\/p>\n<p>&nbsp;<\/p>\n<p><strong>Tamanho:<\/strong> 51x18x22 cm<\/p>\n<p><strong>Material Exterior <\/strong>Camur\u00e7a<\/p>\n<p><strong>Material<\/strong> <strong>Interior<\/strong> Pele Genu\u00edna<\/p>\n<p><strong>Cor:<\/strong> Camel<\/p>\n<p><strong>Cor das Ferragens:<\/strong> Dourado<\/p>\n<p>&nbsp;<\/p>\n<p>Siga-nos no <a href=\"https:\/\/www.instagram.com\/mitibags\/\" target=\"_blank\" rel=\"noopener\">Instagram<\/a> e <a href=\"https:\/\/www.facebook.com\/MitiBags\/\" target=\"_blank\" rel=\"noopener\">Facebook <\/a> e fa\u00e7a parte da nossa comunidade.<\/p>\n","protected":false},"excerpt":{"rendered":"<p>A nossa mala de m\u00e3o em pele Mag Taupe \u00e9 a mala pr\u00e1tica e vers\u00e1til perfeita que, ao mesmo tempo, mant\u00e9m o teu estilo elegante. As duas al\u00e7as fazem com que seja f\u00e1cil transform\u00e1-la em mala de ombro ou de m\u00e3o. Com ferragens prateadas e um tamanho de 51 cm de largura por 22 cm de altura, esta mala \u00e9 feita com a melhor pele camur\u00e7a Italiana no exterior e interior em pele. No interior pode tamb\u00e9m encontrar uma pequena bolsa com fecho zip.  <\/p>\n","protected":false},"featured_media":15517,"comment_status":"open","ping_status":"closed","template":"","meta":[],"product_brand":[],"product_cat":[61,84],"product_tag":[903,904,902,901,309,281],"class_list":{"0":"post-13951","1":"product","2":"type-product","3":"status-publish","4":"has-post-thumbnail","6":"product_cat-malas-de-mao","7":"product_cat-malas-de-ombro","8":"product_tag-mala-camurca","9":"product_tag-mala-camurca-em-pele","10":"product_tag-mala-castanha-pt-pt","11":"product_tag-mala-castanha-em-pele-pt-pt","12":"product_tag-mala-de-mao-de-pele","13":"product_tag-mala-de-ombro-em-pele","14":"tm-has-options","16":"first","17":"instock","18":"taxable","19":"shipping-taxable","20":"purchasable","21":"product-type-simple"},"_links":{"self":[{"href":"https:\/\/mitibags.com\/pt-pt\/wp-json\/wp\/v2\/product\/13951","targetHints":{"allow":["GET"]}}],"collection":[{"href":"https:\/\/mitibags.com\/pt-pt\/wp-json\/wp\/v2\/product"}],"about":[{"href":"https:\/\/mitibags.com\/pt-pt\/wp-json\/wp\/v2\/types\/product"}],"replies":[{"embeddable":true,"href":"https:\/\/mitibags.com\/pt-pt\/wp-json\/wp\/v2\/comments?post=13951"}],"version-history":[{"count":0,"href":"https:\/\/mitibags.com\/pt-pt\/wp-json\/wp\/v2\/product\/13951\/revisions"}],"wp:featuredmedia":[{"embeddable":true,"href":"https:\/\/mitibags.com\/pt-pt\/wp-json\/wp\/v2\/media\/15517"}],"wp:attachment":[{"href":"https:\/\/mitibags.com\/pt-pt\/wp-json\/wp\/v2\/media?parent=13951"}],"wp:term":[{"taxonomy":"product_brand","embeddable":true,"href":"https:\/\/mitibags.com\/pt-pt\/wp-json\/wp\/v2\/product_brand?post=13951"},{"taxonomy":"product_cat","embeddable":true,"href":"https:\/\/mitibags.com\/pt-pt\/wp-json\/wp\/v2\/product_cat?post=13951"},{"taxonomy":"product_tag","embeddable":true,"href":"https:\/\/mitibags.com\/pt-pt\/wp-json\/wp\/v2\/product_tag?post=13951"}],"curies":[{"name":"wp","href":"https:\/\/api.w.org\/{rel}","templated":true}]}}