{"id":13891,"date":"2024-11-16T17:44:57","date_gmt":"2024-11-16T16:44:57","guid":{"rendered":"https:\/\/mitibags.com\/?post_type=product&#038;p=13891"},"modified":"2025-11-24T16:32:12","modified_gmt":"2025-11-24T15:32:12","slug":"mag-camurca-mla-mao-castanha","status":"publish","type":"product","link":"https:\/\/mitibags.com\/pt-pt\/product\/malas-em-pele\/malas-de-mao\/mag-camurca-mla-mao-castanha\/","title":{"rendered":"Mag Camur\u00e7a Mala de m\u00e3o Castanha"},"content":{"rendered":"<h2>Mag Camur\u00e7a Mala de m\u00e3o Castanha<\/h2>\n<p>&nbsp;<\/p>\n<p>A nossa Mag Camur\u00e7a Mala de m\u00e3o Castanha \u00e9 a jun\u00e7\u00e3o perfeita entre uma mala pr\u00e1tica e vers\u00e1til mas mantendo um estilo elegante. As duas al\u00e7as facilitam a passagem de uma mala de m\u00e3o para mala de ombro quando precisar ter as m\u00e3os livres. Com ferragens douradas e um tamanho de <strong>51 cm de largura por 22 cm de altura<\/strong>, \u00e9 feita com a <strong>melhor pele genu\u00edna<\/strong>, camur\u00e7a, tanto no interior como no exterior. O fecho \u00e9 feito com um fecho zip e dois \u00edmans que se encontram em cada um dos lados da mala.<\/p>\n<p>A Mag Camur\u00e7a Mala de m\u00e3o Castanha vem ainda com uma pequena mala no interior que ir\u00e1 manter todos os seus objetos em seguran\u00e7a.<\/p>\n<p>Para tornar a sua Mag Camur\u00e7a Mala de m\u00e3o Castanha ainda mais perfeita e feita especialmente para si <strong>personalize-a com as suas iniciais<\/strong> e torne-a unicamente sua.<br \/>\nAdicione um toque de eleg\u00e2ncia adicionando um acess\u00f3rio como um len\u00e7o ou charm.<\/p>\n<p>Veja <a href=\"https:\/\/mitibags.com\/acessorios-malas\/\">aqui<\/a> a cole\u00e7\u00e3o de acess\u00f3rios que preparamos para si.<\/p>\n<p>&nbsp;<\/p>\n<p><strong>Tamanho: <\/strong>51x18x22 cm<\/p>\n<p><strong>Exterior Material: <\/strong>Camur\u00e7a<\/p>\n<p><strong>Material<\/strong> <strong>Interior<\/strong> Pele Genu\u00edna<\/p>\n<p><strong>Cor: <\/strong>Castanho<\/p>\n<p><strong>Cor das Ferragens:<\/strong> Dourado<\/p>\n<p>&nbsp;<\/p>\n<p>Siga-nos no <a href=\"https:\/\/www.instagram.com\/mitibags\/\" target=\"_blank\" rel=\"noopener\">Instagram<\/a> e <a href=\"https:\/\/www.facebook.com\/MitiBags\/\" target=\"_blank\" rel=\"noopener\">Facebook <\/a> e fa\u00e7a parte da nossa comunidade.<\/p>\n","protected":false},"excerpt":{"rendered":"<p>A nossa Mag Camur\u00e7a Mala de m\u00e3o Castanha \u00e9 a jun\u00e7\u00e3o perfeita entre uma mala pr\u00e1tica e vers\u00e1til mas mantendo um estilo elegante. As duas al\u00e7as facilitam a passagem de uma mala de m\u00e3o para mala de ombro quando precisar ter as m\u00e3os livres. Com ferragens douradas e um tamanho de <strong>51 cm de largura por 22 cm de altura<\/strong><strong>,<\/strong> \u00e9 feita com a <strong>melhor pele genu\u00edna <\/strong>tanto no interior como no exterior, sendo o fecho feito com um fecho zip. No interior pode ainda encontrar uma pequena clutch, tamb\u00e9m ela com fecho, que ir\u00e1 ajud\u00e1-lo a manter os seus artigos em seguran\u00e7a mas tamb\u00e9m facilitando a troca de mala para mala.<\/p>\n","protected":false},"featured_media":13896,"comment_status":"open","ping_status":"closed","template":"","meta":[],"product_brand":[],"product_cat":[61,84],"product_tag":[903,904,902,901,309,281],"class_list":{"0":"post-13891","1":"product","2":"type-product","3":"status-publish","4":"has-post-thumbnail","6":"product_cat-malas-de-mao","7":"product_cat-malas-de-ombro","8":"product_tag-mala-camurca","9":"product_tag-mala-camurca-em-pele","10":"product_tag-mala-castanha-pt-pt","11":"product_tag-mala-castanha-em-pele-pt-pt","12":"product_tag-mala-de-mao-de-pele","13":"product_tag-mala-de-ombro-em-pele","14":"tm-has-options","16":"first","17":"instock","18":"taxable","19":"shipping-taxable","20":"purchasable","21":"product-type-simple"},"_links":{"self":[{"href":"https:\/\/mitibags.com\/pt-pt\/wp-json\/wp\/v2\/product\/13891","targetHints":{"allow":["GET"]}}],"collection":[{"href":"https:\/\/mitibags.com\/pt-pt\/wp-json\/wp\/v2\/product"}],"about":[{"href":"https:\/\/mitibags.com\/pt-pt\/wp-json\/wp\/v2\/types\/product"}],"replies":[{"embeddable":true,"href":"https:\/\/mitibags.com\/pt-pt\/wp-json\/wp\/v2\/comments?post=13891"}],"version-history":[{"count":0,"href":"https:\/\/mitibags.com\/pt-pt\/wp-json\/wp\/v2\/product\/13891\/revisions"}],"wp:featuredmedia":[{"embeddable":true,"href":"https:\/\/mitibags.com\/pt-pt\/wp-json\/wp\/v2\/media\/13896"}],"wp:attachment":[{"href":"https:\/\/mitibags.com\/pt-pt\/wp-json\/wp\/v2\/media?parent=13891"}],"wp:term":[{"taxonomy":"product_brand","embeddable":true,"href":"https:\/\/mitibags.com\/pt-pt\/wp-json\/wp\/v2\/product_brand?post=13891"},{"taxonomy":"product_cat","embeddable":true,"href":"https:\/\/mitibags.com\/pt-pt\/wp-json\/wp\/v2\/product_cat?post=13891"},{"taxonomy":"product_tag","embeddable":true,"href":"https:\/\/mitibags.com\/pt-pt\/wp-json\/wp\/v2\/product_tag?post=13891"}],"curies":[{"name":"wp","href":"https:\/\/api.w.org\/{rel}","templated":true}]}}