{"id":13768,"date":"2024-10-27T18:40:15","date_gmt":"2024-10-27T17:40:15","guid":{"rendered":"https:\/\/mitibags.com\/?post_type=product&#038;p=13768"},"modified":"2024-10-27T21:20:43","modified_gmt":"2024-10-27T20:20:43","slug":"classic-xl-mala-de-ombro-bordeaux-em-pele","status":"publish","type":"product","link":"https:\/\/mitibags.com\/pt-pt\/product\/malas-em-pele\/malas-de-ombro\/classic-xl-mala-de-ombro-bordeaux-em-pele\/","title":{"rendered":"Classic XL Mala de Ombro Bordeaux em Pele"},"content":{"rendered":"<h2>Classic XL Mala de Ombro Bordeaux em Pele<\/h2>\n<p>&nbsp;<\/p>\n<p>A Classic XL Mala de Ombro Bordeaux em Pele \u00e9 a vers\u00e3o maior do nosso estilo cl\u00e1ssico e veio preencher os desejos de todas as mulheres que adoram este modelo, mas tamb\u00e9m adoram malas grandes.<br \/>\nMantendo o estilo cl\u00e1ssico elegante e um corpo estruturado, tal como o tamanho m\u00e9dio, este modelo maior tem num tamanho de <strong>32 cm de comprimento e 22 cm de altura<\/strong>, permitindo-lhe transportar n\u00e3o s\u00f3 os seus artigos b\u00e1sicos do dia-a-dia, mas tamb\u00e9m outros objetos como um livro ou mesmo um pequeno tablet.<br \/>\nCom um exterior em <strong>pele genu\u00edna<\/strong> com um padr\u00e3o de losangos | diamante e interior em sarja de algod\u00e3o, os detalhes dourados das ferragens real\u00e7am a eleg\u00e2ncia e o luxo desta mala de ombro preta. O fecho \u00e9 feito pela ferragem dourada na frente da mala.<br \/>\nO interior da Classic XL Mala de Ombro Bordeaux em Pele est\u00e1 dividido em <strong>3 compartimentos<\/strong>, sendo o do meio com fecho zip para um acesso f\u00e1cil aos seus objetos. Para aumentar a organiza\u00e7\u00e3o da sua mala, no interior encontra outro pequeno bolso com fecho zip e um bolso em pele desenhado para que possa guardar o telem\u00f3vel, tornando mais f\u00e1cil encontr\u00e1-lo dentro da sua mala.<\/p>\n<p>No que se refere \u00e0s <strong>al\u00e7as<\/strong>, estas s\u00e3o compostas por uma combina\u00e7\u00e3o de corrente dourada com pele entran\u00e7ada, e podem ser ajustadas para usar como mala de ombro, com duas al\u00e7as, ou, se preferir um estilo tiracolo, pode faz\u00ea-lo usando uma al\u00e7a \u00fanica. Este ajuste \u00e9 feito facilmente simplesmente puxando as duas al\u00e7as.<\/p>\n<p>A cor bordeaux real\u00e7a a sofistica\u00e7\u00e3o da mala, tornando-a definitivamente numa pe\u00e7a indispens\u00e1vel para a mulher que procura um estilo cl\u00e1ssico, mas com espa\u00e7o suficiente para transportar tudo o que precisa. A<strong> personaliza\u00e7\u00e3o <\/strong>tamb\u00e9m est\u00e1 dispon\u00edvel neste modelo.<\/p>\n<p>Torne a sua mala \u00fanica adicionando as suas iniciais por fora e uma mensagem especial no interior da aba.<\/p>\n<p>D\u00ea um toque de cor \u00e0 Classic XL Mala de Ombro Bordeaux em Pele com um len\u00e7o Veja <a href=\"https:\/\/mitibags.com\/lencos-malas\/\">aqui <\/a> todos os modelos que temos dispon\u00edveis<\/p>\n<p>&nbsp;<\/p>\n<p><strong>Tamanho:<\/strong>32x9x22 cm<\/p>\n<p><strong>Material Exterior: <\/strong>Pele Genu\u00edna<\/p>\n<p><strong>Material<\/strong> <strong>Interior:<\/strong> Sarja de Algod\u00e3o<\/p>\n<p><strong>Cor:<\/strong> Bordeaux<\/p>\n<p><strong>Cor das Ferragens:<\/strong> Dourado<\/p>\n<p>&nbsp;<\/p>\n<p>Siga-nos no <a href=\"https:\/\/www.instagram.com\/mitibags\/\" target=\"_blank\" rel=\"noopener\">Instagram<\/a> e <a href=\"https:\/\/www.facebook.com\/MitiBags\/\" target=\"_blank\" rel=\"noopener\">Facebook <\/a> e fa\u00e7a parte da nossa comunidade.<\/p>\n","protected":false},"excerpt":{"rendered":"<p>A Classic XL Mala de Ombro Bordeaux em Pele \u00e9 a vers\u00e3o maior do nosso estilo cl\u00e1ssico e veio preencher os desejos de todas as mulheres que adoram este modelo, mas tamb\u00e9m adoram malas grandes. Com um estilo elegante e uma estrutura r\u00edgida, o tamanho XL da nossa classic tem <strong>32 cm de largura por 22 cm de altura <\/strong>e \u00e9 feita com a nossa <strong>melhor pele genu\u00edna Italiana<\/strong>.<\/p>\n","protected":false},"featured_media":6152,"comment_status":"open","ping_status":"closed","template":"","meta":[],"product_brand":[],"product_cat":[84],"product_tag":[287,894],"class_list":{"0":"post-13768","1":"product","2":"type-product","3":"status-publish","4":"has-post-thumbnail","6":"product_cat-malas-de-ombro","7":"product_tag-bolsa-de-couro-a-tiracolo","8":"product_tag-mala-de-ombro-bordeaux-em-pele","9":"tm-has-options","11":"first","12":"outofstock","13":"taxable","14":"shipping-taxable","15":"purchasable","16":"product-type-simple"},"_links":{"self":[{"href":"https:\/\/mitibags.com\/pt-pt\/wp-json\/wp\/v2\/product\/13768","targetHints":{"allow":["GET"]}}],"collection":[{"href":"https:\/\/mitibags.com\/pt-pt\/wp-json\/wp\/v2\/product"}],"about":[{"href":"https:\/\/mitibags.com\/pt-pt\/wp-json\/wp\/v2\/types\/product"}],"replies":[{"embeddable":true,"href":"https:\/\/mitibags.com\/pt-pt\/wp-json\/wp\/v2\/comments?post=13768"}],"version-history":[{"count":0,"href":"https:\/\/mitibags.com\/pt-pt\/wp-json\/wp\/v2\/product\/13768\/revisions"}],"wp:featuredmedia":[{"embeddable":true,"href":"https:\/\/mitibags.com\/pt-pt\/wp-json\/wp\/v2\/media\/6152"}],"wp:attachment":[{"href":"https:\/\/mitibags.com\/pt-pt\/wp-json\/wp\/v2\/media?parent=13768"}],"wp:term":[{"taxonomy":"product_brand","embeddable":true,"href":"https:\/\/mitibags.com\/pt-pt\/wp-json\/wp\/v2\/product_brand?post=13768"},{"taxonomy":"product_cat","embeddable":true,"href":"https:\/\/mitibags.com\/pt-pt\/wp-json\/wp\/v2\/product_cat?post=13768"},{"taxonomy":"product_tag","embeddable":true,"href":"https:\/\/mitibags.com\/pt-pt\/wp-json\/wp\/v2\/product_tag?post=13768"}],"curies":[{"name":"wp","href":"https:\/\/api.w.org\/{rel}","templated":true}]}}