{"id":13762,"date":"2024-10-27T18:31:26","date_gmt":"2024-10-27T17:31:26","guid":{"rendered":"https:\/\/mitibags.com\/?post_type=product&#038;p=13762"},"modified":"2024-10-27T21:22:18","modified_gmt":"2024-10-27T20:22:18","slug":"pouch-mala-de-mao-de-pele-vermelha","status":"publish","type":"product","link":"https:\/\/mitibags.com\/pt-pt\/product\/malas-em-pele\/malas-de-mao\/pouch-mala-de-mao-de-pele-vermelha\/","title":{"rendered":"Pouch Mala de M\u00e3o de Pele Vermelha"},"content":{"rendered":"<h2>Pouch Mala de M\u00e3o de Pele Vermelha<\/h2>\n<p>&nbsp;<\/p>\n<p>Confeccionada em <strong>pele genu\u00edna e fabricada em It\u00e1lia<\/strong> pelos nossos artes\u00e3os experientes, a <strong>Pouch Mala de M\u00e3o de Pele Vermelha<\/strong> \u00e9 um sonho tornado realidade para todas as fashionistas e a mala perfeita para quem procura uma op\u00e7\u00e3o elegante e moderna que ir\u00e1 certamente faz\u00ea-la destacar-se<br \/>\nC<strong>om 39 cm de largura x 23 cm de altura<\/strong>, a Pouch Mala de M\u00e3o de Pele Vermelha tem capacidade para levar desde os seus essenciais, como carteira, telem\u00f3vel, \u00f3culos de sol mas tamb\u00e9m um pequeno livro ou mini tablet. O interior, feito em forro de sarja de algod\u00e3o, \u00e9 bastante espa\u00e7oso e tem um pequeno bolso com fecho zip, ajudando a manter a sua mala organizada e os seus objetos f\u00e1ceis de encontrar.<\/p>\n<p>Embora tenha sido desenhado para ser usado como mala de m\u00e3o ou clutch, sabemos que por vezes seria mais f\u00e1cil poder us\u00e1-la como mala de ombro ou tiracolo. Para garantir o m\u00e1ximo conforto e versatilidade, mas tendo tamb\u00e9m em mente que se escolheu esta mala pode procurar uma mala com um estilo mais elegante, a Pouch Mala de M\u00e3o de Pele Vermelha <strong>vem com uma al\u00e7a que combina pele e corrente dourada.<\/strong><\/p>\n<p>Se adora uma personaliza\u00e7\u00e3o pode adicionar as suas iniciais \u00e0 Pouch Mala de M\u00e3o de Pele Vermelha tornando-a unicamente sua. Para o fazer clique no bot\u00e3o personalizar e d\u00ea hoje o toque de luxo \u00e0 sua mala personalizando-a com as suas iniciais ou at\u00e9 mesmo um dos emojis dispon\u00edveis.<\/p>\n<p>Veja <a href=\"https:\/\/mitibags.com\/acessorios-malas\/\">aqui<\/a> a nossa sele\u00e7\u00e3o de acess\u00f3rios e d\u00ea um toque pessoal \u00e0 sua mala.<\/p>\n<p>&nbsp;<\/p>\n<p><strong>Tamanho: <\/strong>38x5x21 cm<\/p>\n<p><strong>Material Exterior: <\/strong>Pele Genu\u00edna<\/p>\n<p><strong>Material <\/strong> <strong> Interior: <\/strong>Pele Genu\u00edna<\/p>\n<p><strong>Cor:<\/strong> Vermelho<\/p>\n<p><strong>Cor das Ferragens:<\/strong> Dourado<\/p>\n<p>&nbsp;<\/p>\n<p>Siga-nos no <a href=\"https:\/\/www.instagram.com\/mitibags\/\" target=\"_blank\" rel=\"noopener\">Instagram<\/a> e <a href=\"https:\/\/www.facebook.com\/MitiBags\/\" target=\"_blank\" rel=\"noopener\">Facebook <\/a> e fa\u00e7a parte da nossa comunidade.<\/p>\n","protected":false},"excerpt":{"rendered":"<p>Produzida com a <strong>melhor pele genu\u00edna<\/strong> e com um tamanho de 39 cm de comprimento e 23 cm de altura, a <strong>Pouch Mala de M\u00e3o de Pele Vermelha<\/strong> \u00e9 o sonho tornado realidade para muitas fashionistas. Personalize-a com as suas iniciais e torne-a unicamente sua.<\/p>\n","protected":false},"featured_media":7810,"comment_status":"open","ping_status":"closed","template":"","meta":[],"product_brand":[],"product_cat":[61],"product_tag":[309,893],"class_list":{"0":"post-13762","1":"product","2":"type-product","3":"status-publish","4":"has-post-thumbnail","6":"product_cat-malas-de-mao","7":"product_tag-mala-de-mao-de-pele","8":"product_tag-mala-de-mao-de-pele-vermelha","9":"tm-has-options","11":"first","12":"outofstock","13":"taxable","14":"shipping-taxable","15":"purchasable","16":"product-type-simple"},"_links":{"self":[{"href":"https:\/\/mitibags.com\/pt-pt\/wp-json\/wp\/v2\/product\/13762","targetHints":{"allow":["GET"]}}],"collection":[{"href":"https:\/\/mitibags.com\/pt-pt\/wp-json\/wp\/v2\/product"}],"about":[{"href":"https:\/\/mitibags.com\/pt-pt\/wp-json\/wp\/v2\/types\/product"}],"replies":[{"embeddable":true,"href":"https:\/\/mitibags.com\/pt-pt\/wp-json\/wp\/v2\/comments?post=13762"}],"version-history":[{"count":0,"href":"https:\/\/mitibags.com\/pt-pt\/wp-json\/wp\/v2\/product\/13762\/revisions"}],"wp:featuredmedia":[{"embeddable":true,"href":"https:\/\/mitibags.com\/pt-pt\/wp-json\/wp\/v2\/media\/7810"}],"wp:attachment":[{"href":"https:\/\/mitibags.com\/pt-pt\/wp-json\/wp\/v2\/media?parent=13762"}],"wp:term":[{"taxonomy":"product_brand","embeddable":true,"href":"https:\/\/mitibags.com\/pt-pt\/wp-json\/wp\/v2\/product_brand?post=13762"},{"taxonomy":"product_cat","embeddable":true,"href":"https:\/\/mitibags.com\/pt-pt\/wp-json\/wp\/v2\/product_cat?post=13762"},{"taxonomy":"product_tag","embeddable":true,"href":"https:\/\/mitibags.com\/pt-pt\/wp-json\/wp\/v2\/product_tag?post=13762"}],"curies":[{"name":"wp","href":"https:\/\/api.w.org\/{rel}","templated":true}]}}