{"id":13752,"date":"2024-10-27T18:05:56","date_gmt":"2024-10-27T17:05:56","guid":{"rendered":"https:\/\/mitibags.com\/?post_type=product&#038;p=13752"},"modified":"2026-01-23T23:17:42","modified_gmt":"2026-01-23T22:17:42","slug":"sophia-mala-de-mao-em-pele-vermelha","status":"publish","type":"product","link":"https:\/\/mitibags.com\/pt-pt\/product\/malas-em-pele\/malas-de-mao\/sophia-mala-de-mao-em-pele-vermelha\/","title":{"rendered":"Sophia Mala de M\u00e3o em Pele Vemelha"},"content":{"rendered":"<h2>Sophia Mala de M\u00e3o em Pele Vemelha<\/h2>\n<p>&nbsp;<\/p>\n<p>Procura uma mala fashion para o dia-a-dia? Procura uma mala fashion para o dia-a-dia? A Sophia Mala de M\u00e3o em Pele Vermelha pode ser o que procura.<br \/>\nCom<strong> 32 cm de comprimento e uma altura de 22,50 cm<\/strong><strong>, <\/strong>Sophia \u00e9 uma mala estruturada fabricada com a nossa<strong> luxuosa pele italiana com textura saffiano<\/strong> na<strong> cor Vermelha<\/strong>, o que faz dela a mala de m\u00e3o ideal para enriquecer o seu closet.<br \/>\nNo interior, tamb\u00e9m em pele, podes encontrar um bolso com fecho zip para manter a sua mala organizada e os seus objetos f\u00e1ceis de encontrar.<br \/>\nAs ferragens de cor dourada real\u00e7am o lado luxuoso da sua mala. A abertura e fecho da mala \u00e9 feita rodando a pe\u00e7a frontal dourada, tornando esta mala t\u00e3o fashion quanto poss\u00edvel.<br \/>\nEm cada um dos lados da sua Sophia Mala de M\u00e3o em Pele Vermelha, existem dois orif\u00edcios para que possa facilmente colocar e retirar a <strong>al\u00e7a de pele extra ajust\u00e1vel<\/strong> que a acompanha, facilitando a sua transforma\u00e7\u00e3o de bolsa de m\u00e3o em bolsa de tiracolo ou a tiracolo para o teu pr\u00f3prio conforto.<br \/>\nAcrescente um len\u00e7o e real\u00e7e a beleza e eleg\u00e2ncia da Sophia Mala de M\u00e3o em Pele Vermelha.<\/p>\n<p>Veja <a href=\"https:\/\/mitibags.com\/lencos-malas\/\">aqui <\/a> todos os modelos que temos dispon\u00edveis<\/p>\n<p>&nbsp;<\/p>\n<p><strong>Tamanho: <\/strong>32&#215;12,50&#215;21,50 cm<\/p>\n<p><strong>Material Exterior:<\/strong> Pele Genu\u00edna Textura Saffiano<\/p>\n<p><strong>Material<\/strong> <strong>Interior:<\/strong> Pele Genu\u00edna<\/p>\n<p><strong>Cor:<\/strong> Vermelho<\/p>\n<p><strong>Cor das Ferragens:<\/strong> Dourado<\/p>\n<p>&nbsp;<\/p>\n<p>Siga-nos no <a href=\"https:\/\/www.instagram.com\/mitibags\/\" target=\"_blank\" rel=\"noopener\">Instagram<\/a> e <a href=\"https:\/\/www.facebook.com\/MitiBags\/\" target=\"_blank\" rel=\"noopener\">Facebook <\/a> e fa\u00e7a parte da nossa comunidade.<\/p>\n","protected":false},"excerpt":{"rendered":"<p>Procura uma mala fashion para o dia-a-dia? A Sophia Mala de M\u00e3o em Pele Vermelha pode ser o que procura. Fabricada com a melhor <strong>Pele Italiana com Textura Saffiano<\/strong>, com um tamanho de <strong>32 cm de comprimento e 22,50 cm de altura<\/strong> e com uma al\u00e7a de couro extra, \u00e9 a mala perfeita para todos os que procuram uma mala com design mais fashion.<\/p>\n","protected":false},"featured_media":7618,"comment_status":"open","ping_status":"closed","template":"","meta":[],"product_brand":[],"product_cat":[61],"product_tag":[],"class_list":{"0":"post-13752","1":"product","2":"type-product","3":"status-publish","4":"has-post-thumbnail","6":"product_cat-malas-de-mao","7":"tm-has-options","9":"first","10":"outofstock","11":"taxable","12":"shipping-taxable","13":"purchasable","14":"product-type-simple"},"_links":{"self":[{"href":"https:\/\/mitibags.com\/pt-pt\/wp-json\/wp\/v2\/product\/13752","targetHints":{"allow":["GET"]}}],"collection":[{"href":"https:\/\/mitibags.com\/pt-pt\/wp-json\/wp\/v2\/product"}],"about":[{"href":"https:\/\/mitibags.com\/pt-pt\/wp-json\/wp\/v2\/types\/product"}],"replies":[{"embeddable":true,"href":"https:\/\/mitibags.com\/pt-pt\/wp-json\/wp\/v2\/comments?post=13752"}],"version-history":[{"count":0,"href":"https:\/\/mitibags.com\/pt-pt\/wp-json\/wp\/v2\/product\/13752\/revisions"}],"wp:featuredmedia":[{"embeddable":true,"href":"https:\/\/mitibags.com\/pt-pt\/wp-json\/wp\/v2\/media\/7618"}],"wp:attachment":[{"href":"https:\/\/mitibags.com\/pt-pt\/wp-json\/wp\/v2\/media?parent=13752"}],"wp:term":[{"taxonomy":"product_brand","embeddable":true,"href":"https:\/\/mitibags.com\/pt-pt\/wp-json\/wp\/v2\/product_brand?post=13752"},{"taxonomy":"product_cat","embeddable":true,"href":"https:\/\/mitibags.com\/pt-pt\/wp-json\/wp\/v2\/product_cat?post=13752"},{"taxonomy":"product_tag","embeddable":true,"href":"https:\/\/mitibags.com\/pt-pt\/wp-json\/wp\/v2\/product_tag?post=13752"}],"curies":[{"name":"wp","href":"https:\/\/api.w.org\/{rel}","templated":true}]}}