{"id":13680,"date":"2024-10-27T16:00:11","date_gmt":"2024-10-27T15:00:11","guid":{"rendered":"https:\/\/mitibags.com\/?post_type=product&#038;p=13680"},"modified":"2025-04-24T00:28:24","modified_gmt":"2025-04-23T23:28:24","slug":"moon-mala-de-ombro-bordeaux-em-pele","status":"publish","type":"product","link":"https:\/\/mitibags.com\/pt-pt\/product\/malas-em-pele\/malas-de-ombro\/moon-mala-de-ombro-bordeaux-em-pele\/","title":{"rendered":"Moon Mala de Ombro Bordeaux em Pele"},"content":{"rendered":"<h2>Moon Mala de Ombro Bordeaux em Pele<\/h2>\n<p>&nbsp;<\/p>\n<p>Feita em It\u00e1lia com a melhor Pele Genu\u00edna Texturada, a Moon Mala de Ombro Bordeaux em Pele \u00e9 a mala perfeita para aquela noite divertida com os amigos ou para aquele jantar especial, acrescentando o fashion touch que procura para o seu look.<br \/>\nCom <strong>27 cm de comprimento e 23,50 cm de altura<\/strong>, \u00e9 perfeita para transportar os seus objetos essenciais, como carteira, telem\u00f3vel, chaves e batom. A abertura \u00e9 feita com o fecho zip que se encontra na parte superior da mala. No interior, encontra ainda um pequeno bolso, tamb\u00e9m com fecho zip, perfeito para guardar os objetos aos quais precisa de acesso r\u00e1pido, como por exemplo o telem\u00f3vel ou at\u00e9 mesmo o porta cart\u00f5es.<br \/>\nA cor bordeaux, combinada com as ferragens douradas, confere o toque glamoroso e elegante que a far\u00e1 destacar-se<br \/>\nPara tornar torn\u00e1-la ainda mais perfeita personalize a sua mala com as suas iniciais. Para o fazer clique no bot\u00e3o personalizar e d\u00ea hoje o toque de luxo \u00e0 sua Moon Mala de Ombro Bordeaux em Pele tornando-a unicamente sua.<\/p>\n<p>Acrescente um toque pessoal \u00e0 sua mala adicionando um acess\u00f3rio. Veja <a href=\"https:\/\/mitibags.com\/acessorios-malas\/\">aqui<\/a> tudo o que selecionamos para si.<\/p>\n<p>&nbsp;<\/p>\n<p><strong>Tamanho: <\/strong>27&#215;23,50&#215;6 cm<\/p>\n<p><strong>Material Exterior: <\/strong>Pele Genu\u00edna Lisa<\/p>\n<p><strong>Material<\/strong> <strong>Interior:<\/strong> Sarja de Algod\u00e3o<\/p>\n<p><strong>Cor: <\/strong>Bordeaux<\/p>\n<p><strong>Cor das Ferragens:<\/strong> Dourado<\/p>\n<p>&nbsp;<\/p>\n<p>Siga-nos no <a href=\"https:\/\/www.instagram.com\/mitibags\/\" target=\"_blank\" rel=\"noopener\">Instagram<\/a> e <a href=\"https:\/\/www.facebook.com\/MitiBags\/\" target=\"_blank\" rel=\"noopener\">Facebook <\/a> e fa\u00e7a parte da nossa comunidade.<\/p>\n","protected":false},"excerpt":{"rendered":"<p>Feita com a melhor <strong>Pele genu\u00edna Texturada<\/strong> a Moon Mala de Ombro Bordeaux em Pele com <strong>27 cm largura e23,50 cm altura<\/strong> acrescenta ao seu look o toque de glamour, luxo e eleg\u00e2ncia que procura.<\/p>\n","protected":false},"featured_media":13682,"comment_status":"open","ping_status":"closed","template":"","meta":[],"product_brand":[],"product_cat":[84],"product_tag":[311,890],"class_list":{"0":"post-13680","1":"product","2":"type-product","3":"status-publish","4":"has-post-thumbnail","6":"product_cat-malas-de-ombro","7":"product_tag-mala-de-pele","8":"product_tag-moon-mala-de-ombro-bordeaux-em-pele","9":"tm-has-options","11":"first","12":"outofstock","13":"taxable","14":"shipping-taxable","15":"purchasable","16":"product-type-simple"},"_links":{"self":[{"href":"https:\/\/mitibags.com\/pt-pt\/wp-json\/wp\/v2\/product\/13680","targetHints":{"allow":["GET"]}}],"collection":[{"href":"https:\/\/mitibags.com\/pt-pt\/wp-json\/wp\/v2\/product"}],"about":[{"href":"https:\/\/mitibags.com\/pt-pt\/wp-json\/wp\/v2\/types\/product"}],"replies":[{"embeddable":true,"href":"https:\/\/mitibags.com\/pt-pt\/wp-json\/wp\/v2\/comments?post=13680"}],"version-history":[{"count":0,"href":"https:\/\/mitibags.com\/pt-pt\/wp-json\/wp\/v2\/product\/13680\/revisions"}],"wp:featuredmedia":[{"embeddable":true,"href":"https:\/\/mitibags.com\/pt-pt\/wp-json\/wp\/v2\/media\/13682"}],"wp:attachment":[{"href":"https:\/\/mitibags.com\/pt-pt\/wp-json\/wp\/v2\/media?parent=13680"}],"wp:term":[{"taxonomy":"product_brand","embeddable":true,"href":"https:\/\/mitibags.com\/pt-pt\/wp-json\/wp\/v2\/product_brand?post=13680"},{"taxonomy":"product_cat","embeddable":true,"href":"https:\/\/mitibags.com\/pt-pt\/wp-json\/wp\/v2\/product_cat?post=13680"},{"taxonomy":"product_tag","embeddable":true,"href":"https:\/\/mitibags.com\/pt-pt\/wp-json\/wp\/v2\/product_tag?post=13680"}],"curies":[{"name":"wp","href":"https:\/\/api.w.org\/{rel}","templated":true}]}}