{"id":13672,"date":"2024-10-27T15:46:09","date_gmt":"2024-10-27T14:46:09","guid":{"rendered":"https:\/\/mitibags.com\/?post_type=product&#038;p=13672"},"modified":"2024-10-27T21:30:40","modified_gmt":"2024-10-27T20:30:40","slug":"mag-mala-bordeaux-em-pele","status":"publish","type":"product","link":"https:\/\/mitibags.com\/pt-pt\/product\/malas-em-pele\/malas-de-mao\/mag-mala-bordeaux-em-pele\/","title":{"rendered":"Mag Mala Bordeaux em Pele"},"content":{"rendered":"<h2>Mag Mala Bordeaux em Pele<\/h2>\n<p>&nbsp;<\/p>\n<p>A nossa Mag Mala Bordeaux em Pele \u00e9 a jun\u00e7\u00e3o perfeita entre uma mala pr\u00e1tica e vers\u00e1til mas mantendo um estilo elegante. As duas al\u00e7as facilitam a passagem de uma mala de m\u00e3o para mala de ombro quando precisar ter as m\u00e3os livres. Nas pontas da mala encontra dois \u00edmans que ajudam a manter o formato da mala e o fecho \u00e9 feito com outro \u00edman que se encontra no meio da mala. Com um tamanho de<strong> 41 cm de largura e 30 cm de altura<\/strong>, esta mala \u00e9 feita com a <strong>melhor pele Italiana<\/strong> no exterior, e interior em algod\u00e3o. The closure of the bag is made with a magnetic button in the middle of the bag. Mag Mala Bordeaux em Pele vem ainda com uma pequena bolsa que pode facilmente ser colocada e retirada da al\u00e7a da sua mala.<\/p>\n<p>Para tornar a sua Mag Mala Bordeaux em Pele ainda mais perfeita e feita especialmente para si <strong>personalize-a com as suas iniciais e torne-a unicamente sua<\/strong>.<\/p>\n<p>Adicione um toque de eleg\u00e2ncia adicionando um acess\u00f3rio como um len\u00e7o ou charm.<\/p>\n<p>Veja <a href=\"https:\/\/mitibags.com\/acessorios-malas\/\">aqui<\/a> todos os modelos que preparamos para si e, entre al\u00e7as, len\u00e7os ou porta-chaves escolha o acess\u00f3rio perfeito para si.<\/p>\n<p>&nbsp;<\/p>\n<p><strong>Tamanho:<\/strong> 41x11x30 cm<\/p>\n<p><strong>Material Exterior: <\/strong>Pele Genu\u00edna<\/p>\n<p><strong>Material <\/strong><strong>Interior: <\/strong>Pele Genu\u00edna<\/p>\n<p><strong>Cor:<\/strong> Bordeaux<\/p>\n<p><strong>Cor das Ferragens:<\/strong> Dourado<\/p>\n<p>&nbsp;<\/p>\n<p>Siga-nos no <a href=\"https:\/\/www.instagram.com\/mitibags\/\" target=\"_blank\" rel=\"noopener\">Instagram <\/a>e <a href=\"https:\/\/www.facebook.com\/MitiBags\/\" target=\"_blank\" rel=\"noopener\">Facebook<\/a> e fa\u00e7a parte da nossa comunidade.<\/p>\n","protected":false},"excerpt":{"rendered":"<p>A nossa Mag Mala Bordeaux em Pele \u00e9 a jun\u00e7\u00e3o perfeita entre uma mala pr\u00e1tica e vers\u00e1til mas mantendo um estilo elegante. As duas al\u00e7as facilitam a passagem de uma mala de m\u00e3o para mala de ombro quando precisar ter as m\u00e3os livres. Com ferragens douradas e um tamanho de <strong>41cm de largura por 30 cm de altura<\/strong>, \u00e9 feita com a <strong>melhor pele genu\u00edna<\/strong> no exterior e interior em algod\u00e3o e o fecho \u00e9 feito atrav\u00e9s de um bot\u00f5es de \u00edman. A mala vem ainda com uma pequena bolsa de fecho zip que pode ser facilmente colocada e retirada da sua Mag Mala Bordeaux em Pele.<\/p>\n","protected":false},"featured_media":15850,"comment_status":"open","ping_status":"closed","template":"","meta":[],"product_brand":[],"product_cat":[61,84],"product_tag":[870,884,309,885,281],"class_list":{"0":"post-13672","1":"product","2":"type-product","3":"status-publish","4":"has-post-thumbnail","6":"product_cat-malas-de-mao","7":"product_cat-malas-de-ombro","8":"product_tag-mala-bordeaux","9":"product_tag-mala-bordeaux-em-pele","10":"product_tag-mala-de-mao-de-pele","11":"product_tag-mala-de-ombro-bordeaux","12":"product_tag-mala-de-ombro-em-pele","13":"tm-has-options","15":"first","16":"instock","17":"taxable","18":"shipping-taxable","19":"purchasable","20":"product-type-simple"},"_links":{"self":[{"href":"https:\/\/mitibags.com\/pt-pt\/wp-json\/wp\/v2\/product\/13672","targetHints":{"allow":["GET"]}}],"collection":[{"href":"https:\/\/mitibags.com\/pt-pt\/wp-json\/wp\/v2\/product"}],"about":[{"href":"https:\/\/mitibags.com\/pt-pt\/wp-json\/wp\/v2\/types\/product"}],"replies":[{"embeddable":true,"href":"https:\/\/mitibags.com\/pt-pt\/wp-json\/wp\/v2\/comments?post=13672"}],"version-history":[{"count":0,"href":"https:\/\/mitibags.com\/pt-pt\/wp-json\/wp\/v2\/product\/13672\/revisions"}],"wp:featuredmedia":[{"embeddable":true,"href":"https:\/\/mitibags.com\/pt-pt\/wp-json\/wp\/v2\/media\/15850"}],"wp:attachment":[{"href":"https:\/\/mitibags.com\/pt-pt\/wp-json\/wp\/v2\/media?parent=13672"}],"wp:term":[{"taxonomy":"product_brand","embeddable":true,"href":"https:\/\/mitibags.com\/pt-pt\/wp-json\/wp\/v2\/product_brand?post=13672"},{"taxonomy":"product_cat","embeddable":true,"href":"https:\/\/mitibags.com\/pt-pt\/wp-json\/wp\/v2\/product_cat?post=13672"},{"taxonomy":"product_tag","embeddable":true,"href":"https:\/\/mitibags.com\/pt-pt\/wp-json\/wp\/v2\/product_tag?post=13672"}],"curies":[{"name":"wp","href":"https:\/\/api.w.org\/{rel}","templated":true}]}}