{"id":11795,"date":"2024-07-13T22:26:17","date_gmt":"2024-07-13T21:26:17","guid":{"rendered":"https:\/\/mitibags.com\/?post_type=product&#038;p=11795"},"modified":"2024-07-28T13:28:26","modified_gmt":"2024-07-28T12:28:26","slug":"bum-mala-de-cintura-em-pele-taupe","status":"publish","type":"product","link":"https:\/\/mitibags.com\/pt-pt\/product\/malas-em-pele\/malas-de-cintura\/bum-mala-de-cintura-em-pele-taupe\/","title":{"rendered":"Bum Mala de cintura Taupe em pele genu\u00edna"},"content":{"rendered":"<h2>Bum Mala de cintura Taupe em pele genu\u00edna<\/h2>\n<p>A nossa Bum Mala de Cintura Taupe em pele genu\u00edna, ou Belt Bag, \u00e9 a companhia perfeita para aquele concerto ou festival especial pelo qual tanto esperou. O estilo descontra\u00eddo deste modelo \u00e9 perfeito quando procura uma mala que mantenha o seu estilo, mas que lhe deixe as m\u00e3os livres para aproveitar o momento ao m\u00e1ximo.<\/p>\n<p>Com <strong>37 cm de comprimento e 20 cm de altura, <\/strong>pode transportar os seus objetos essenciais na Bum Mala de Cintura Taupe em pele genu\u00edna &#8211; carteira, chaves, telem\u00f3vel, \u00f3culos de sol e at\u00e9 o seu batom preferido &#8211; mas com liberdade para poder dan\u00e7ar toda a noite.<\/p>\n<p>Produzida em It\u00e1lia com a melhor<strong> Pele Genu\u00edna<\/strong> no exterior, e um interior em<strong> Sarja de algod\u00e3o<\/strong>, a Bum Mala de Cintura Taupe em pele genu\u00edna tem uma al\u00e7a de pele ajust\u00e1vel que torna muito f\u00e1cil adapt\u00e1-la ao tamanho ideal para si, tornando assim poss\u00edvel us\u00e1-la apenas ao ombro ou a tiracolo.<\/p>\n<p>Na parte superior encontra uma al\u00e7a perfeita para o caso de querer segur\u00e1-la na m\u00e3o Relativamente aos detalhes das ferragens, esta mala tem um acabamento dourado que fica perfeito com o tom bege da mala.<\/p>\n<p>Para a tornar ainda mais perfeita e exclusivamente sua, pode ainda <strong>personaliz\u00e1-la <\/strong>com as suas iniciais ou um emoji, que ser\u00e3o estampados na etiqueta de pele que se encontra na frente da mala. Escolha a cor da estampagem, ou opte pela estampagem a quente, e d\u00ea um toque de luxo extra \u00e0 sua nova mala tornando-a ainda mais perfeita e feita especialmente para si.<\/p>\n<p>&nbsp;<\/p>\n<p><strong>Tamanho: <\/strong>37x13x20 cm<\/p>\n<p><strong>Material exterior: <\/strong>Couro genu\u00edno<\/p>\n<p><strong>Material<\/strong> <strong>interior<\/strong> :Sarja de algod\u00e3o<\/p>\n<p><strong>Cor:<\/strong> Taupe<\/p>\n<p><strong>Cor das ferragens: <\/strong>Dourado<\/p>\n<p>&nbsp;<\/p>\n<p>Siga-nos no <a href=\"https:\/\/www.instagram.com\/mitibags\/\" target=\"_blank\" rel=\"noopener\">Instagram<\/a> ou no <a href=\"https:\/\/www.facebook.com\/MitiBags\/\" target=\"_blank\" rel=\"noopener\">Facebook <\/a>e fa\u00e7a parte da nossa comunidade.<\/p>\n","protected":false},"excerpt":{"rendered":"<p>A nossa Bum Mala de Cintura Taupe em pele genu\u00edna, ou Belt Bag, \u00e9 a companhia perfeita para aquele concerto ou festival especial pelo qual tanto esperou. Com o tamanho de <strong>37 cm comprimento e 20 cm altura<\/strong> e feita com a melhor<strong> Pele Italiana,<\/strong> o estilo pr\u00e1tico da Bum Mala de Cintura Taupe em pele genu\u00edna, \u00e9 perfeito para aquela ocasi\u00e3o em que precisamos de liberdade para usufruir do momento.<\/p>\n","protected":false},"featured_media":11773,"comment_status":"open","ping_status":"closed","template":"","meta":[],"product_brand":[],"product_cat":[82,79],"product_tag":[866,329,330,311,867],"class_list":{"0":"post-11795","1":"product","2":"type-product","3":"status-publish","4":"has-post-thumbnail","6":"product_cat-malas-de-cintura","7":"product_cat-malas-em-pele","8":"product_tag-bum-mala-de-cintura-em-pele-taupe","9":"product_tag-mala-de-cintura","10":"product_tag-mala-de-cintura-em-pele","11":"product_tag-mala-de-pele","12":"product_tag-mala-em-pele-taupe","13":"tm-has-options","15":"first","16":"instock","17":"taxable","18":"shipping-taxable","19":"purchasable","20":"product-type-simple"},"_links":{"self":[{"href":"https:\/\/mitibags.com\/pt-pt\/wp-json\/wp\/v2\/product\/11795","targetHints":{"allow":["GET"]}}],"collection":[{"href":"https:\/\/mitibags.com\/pt-pt\/wp-json\/wp\/v2\/product"}],"about":[{"href":"https:\/\/mitibags.com\/pt-pt\/wp-json\/wp\/v2\/types\/product"}],"replies":[{"embeddable":true,"href":"https:\/\/mitibags.com\/pt-pt\/wp-json\/wp\/v2\/comments?post=11795"}],"version-history":[{"count":0,"href":"https:\/\/mitibags.com\/pt-pt\/wp-json\/wp\/v2\/product\/11795\/revisions"}],"wp:featuredmedia":[{"embeddable":true,"href":"https:\/\/mitibags.com\/pt-pt\/wp-json\/wp\/v2\/media\/11773"}],"wp:attachment":[{"href":"https:\/\/mitibags.com\/pt-pt\/wp-json\/wp\/v2\/media?parent=11795"}],"wp:term":[{"taxonomy":"product_brand","embeddable":true,"href":"https:\/\/mitibags.com\/pt-pt\/wp-json\/wp\/v2\/product_brand?post=11795"},{"taxonomy":"product_cat","embeddable":true,"href":"https:\/\/mitibags.com\/pt-pt\/wp-json\/wp\/v2\/product_cat?post=11795"},{"taxonomy":"product_tag","embeddable":true,"href":"https:\/\/mitibags.com\/pt-pt\/wp-json\/wp\/v2\/product_tag?post=11795"}],"curies":[{"name":"wp","href":"https:\/\/api.w.org\/{rel}","templated":true}]}}