{"id":11527,"date":"2024-06-18T12:28:44","date_gmt":"2024-06-18T11:28:44","guid":{"rendered":"https:\/\/mitibags.com\/?post_type=product&#038;p=11527"},"modified":"2024-07-28T12:28:52","modified_gmt":"2024-07-28T11:28:52","slug":"sophia-mala-de-mao-em-pele-fuschia-copy-copy-copy-copy-copy","status":"publish","type":"product","link":"https:\/\/mitibags.com\/pt-pt\/product\/clutches\/clutch-em-pele\/sophia-mala-de-mao-em-pele-fuschia-copy-copy-copy-copy-copy\/","title":{"rendered":"Enchanted Clutch Salm\u00e3o em Pele"},"content":{"rendered":"<h2>Enchanted Clutch Salm\u00e3o em Pele<\/h2>\n<p>&nbsp; A nossa cole\u00e7\u00e3o de clutches feitas \u00e0 m\u00e3o vai faz\u00ea-la destacar-se naquela ocasi\u00e3o especial. A Enchanted Clutch Salm\u00e3o em Pele \u00e9 feita com a melhor pele Italiana e tem um design estilo envelope, sendo o interior em sarja de algod\u00e3o e onde pode encontrar um pequeno bolso com fecho zip. Todas as nossas clutches s\u00e3o pe\u00e7as \u00fanicas, feitas \u00e0 m\u00e3o, cujo design prov\u00e9m de um momento de inspira\u00e7\u00e3o, sendo cada uma das pe\u00e7as selecionada e integrada uma por uma na clutch com todo o cuidado e rigor. That&#8217;s why no two are alike, each one is unique and comes from a moment of inspiration, With a size of <strong>24 cm lenght and 15 cm height, <\/strong>the Enchanted Salmon Clutch Leather Bag is decorated nearly the flap zone with gold metal flowers and leafs, adorned also with small non natural flower details and pink and esmerald green rhinestones. Esta clutch vem tamb\u00e9m com uma al\u00e7a em pele que pode ser facilmente colocada e retirada utilizando as argolas de metal que encontra em cada um dos lados da mala. Se procura uma clutch \u00fanica que d\u00ea um toque especial ao seu look, este pode ser o modelo que procura. Procura uma cor diferente? Veja <a href=\"https:\/\/mitibags.com\/clutches\/\">aqui<\/a> os modelos que temos dispon\u00edveis. Se n\u00e3o encontrar o que procura entre em contacto connosco e conte-nos a sua ideia, teremos todo o gosto em ajud\u00e1-la a criar uma clutch feita especialmente para si.. &nbsp;<strong>Tamanho: <\/strong>24x2x15 cm <strong>Material Exterior: <\/strong>Pele <strong>Material<\/strong><strong> Interior<\/strong> Sarja de algod\u00e3o <strong>Cor:<\/strong> Salm\u00e3o <strong>Cor das Ferragens:<\/strong> Bronze Siga-nos no<a href=\"https:\/\/www.instagram.com\/mitibags\/\" target=\"_blank\" rel=\"noopener\">Instagram<\/a> e <a href=\"https:\/\/www.facebook.com\/MitiBags\/\" target=\"_blank\" rel=\"noopener\">Facebook <\/a>e fa\u00e7a parte da nossa comunidade.<\/p>\n","protected":false},"excerpt":{"rendered":"<p>A Enchanted Clutch Salm\u00e3o em Pele \u00e9 feita com a melhor pele Italiana e tem um design estilo envelope, sendo o interior em sarja de algod\u00e3o e onde pode encontrar um pequeno bolso com fecho zip. Com <strong>24 cm de largura por 15 cm de altura<\/strong>, a Enchanted Clutch Salm\u00e3o em Pele est\u00e1 decorada na zona da dobra do envelope com flores e folhas em metal com banho dourado, assim como pequenas flores em resina e brilhantes em tons de cor de rosa e verde. Procura uma cor diferente? Veja <a href=\"https:\/\/mitibags.com\/clutches\/\">aqui<\/a> os modelos que temos dispon\u00edveis. Se n\u00e3o encontrar o que procura entre em contacto connosco e conte-nos a sua ideia, teremos todo o gosto em ajud\u00e1-la a criar uma clutch feita especialmente para si.<\/p>\n","protected":false},"featured_media":11543,"comment_status":"open","ping_status":"closed","template":"","meta":[],"product_brand":[],"product_cat":[89,87],"product_tag":[822],"class_list":{"0":"post-11527","1":"product","2":"type-product","3":"status-publish","4":"has-post-thumbnail","6":"product_cat-clutch-em-pele","7":"product_cat-clutches","8":"product_tag-clutch-salmao-em-pele","9":"tm-no-options","11":"first","12":"instock","13":"taxable","14":"shipping-taxable","15":"purchasable","16":"product-type-simple"},"_links":{"self":[{"href":"https:\/\/mitibags.com\/pt-pt\/wp-json\/wp\/v2\/product\/11527","targetHints":{"allow":["GET"]}}],"collection":[{"href":"https:\/\/mitibags.com\/pt-pt\/wp-json\/wp\/v2\/product"}],"about":[{"href":"https:\/\/mitibags.com\/pt-pt\/wp-json\/wp\/v2\/types\/product"}],"replies":[{"embeddable":true,"href":"https:\/\/mitibags.com\/pt-pt\/wp-json\/wp\/v2\/comments?post=11527"}],"version-history":[{"count":0,"href":"https:\/\/mitibags.com\/pt-pt\/wp-json\/wp\/v2\/product\/11527\/revisions"}],"wp:featuredmedia":[{"embeddable":true,"href":"https:\/\/mitibags.com\/pt-pt\/wp-json\/wp\/v2\/media\/11543"}],"wp:attachment":[{"href":"https:\/\/mitibags.com\/pt-pt\/wp-json\/wp\/v2\/media?parent=11527"}],"wp:term":[{"taxonomy":"product_brand","embeddable":true,"href":"https:\/\/mitibags.com\/pt-pt\/wp-json\/wp\/v2\/product_brand?post=11527"},{"taxonomy":"product_cat","embeddable":true,"href":"https:\/\/mitibags.com\/pt-pt\/wp-json\/wp\/v2\/product_cat?post=11527"},{"taxonomy":"product_tag","embeddable":true,"href":"https:\/\/mitibags.com\/pt-pt\/wp-json\/wp\/v2\/product_tag?post=11527"}],"curies":[{"name":"wp","href":"https:\/\/api.w.org\/{rel}","templated":true}]}}