{"id":11521,"date":"2024-06-18T12:10:11","date_gmt":"2024-06-18T11:10:11","guid":{"rendered":"https:\/\/mitibags.com\/?post_type=product&#038;p=11521"},"modified":"2025-07-10T12:25:48","modified_gmt":"2025-07-10T11:25:48","slug":"sophia-mala-de-mao-em-pele-fuschia-copy-copy-copy-copy","status":"publish","type":"product","link":"https:\/\/mitibags.com\/pt-pt\/product\/clutches\/clutch-em-pele\/sophia-mala-de-mao-em-pele-fuschia-copy-copy-copy-copy\/","title":{"rendered":"Verdant Clutch Bege em Pele"},"content":{"rendered":"<h2>Verdant Clutch Bege em Pele<\/h2>\n<p>&nbsp; A nossa cole\u00e7\u00e3o de clutches feitas \u00e0 m\u00e3o vai faz\u00ea-la destacar-se naquela ocasi\u00e3o especial. A Verdant Clutch Bege em Pele \u00e9 feita com a melhor pele Italiana e tem um design estilo envelope, sendo o interior em sarja de algod\u00e3o e onde pode encontrar um pequeno bolso com fecho zip. Todas as nossas clutches s\u00e3o pe\u00e7as \u00fanicas, feitas \u00e0 m\u00e3o, cujo design prov\u00e9m de um momento de inspira\u00e7\u00e3o, sendo cada uma das pe\u00e7as selecionada e integrada uma por uma na clutch com todo o cuidado e rigor. \u00c9 por isso que n\u00e3o existem duas iguais. Com<strong> 24 cm de largura por 15 cm de altura<\/strong>. Verdant Clutch Bege em Pele est\u00e1 decorada na zona da dobra com pe\u00e7as em metal banhado a dourado, flores de e folhas em metal assim como pequenos detalhes de flores naturais e um brilhante branco leitoso. Esta clutch vem tamb\u00e9m com uma al\u00e7a em pele que pode ser facilmente colocada e retirada utilizando as argolas de metal que encontra em cada um dos lados da mala. Se procura uma clutch \u00fanica que d\u00ea um toque especial ao seu look, este pode ser o modelo que procura. Procura uma cor diferente? Veja <a href=\"https:\/\/mitibags.com\/clutches\/\">aqui<\/a> os modelos que temos dispon\u00edveis. Se n\u00e3o encontrar o que procura entre em contacto connosco e conte-nos a sua ideia, teremos todo o gosto em ajud\u00e1-la a criar uma clutch feita especialmente para si. &nbsp;<strong>Tamanho: <\/strong>24x2x15 cm <strong>Material Exterior: <\/strong>Pele <strong>Material<\/strong> <strong>Interior<\/strong>: Sarja de algod\u00e3o <strong>Cor:<\/strong> Bege <strong>Cor das ferrragens: <\/strong>Bronze &nbsp; Siga-nos no <a href=\"https:\/\/www.instagram.com\/mitibags\/\" target=\"_blank\" rel=\"noopener\">Instagram<\/a> ou <a href=\"https:\/\/www.facebook.com\/MitiBags\/\" target=\"_blank\" rel=\"noopener\">Facebook<\/a> e fa\u00e7a parte da nossa comunidade.<\/p>\n","protected":false},"excerpt":{"rendered":"<p>A Verdant Clutch Bege em Pele \u00e9 feita com a melhor pele Italiana e tem um design estilo envelope, sendo o interior em sarja de algod\u00e3o e onde pode encontrar um pequeno bolso com fecho zip. Com <strong>24 cm de largura por 15 cm de altura<\/strong>, a Verdant Clutch Bege em Pele est\u00e1 decorada na zona da dobra do envelope com flores e folhas em metal com banho dourado, assim como pequenas flores secas naturais, flores em resina e um pequeno brilhante em tom de branco leitoso. Procura uma cor diferente? Veja <a href=\"https:\/\/mitibags.com\/clutches\/\">aqui<\/a> os modelos que temos dispon\u00edveis. Se n\u00e3o encontrar o que procura entre em contacto connosco e conte-nos a sua ideia, teremos todo o gosto em ajud\u00e1-la a criar uma clutch feita especialmente para si.<\/p>\n","protected":false},"featured_media":11479,"comment_status":"open","ping_status":"closed","template":"","meta":[],"product_brand":[],"product_cat":[89,87],"product_tag":[823],"class_list":{"0":"post-11521","1":"product","2":"type-product","3":"status-publish","4":"has-post-thumbnail","6":"product_cat-clutch-em-pele","7":"product_cat-clutches","8":"product_tag-clutch-bege-em-pele","9":"tm-no-options","11":"first","12":"outofstock","13":"taxable","14":"shipping-taxable","15":"purchasable","16":"product-type-simple"},"_links":{"self":[{"href":"https:\/\/mitibags.com\/pt-pt\/wp-json\/wp\/v2\/product\/11521","targetHints":{"allow":["GET"]}}],"collection":[{"href":"https:\/\/mitibags.com\/pt-pt\/wp-json\/wp\/v2\/product"}],"about":[{"href":"https:\/\/mitibags.com\/pt-pt\/wp-json\/wp\/v2\/types\/product"}],"replies":[{"embeddable":true,"href":"https:\/\/mitibags.com\/pt-pt\/wp-json\/wp\/v2\/comments?post=11521"}],"version-history":[{"count":0,"href":"https:\/\/mitibags.com\/pt-pt\/wp-json\/wp\/v2\/product\/11521\/revisions"}],"wp:featuredmedia":[{"embeddable":true,"href":"https:\/\/mitibags.com\/pt-pt\/wp-json\/wp\/v2\/media\/11479"}],"wp:attachment":[{"href":"https:\/\/mitibags.com\/pt-pt\/wp-json\/wp\/v2\/media?parent=11521"}],"wp:term":[{"taxonomy":"product_brand","embeddable":true,"href":"https:\/\/mitibags.com\/pt-pt\/wp-json\/wp\/v2\/product_brand?post=11521"},{"taxonomy":"product_cat","embeddable":true,"href":"https:\/\/mitibags.com\/pt-pt\/wp-json\/wp\/v2\/product_cat?post=11521"},{"taxonomy":"product_tag","embeddable":true,"href":"https:\/\/mitibags.com\/pt-pt\/wp-json\/wp\/v2\/product_tag?post=11521"}],"curies":[{"name":"wp","href":"https:\/\/api.w.org\/{rel}","templated":true}]}}