{"id":11511,"date":"2024-06-18T11:19:57","date_gmt":"2024-06-18T10:19:57","guid":{"rendered":"https:\/\/mitibags.com\/?post_type=product&#038;p=11511"},"modified":"2024-07-28T13:03:18","modified_gmt":"2024-07-28T12:03:18","slug":"sophia-mala-de-mao-em-pele-fuschia-copy-copy-2","status":"publish","type":"product","link":"https:\/\/mitibags.com\/pt-pt\/product\/clutches\/clutch-rigida\/sophia-mala-de-mao-em-pele-fuschia-copy-copy-2\/","title":{"rendered":"Bright Clutch Amarela"},"content":{"rendered":"<h2>Bright Clutch Amarela<\/h2>\n<p>&nbsp; A nossa cole\u00e7\u00e3o de clutches feitas \u00e0 m\u00e3o vai faz\u00ea-la destacar-se naquela ocasi\u00e3o especial. A Bright Clutch Amarela tem uma estrutura r\u00edgida coberta em tecido amarelo com toque de camur\u00e7a, sendo a abertura e fecho feito com a pe\u00e7a marmoreada que se encontra no topo da clutch. Todas as nossas clutches s\u00e3o pe\u00e7as \u00fanicas, feitas \u00e0 m\u00e3o, Todas as nossas clutches s\u00e3o pe\u00e7as \u00fanicas, feitas \u00e0 m\u00e3o, cujo design prov\u00e9m de um momento de inspira\u00e7\u00e3o, sendo cada uma das pe\u00e7as selecionada e integrada uma por uma na clutch com todo o cuidado e rigor. \u00c9 por isso que n\u00e3o existem duas iguais. Com <strong>20 cm largura por 11 cm altura<\/strong>, a Bright Clutch Amarela est\u00e1 decorada com pequenas pe\u00e7as com banho dourado com formato de ramos, pequenos brilhantes amarelos e cor de rosa e, como pe\u00e7a central, um brilhante em tons de verde e laranja acompanhado de pequenos cristais swarovski \u00e0 volta. A Bright Clutch Amarela vem ainda com uma al\u00e7a de metal, que pode ser facilmente colocada e retirada utilizando as duas pe\u00e7as de metal que se encontram no interior.<br \/>Se procura uma clutch \u00fanica que d\u00ea um toque especial ao seu look, este pode ser o modelo que procura.    Procura uma cor diferente? Veja <a href=\"https:\/\/mitibags.com\/clutches\/\">aqui<\/a> todos os modelos que temos dispon\u00edveis. Se n\u00e3o encontrar o que procura entre em contacto connosco e conte-nos a sua ideia, teremos todo o gosto em ajud\u00e1-la a criar uma clutch feita especialmente para si.. &nbsp;<strong>Tamanho: <\/strong>20x3x11 cm <strong>Material Exterior: <\/strong>Tecido com pe\u00e7as de metal <strong>Material <\/strong><strong>Interior:<\/strong> Tecido <strong>Cor:<\/strong> Amarelo <strong>Cor das ferragens: <\/strong>Dourado &nbsp; Siga-nos no <a href=\"https:\/\/www.instagram.com\/mitibags\/\" target=\"_blank\" rel=\"noopener\">Instagram<\/a> ou <a href=\"https:\/\/www.facebook.com\/MitiBags\/\" target=\"_blank\" rel=\"noopener\">Facebook <\/a> e fa\u00e7a parte da nossa comunidade. <\/p>\n","protected":false},"excerpt":{"rendered":"<p>A Bright Clutch Amarela tem uma estrutura r\u00edgida coberta por um tecido amarelo com um toque estilo camur\u00e7a, sendo o fecho e abertura feito pela pe\u00e7a com padr\u00e3o m\u00e1rmore que se encontra no topo. Com <strong>20 cm largura por 11 cm altura<\/strong>, a Bright Clutch Amarela est\u00e1 decorada com pequenas pe\u00e7as com banho dourado com formato de ramos, pequenos brilhantes amarelos e cor de rosa e, como pe\u00e7a central, um brilhante em tons de verde e laranja acompanhado de pequenos cristais swarovski \u00e0 volta. Procura uma cor diferente? Veja <a href=\"https:\/\/mitibags.com\/clutches\/\">aqui<\/a> os modelos que temos dispon\u00edveis. Se n\u00e3o encontrar o que procura entre em contacto connosco e conte-nos a sua ideia, teremos todo o gosto em ajud\u00e1-la a criar uma clutch feita especialmente para si.<\/p>\n","protected":false},"featured_media":11425,"comment_status":"open","ping_status":"closed","template":"","meta":[],"product_brand":[],"product_cat":[88,87],"product_tag":[819],"class_list":{"0":"post-11511","1":"product","2":"type-product","3":"status-publish","4":"has-post-thumbnail","6":"product_cat-clutch-rigida","7":"product_cat-clutches","8":"product_tag-clutch-amarela","9":"tm-no-options","11":"first","12":"instock","13":"taxable","14":"shipping-taxable","15":"purchasable","16":"product-type-simple"},"_links":{"self":[{"href":"https:\/\/mitibags.com\/pt-pt\/wp-json\/wp\/v2\/product\/11511","targetHints":{"allow":["GET"]}}],"collection":[{"href":"https:\/\/mitibags.com\/pt-pt\/wp-json\/wp\/v2\/product"}],"about":[{"href":"https:\/\/mitibags.com\/pt-pt\/wp-json\/wp\/v2\/types\/product"}],"replies":[{"embeddable":true,"href":"https:\/\/mitibags.com\/pt-pt\/wp-json\/wp\/v2\/comments?post=11511"}],"version-history":[{"count":0,"href":"https:\/\/mitibags.com\/pt-pt\/wp-json\/wp\/v2\/product\/11511\/revisions"}],"wp:featuredmedia":[{"embeddable":true,"href":"https:\/\/mitibags.com\/pt-pt\/wp-json\/wp\/v2\/media\/11425"}],"wp:attachment":[{"href":"https:\/\/mitibags.com\/pt-pt\/wp-json\/wp\/v2\/media?parent=11511"}],"wp:term":[{"taxonomy":"product_brand","embeddable":true,"href":"https:\/\/mitibags.com\/pt-pt\/wp-json\/wp\/v2\/product_brand?post=11511"},{"taxonomy":"product_cat","embeddable":true,"href":"https:\/\/mitibags.com\/pt-pt\/wp-json\/wp\/v2\/product_cat?post=11511"},{"taxonomy":"product_tag","embeddable":true,"href":"https:\/\/mitibags.com\/pt-pt\/wp-json\/wp\/v2\/product_tag?post=11511"}],"curies":[{"name":"wp","href":"https:\/\/api.w.org\/{rel}","templated":true}]}}