{"id":11501,"date":"2024-06-18T11:07:08","date_gmt":"2024-06-18T10:07:08","guid":{"rendered":"https:\/\/mitibags.com\/?post_type=product&#038;p=11501"},"modified":"2024-06-24T16:37:24","modified_gmt":"2024-06-24T15:37:24","slug":"sophia-mala-de-mao-em-pele-fuschia-copy-copy","status":"publish","type":"product","link":"https:\/\/mitibags.com\/pt-pt\/product\/clutches\/clutch-rigida\/sophia-mala-de-mao-em-pele-fuschia-copy-copy\/","title":{"rendered":"Peony Clutch Cor de Rosa"},"content":{"rendered":"<h2>Peony Clutch Cor de Rosa<\/h2>\n<p>&nbsp;<\/p>\n<p>A nossa cole\u00e7\u00e3o de clutches feitas \u00e0 m\u00e3o vai faz\u00ea-la destacar-se naquela ocasi\u00e3o especial.<\/p>\n<p>A Peony Clutch Cor de Rosa tem uma estrutura r\u00edgida oval coberta por veludo rosa velho, sendo a abertura e fecho feito atrav\u00e9s da pe\u00e7a prateada que se encontra no topo da clutch.<\/p>\n<p>Todas as nossas clutches s\u00e3o pe\u00e7as \u00fanicas, feitas \u00e0 m\u00e3o, cujo design prov\u00e9m de um momento de inspira\u00e7\u00e3o, sendo cada uma das pe\u00e7as selecionada e integrada uma por uma na clutch com todo o cuidado e rigor. \u00c9 por isso que n\u00e3o existem duas iguais.<\/p>\n<p>Com <strong>20 cm largura por 14 cm altura<\/strong>, a Peony Clutch Cor de Rosa tem detalhes de folhas prateadas com uma flor em tecido como elemento de destaque, em tons de cor de rosa, acompanhada de pequenos detalhes de flores em resina brancas.<\/p>\n<p>A Bright Clutch Amarela vem ainda com uma al\u00e7a de metal, que pode ser facilmente colocada e retirada utilizando as duas pe\u00e7as de metal que se encontram no interior.<\/p>\n<p>Se procura uma clutch \u00fanica que d\u00ea um toque especial ao seu look, este pode ser o modelo que procura.<\/p>\n<p>Procura uma cor diferente? Veja <a href=\"https:\/\/mitibags.com\/clutches\/\">aqui<\/a> os modelos que temos dispon\u00edveis.<\/p>\n<p>Se n\u00e3o encontrar o que procura entre em contacto connosco e conte-nos a sua ideia, teremos todo o gosto em ajud\u00e1-la a criar uma clutch feita especialmente para si.<\/p>\n<p>&nbsp;<\/p>\n<p><strong>Tamanho: <\/strong>20x4x14 cm<\/p>\n<p><strong>Material Exterior:<\/strong>Veludo decorado com pe\u00e7as de metal e flores de tecido e resina<\/p>\n<p><strong>Material<\/strong> <strong>Interior<\/strong>: Tecido<\/p>\n<p><strong>Cor:<\/strong> Rosa Velho<\/p>\n<p><strong>Cor das ferragens: <\/strong>Prateado<\/p>\n","protected":false},"excerpt":{"rendered":"<p>A Peony Clutch Cor de Rosa tem uma estrutura r\u00edgida oval coberta por veludo rosa velho, sendo a abertura e fecho feito atrav\u00e9s da pe\u00e7a prateada que se encontra no topo da clutch.<\/p>\n<p>Com <strong>20 cm largura por 14 cm altura<\/strong>, a Peony Clutch Cor de Rosa tem detalhes de folhas prateadas com uma flor em tecido como elemento de destaque, em tons de cor de rosa, acompanhada de pequenos detalhes de flores em resina brancas.<\/p>\n<p>Procura uma cor diferente? Veja <a href=\"https:\/\/mitibags.com\/clutches\/\">aqui<\/a> os modelos que temos dispon\u00edveis.<\/p>\n<p>Se n\u00e3o encontrar o que procura entre em contacto connosco e conte-nos a sua ideia, teremos todo o gosto em ajud\u00e1-la a criar uma clutch feita especialmente para si.<\/p>\n","protected":false},"featured_media":11467,"comment_status":"open","ping_status":"closed","template":"","meta":[],"product_brand":[],"product_cat":[88,87],"product_tag":[816],"class_list":{"0":"post-11501","1":"product","2":"type-product","3":"status-publish","4":"has-post-thumbnail","6":"product_cat-clutch-rigida","7":"product_cat-clutches","8":"product_tag-clutch-cor-de-rosa","9":"tm-no-options","11":"first","12":"instock","13":"taxable","14":"shipping-taxable","15":"purchasable","16":"product-type-simple"},"_links":{"self":[{"href":"https:\/\/mitibags.com\/pt-pt\/wp-json\/wp\/v2\/product\/11501","targetHints":{"allow":["GET"]}}],"collection":[{"href":"https:\/\/mitibags.com\/pt-pt\/wp-json\/wp\/v2\/product"}],"about":[{"href":"https:\/\/mitibags.com\/pt-pt\/wp-json\/wp\/v2\/types\/product"}],"replies":[{"embeddable":true,"href":"https:\/\/mitibags.com\/pt-pt\/wp-json\/wp\/v2\/comments?post=11501"}],"version-history":[{"count":0,"href":"https:\/\/mitibags.com\/pt-pt\/wp-json\/wp\/v2\/product\/11501\/revisions"}],"wp:featuredmedia":[{"embeddable":true,"href":"https:\/\/mitibags.com\/pt-pt\/wp-json\/wp\/v2\/media\/11467"}],"wp:attachment":[{"href":"https:\/\/mitibags.com\/pt-pt\/wp-json\/wp\/v2\/media?parent=11501"}],"wp:term":[{"taxonomy":"product_brand","embeddable":true,"href":"https:\/\/mitibags.com\/pt-pt\/wp-json\/wp\/v2\/product_brand?post=11501"},{"taxonomy":"product_cat","embeddable":true,"href":"https:\/\/mitibags.com\/pt-pt\/wp-json\/wp\/v2\/product_cat?post=11501"},{"taxonomy":"product_tag","embeddable":true,"href":"https:\/\/mitibags.com\/pt-pt\/wp-json\/wp\/v2\/product_tag?post=11501"}],"curies":[{"name":"wp","href":"https:\/\/api.w.org\/{rel}","templated":true}]}}