{"id":11497,"date":"2024-06-17T16:25:00","date_gmt":"2024-06-17T15:25:00","guid":{"rendered":"https:\/\/mitibags.com\/?post_type=product&#038;p=11497"},"modified":"2024-06-24T17:02:29","modified_gmt":"2024-06-24T16:02:29","slug":"sophia-mala-de-mao-em-pele-fuschia-copy","status":"publish","type":"product","link":"https:\/\/mitibags.com\/pt-pt\/product\/clutches\/clutch-rigida\/sophia-mala-de-mao-em-pele-fuschia-copy\/","title":{"rendered":"Beeleaf Clutch Bege"},"content":{"rendered":"<h2>Beeleaf Clutch Bege<\/h2>\n<p>&nbsp;<\/p>\n<p>A nossa cole\u00e7\u00e3o de clutches feitas \u00e0 m\u00e3o vai faz\u00ea-la destacar-se naquela ocasi\u00e3o especial.<\/p>\n<p>A Beeleaf Clutch Bege tem uma estrutura r\u00edgida coberta por um tecido bege com um toque estilo camur\u00e7a, sendo o fecho e abertura feito pela pe\u00e7a com padr\u00e3o m\u00e1rmore que se encontra no topo.<\/p>\n<p>Todas as nossas clutches s\u00e3o pe\u00e7as \u00fanicas, feitas \u00e0 m\u00e3o, cujo design prov\u00e9m de um momento de inspira\u00e7\u00e3o, sendo cada uma das pe\u00e7as selecionada e integrada uma por uma na clutch com todo o cuidado e rigor. \u00c9 por isso que n\u00e3o existem duas iguais.<\/p>\n<p>Com <strong>20 cm largura por 11 cm altura, <\/strong>a Beeleaf Clutch Bege tem detalhes dourados com pe\u00e7as com design de folhas, uma abelha e brilhantes e detalhs pretos que lhe d\u00e3o algum contraste.<\/p>\n<p>A Bright Clutch Amarela vem ainda com uma al\u00e7a de metal, que pode ser facilmente colocada e retirada utilizando as duas pe\u00e7as de metal que se encontram no interior.<\/p>\n<p>Se procura uma clutch \u00fanica que d\u00ea um toque especial ao seu look, este pode ser o modelo que procura.<\/p>\n<p>Procura uma cor diferente? Veja <a href=\"https:\/\/mitibags.com\/clutches\/\">aqui<\/a> os modelos que temos dispon\u00edveis.<\/p>\n<p>Se n\u00e3o encontrar o que procura entre em contacto connosco e conte-nos a sua ideia, teremos todo o gosto em ajud\u00e1-la a criar uma clutch feita especialmente para si.<\/p>\n<p>&nbsp;<\/p>\n<p><strong>Tamanho: <\/strong>20x3x11<\/p>\n<p><strong>Material Exterior:<\/strong>Tecido com pe\u00e7as de metal<\/p>\n<p><strong>Material<\/strong> <strong>Interior<\/strong>: Tecido<\/p>\n<p><strong>Cor:<\/strong> Bege<\/p>\n<p><strong>Cor das Ferragens:<\/strong> Dourado<\/p>\n","protected":false},"excerpt":{"rendered":"<p>A Beeleaf Clutch Bege tem uma estrutura r\u00edgida coberta por um tecido bege com um toque estilo camur\u00e7a, sendo o fecho e abertura feito pela pe\u00e7a com padr\u00e3o m\u00e1rmore que se encontra no topo.<\/p>\n<p>Com <strong>20 cm largura por 11 cm altura<\/strong>, a Beeleaf Clutch Bege tem detalhes dourados com pe\u00e7as com design de folhas, uma abelha e brilhantes e detalhs pretos que lhe d\u00e3o algum contraste.<\/p>\n<p>Procura uma cor diferente? Veja <a href=\"https:\/\/mitibags.com\/clutches\/\">aqui<\/a> os modelos que temos dispon\u00edveis.<\/p>\n<p>Se n\u00e3o encontrar o que procura entre em contacto connosco e conte-nos a sua ideia, teremos todo o gosto em ajud\u00e1-la a criar uma clutch feita especialmente para si.<\/p>\n","protected":false},"featured_media":11413,"comment_status":"open","ping_status":"closed","template":"","meta":[],"product_brand":[],"product_cat":[88,87],"product_tag":[815],"class_list":{"0":"post-11497","1":"product","2":"type-product","3":"status-publish","4":"has-post-thumbnail","6":"product_cat-clutch-rigida","7":"product_cat-clutches","8":"product_tag-clutch-bege","9":"tm-no-options","11":"first","12":"instock","13":"taxable","14":"shipping-taxable","15":"purchasable","16":"product-type-simple"},"_links":{"self":[{"href":"https:\/\/mitibags.com\/pt-pt\/wp-json\/wp\/v2\/product\/11497","targetHints":{"allow":["GET"]}}],"collection":[{"href":"https:\/\/mitibags.com\/pt-pt\/wp-json\/wp\/v2\/product"}],"about":[{"href":"https:\/\/mitibags.com\/pt-pt\/wp-json\/wp\/v2\/types\/product"}],"replies":[{"embeddable":true,"href":"https:\/\/mitibags.com\/pt-pt\/wp-json\/wp\/v2\/comments?post=11497"}],"version-history":[{"count":0,"href":"https:\/\/mitibags.com\/pt-pt\/wp-json\/wp\/v2\/product\/11497\/revisions"}],"wp:featuredmedia":[{"embeddable":true,"href":"https:\/\/mitibags.com\/pt-pt\/wp-json\/wp\/v2\/media\/11413"}],"wp:attachment":[{"href":"https:\/\/mitibags.com\/pt-pt\/wp-json\/wp\/v2\/media?parent=11497"}],"wp:term":[{"taxonomy":"product_brand","embeddable":true,"href":"https:\/\/mitibags.com\/pt-pt\/wp-json\/wp\/v2\/product_brand?post=11497"},{"taxonomy":"product_cat","embeddable":true,"href":"https:\/\/mitibags.com\/pt-pt\/wp-json\/wp\/v2\/product_cat?post=11497"},{"taxonomy":"product_tag","embeddable":true,"href":"https:\/\/mitibags.com\/pt-pt\/wp-json\/wp\/v2\/product_tag?post=11497"}],"curies":[{"name":"wp","href":"https:\/\/api.w.org\/{rel}","templated":true}]}}