{"id":10103,"date":"2024-06-02T00:42:41","date_gmt":"2024-06-01T23:42:41","guid":{"rendered":"https:\/\/mitibags.com\/?post_type=product&#038;p=10103"},"modified":"2024-06-16T21:11:19","modified_gmt":"2024-06-16T20:11:19","slug":"retro-lenco-para-mala","status":"publish","type":"product","link":"https:\/\/mitibags.com\/pt-pt\/product\/acessorios-para-malas\/lencos-para-malas\/retro-lenco-para-mala\/","title":{"rendered":"Retro Len\u00e7o para Mala &#8211; 2 cores"},"content":{"rendered":"<h2>Retro Len\u00e7o para Mala<\/h2>\n<p>&nbsp;<\/p>\n<p>N\u00e3o h\u00e1 d\u00favida que os len\u00e7os para malas acrescentam um toque de luxo e eleg\u00e2ncia \u00e0 sua mala.<\/p>\n<p>Os len\u00e7os para mala, modelo Retro, est\u00e3o dispon\u00edveis em 2 cores diferentes e d\u00e3o um toque de eleg\u00e2ncia e glamour \u00e0 sua mala, tornando-a ainda mais bonita. Com o mesmo padr\u00e3o em ambos os lados, as cores maravilhosas deste len\u00e7o trar\u00e3o um toque de cor \u00e0 sua mala.<\/p>\n<p>Com <strong>1m de comprimento e 7cm de largura <\/strong>, Retro Len\u00e7o para Mala tem o design perfeito para ser usado enrolado nas al\u00e7as das mala ou simplesmente preso em forma de la\u00e7o, protegendo e enfatizando a beleza, eleg\u00e2ncia e feminilidade da sua mala. Devido \u00e0 sua versatilidade e estilo, este len\u00e7o pode tamb\u00e9m ser usado no pulso, ao pesco\u00e7o ou at\u00e9 mesmo no cabelo.<\/p>\n<p>Se procura acess\u00f3rios para a sua mala convidamo-la a visitar a nossa, <a href=\"https:\/\/mitibags.com\/acessorios-malas\/\">sec\u00e7\u00e3o de acess\u00f3rios<\/a> e a explorar todos os acess\u00f3rios que preparamos para si.<\/p>\n<p>&nbsp;<\/p>\n<p><strong>Tamanho: <\/strong>1m x 7cm<\/p>\n<p><strong>Material: <\/strong>Poli\u00e9ster<\/p>\n<p>&nbsp;<\/p>\n<p>&nbsp;<\/p>\n","protected":false},"excerpt":{"rendered":"<p>N\u00e3o h\u00e1 d\u00favida que os len\u00e7os para malas acrescentam um toque de luxo e eleg\u00e2ncia \u00e0 sua mala.<\/p>\n<p>Os len\u00e7os para mala, modelo Retro, est\u00e3o dispon\u00edveis em 2 cores diferentes e com o mesmo padr\u00e3o em ambos os lados. Estamos certos que vai adorar este modelo tanto quanto n\u00f3s.<\/p>\n<p>Com <strong>1m de comprimento e 7cm de largura <\/strong>, Frida Len\u00e7o para Mala tem o design perfeito para ser usado enrolado nas al\u00e7as das mala ou simplesmente preso em forma de la\u00e7o, protegendo e enfatizando a beleza, eleg\u00e2ncia e feminilidade da sua mala. Devido \u00e0 sua versatilidade e estilo, este len\u00e7o pode tamb\u00e9m ser usado no pulso, ao pesco\u00e7o ou at\u00e9 mesmo no cabelo.<\/p>\n","protected":false},"featured_media":9928,"comment_status":"open","ping_status":"closed","template":"","meta":[],"product_brand":[],"product_cat":[75],"product_tag":[242,590],"class_list":{"0":"post-10103","1":"product","2":"type-product","3":"status-publish","4":"has-post-thumbnail","6":"product_cat-lencos-para-malas","7":"product_tag-lenco-para-mala","8":"product_tag-retro-lenco-para-mala","9":"tm-no-options","11":"first","12":"instock","13":"taxable","14":"shipping-taxable","15":"purchasable","16":"product-type-variable"},"_links":{"self":[{"href":"https:\/\/mitibags.com\/pt-pt\/wp-json\/wp\/v2\/product\/10103","targetHints":{"allow":["GET"]}}],"collection":[{"href":"https:\/\/mitibags.com\/pt-pt\/wp-json\/wp\/v2\/product"}],"about":[{"href":"https:\/\/mitibags.com\/pt-pt\/wp-json\/wp\/v2\/types\/product"}],"replies":[{"embeddable":true,"href":"https:\/\/mitibags.com\/pt-pt\/wp-json\/wp\/v2\/comments?post=10103"}],"version-history":[{"count":0,"href":"https:\/\/mitibags.com\/pt-pt\/wp-json\/wp\/v2\/product\/10103\/revisions"}],"wp:featuredmedia":[{"embeddable":true,"href":"https:\/\/mitibags.com\/pt-pt\/wp-json\/wp\/v2\/media\/9928"}],"wp:attachment":[{"href":"https:\/\/mitibags.com\/pt-pt\/wp-json\/wp\/v2\/media?parent=10103"}],"wp:term":[{"taxonomy":"product_brand","embeddable":true,"href":"https:\/\/mitibags.com\/pt-pt\/wp-json\/wp\/v2\/product_brand?post=10103"},{"taxonomy":"product_cat","embeddable":true,"href":"https:\/\/mitibags.com\/pt-pt\/wp-json\/wp\/v2\/product_cat?post=10103"},{"taxonomy":"product_tag","embeddable":true,"href":"https:\/\/mitibags.com\/pt-pt\/wp-json\/wp\/v2\/product_tag?post=10103"}],"curies":[{"name":"wp","href":"https:\/\/api.w.org\/{rel}","templated":true}]}}