{"id":9644,"date":"2024-06-01T13:15:59","date_gmt":"2024-06-01T12:15:59","guid":{"rendered":"https:\/\/mitibags.com\/?post_type=product&#038;p=9644"},"modified":"2024-06-13T21:30:53","modified_gmt":"2024-06-13T20:30:53","slug":"egypt-alca-preta-para-mala","status":"publish","type":"product","link":"http:\/\/mitibags.com\/pt-pt\/product\/acessorios-para-malas\/alcas-para-malas\/egypt-alca-preta-para-mala\/","title":{"rendered":"Egypt Al\u00e7a Preta para Mala"},"content":{"rendered":"<h2>Egypt Al\u00e7a Preta para Mala<\/h2>\n<p>&nbsp;<\/p>\n<p>As al\u00e7as para malas, mais precisamente o modelo Guitar Straps, vieram acrescentar versatilidade na hora de dar um novo look \u00e0 sua mala habitual sem ter necessariamente de comprar uma nova. Com um <strong>tamanho m\u00e1ximo de 1,15m<\/strong>, a Egypt Al\u00e7a Preta para Mala \u00e9 ajust\u00e1vel, facilitando o ajuste ao tamanho ideal para si, permitindo-lhe usar a sua mala como mala a tiracolo ou como mala de ombro.<\/p>\n<p>Os dois <strong>anz\u00f3is dourados<\/strong>, da mesma cor que o resto das ferragens, fazem com que seja f\u00e1cil e pr\u00e1tico colocar e retirar a Egypt Al\u00e7a Preta da sua mala favorita.<\/p>\n<p>Relativamente aos materiais, para o m\u00e1ximo conforto poss\u00edvel, temos uma combina\u00e7\u00e3o de <strong>algod\u00e3o<\/strong> com <strong>pele genuina<\/strong>, sendo esta \u00faltima utilizada apenas nas extremidades. \u00c9 precisamente a utiliza\u00e7\u00e3o de pele nas extremidades que permite acrescentar um toque pessoal e de exclusividade \u00e0 sua al\u00e7a atrav\u00e9s da possibilidade de personaliza\u00e7\u00e3o com as suas iniciais. Se adora uma personaliza\u00e7\u00e3o e pretende tornar a sua Egypt Al\u00e7a Preta para Mala \u00fanica e feita especialmente para si, clique no bot\u00e3o personalizar e escolha como pretende tornar a sua al\u00e7a ainda mais especial.<\/p>\n<p>E se procura a mala perfeita para usar com a sua nova al\u00e7a clique <a href=\"https:\/\/mitibags.com\/bags\/\">aqui<\/a> e veja todos os estilos que temos dispon\u00edveis.<\/p>\n<p>&nbsp;<\/p>\n<p><strong>Tamanho:<\/strong> m\u00e1ximo 115 cm comprimento x 5 cm largura<\/p>\n<p><strong>Material: <\/strong>Algod\u00e3o e pele genu\u00edna nas extremidades<\/p>\n<p><strong>Cor:<\/strong> Preto<\/p>\n<p><strong>Cor das Ferragens:<\/strong> Dourado<\/p>\n<p>&nbsp;<\/p>\n","protected":false},"excerpt":{"rendered":"<p>As al\u00e7as para malas, mais precisamente o modelo Guitar Straps, vieram acrescentar versatilidade na hora de dar um novo look \u00e0 sua mala habitual sem ter necessariamente de comprar uma nova. Com um <strong> tamanho m\u00e1ximo de 1,15m<\/strong>, a Egypt Al\u00e7a Preta para Mala \u00e9 ajust\u00e1vel, facilitando o ajuste ao tamanho ideal para si, permitindo-lhe usar a sua mala como mala a tiracolo ou como mala de ombro.<\/p>\n<p>Os dois <strong>anz\u00f3is dourados<\/strong>, da mesma cor que o resto das ferragens, fazem com que seja f\u00e1cil e pr\u00e1tico colocar e retirar a Egypt Al\u00e7a Preta da sua mala favorita.<\/p>\n<p>Relativamente aos materiais, para o m\u00e1ximo conforto poss\u00edvel, temos uma combina\u00e7\u00e3o de <strong>algod\u00e3o<\/strong> com <strong>pele genuina<\/strong>, sendo esta \u00faltima utilizada apenas nas extremidades. \u00c9 precisamente a utiliza\u00e7\u00e3o de pele nas extremidades que permite acrescentar um toque pessoal e de exclusividade \u00e0 sua al\u00e7a atrav\u00e9s da possibilidade de personaliza\u00e7\u00e3o com as suas iniciais. Se adora uma personaliza\u00e7\u00e3o e pretende tornar a sua Egypt Al\u00e7a Preta para Mala \u00fanica e feita especialmente para si, clique no bot\u00e3o personalizar e escolha como pretende tornar a sua al\u00e7a ainda mais especial.<\/p>\n","protected":false},"featured_media":9516,"comment_status":"open","ping_status":"closed","template":"","meta":[],"product_brand":[],"product_cat":[74,76],"product_tag":[272,273,609],"class_list":{"0":"post-9644","1":"product","2":"type-product","3":"status-publish","4":"has-post-thumbnail","6":"product_cat-acessorios-para-malas","7":"product_cat-alcas-para-malas","8":"product_tag-alcas-para-malas","9":"product_tag-alcas-para-malas-pt-pt","10":"product_tag-egypt-alca-preta-para-mala","11":"tm-has-options","13":"first","14":"instock","15":"taxable","16":"shipping-taxable","17":"purchasable","18":"product-type-simple"},"_links":{"self":[{"href":"http:\/\/mitibags.com\/pt-pt\/wp-json\/wp\/v2\/product\/9644","targetHints":{"allow":["GET"]}}],"collection":[{"href":"http:\/\/mitibags.com\/pt-pt\/wp-json\/wp\/v2\/product"}],"about":[{"href":"http:\/\/mitibags.com\/pt-pt\/wp-json\/wp\/v2\/types\/product"}],"replies":[{"embeddable":true,"href":"http:\/\/mitibags.com\/pt-pt\/wp-json\/wp\/v2\/comments?post=9644"}],"version-history":[{"count":0,"href":"http:\/\/mitibags.com\/pt-pt\/wp-json\/wp\/v2\/product\/9644\/revisions"}],"wp:featuredmedia":[{"embeddable":true,"href":"http:\/\/mitibags.com\/pt-pt\/wp-json\/wp\/v2\/media\/9516"}],"wp:attachment":[{"href":"http:\/\/mitibags.com\/pt-pt\/wp-json\/wp\/v2\/media?parent=9644"}],"wp:term":[{"taxonomy":"product_brand","embeddable":true,"href":"http:\/\/mitibags.com\/pt-pt\/wp-json\/wp\/v2\/product_brand?post=9644"},{"taxonomy":"product_cat","embeddable":true,"href":"http:\/\/mitibags.com\/pt-pt\/wp-json\/wp\/v2\/product_cat?post=9644"},{"taxonomy":"product_tag","embeddable":true,"href":"http:\/\/mitibags.com\/pt-pt\/wp-json\/wp\/v2\/product_tag?post=9644"}],"curies":[{"name":"wp","href":"https:\/\/api.w.org\/{rel}","templated":true}]}}