{"id":9323,"date":"2024-05-31T22:42:32","date_gmt":"2024-05-31T21:42:32","guid":{"rendered":"https:\/\/mitibags.com\/?post_type=product&#038;p=9323"},"modified":"2024-06-13T21:39:12","modified_gmt":"2024-06-13T20:39:12","slug":"heart-vermelho-acessorio-em-pele-para-mala","status":"publish","type":"product","link":"http:\/\/mitibags.com\/pt-pt\/product\/acessorios-para-malas\/porta-chaves\/heart-vermelho-acessorio-em-pele-para-mala\/","title":{"rendered":"Heart Vermelho Acess\u00f3rio em Pele para Mala"},"content":{"rendered":"<h2>Heart Vermelho Acess\u00f3rio em Pele para Mala<\/h2>\n<p>&nbsp;<\/p>\n<p>Os acess\u00f3rios s\u00e3o perfeitos para dar uma nova vida \u00e0 sua mala. Com <strong>7 cm de comprimento e 8 cm de altura, <\/strong>o Heart Vermelho Acess\u00f3rio em Pele para Mala \u00e9 feito da melhor pele <strong>martelada de cor vermelha <\/strong>e <strong>ferragens douradas<\/strong> e pode ser facilmente colocado e retirado da sua mala atrav\u00e9s do anzol dourado, permitindo tamb\u00e9m, caso assim entenda, us\u00e1-lo como porta-chaves.<\/p>\n<p>Temos a certeza que este acess\u00f3rio vai real\u00e7ar a beleza da sua mala, dando-lhe um toque pessoal<\/p>\n<p>E, se quiser tornar este toque ainda mais pessoal, o Heart Vermelho Acess\u00f3rio em Pele para Mala pode ser personalizado com as iniciais do seu nome ou um emoji especial para si. Para o fazer clique no bot\u00e3o personalizar e torne o seu Heart Acess\u00f3rio em pele unicamente seu e feito especialmente para si.<\/p>\n<p>Se procura outro tipo de acess\u00f3rios para a sua mala, convidamo-la a ver os len\u00e7os para malas que temos dispon\u00edveis <a href=\"https:\/\/mitibags.com\/lencos-malas\/\">aqui<\/a><\/p>\n<p>&nbsp;<\/p>\n<p><strong>Tamanho: <\/strong>7&#215;0,3&#215;8 cm<\/p>\n<p><strong>Material Exterior: <\/strong> Pele Genu\u00edna com Textura Martelada<\/p>\n<p><strong>Cor:<\/strong> Vermelho<\/p>\n<p><strong>Cor das Ferragens:<\/strong> Dourado<\/p>\n","protected":false},"excerpt":{"rendered":"<p>Os acess\u00f3rios s\u00e3o perfeitos para dar uma nova vida \u00e0 sua mala. Com <strong>7 cm de comprimento e 8 cm de altura,<\/strong> o Heart Vermelho Acess\u00f3rio em Pele para Mala \u00e9 feito da melhor pele <strong>martelada de cor vermelha<\/strong> e <strong>ferragens douradas<\/strong> e pode ser facilmente colocado e retirado da sua mala atrav\u00e9s do anzol dourado, permitindo tamb\u00e9m, caso assim entenda, us\u00e1-lo como porta-chaves.<\/p>\n<p>Temos a certeza que este acess\u00f3rio vai real\u00e7ar a beleza da sua mala, dando-lhe um toque pessoal que pode ainda ser refor\u00e7ado se personalizar o seu Heart Vermelho Acess\u00f3rio em Pele para Mala com as suas iniciais ou um dos emojis dispon\u00edveis, tornando-o assim unicamente seu. Para o fazer clique no bot\u00e3o personalizar e torne o seu Heart Acess\u00f3rio em pele unicamente seu e feito especialmente para si.<\/p>\n<p>&nbsp;<\/p>\n","protected":false},"featured_media":9296,"comment_status":"open","ping_status":"closed","template":"","meta":[],"product_brand":[],"product_cat":[74,77],"product_tag":[244,621],"class_list":{"0":"post-9323","1":"product","2":"type-product","3":"status-publish","4":"has-post-thumbnail","6":"product_cat-acessorios-para-malas","7":"product_cat-porta-chaves","8":"product_tag-acessorios-para-malas","9":"product_tag-heart-vermelho-acessorio-em-pele-para-mala","10":"tm-has-options","12":"first","13":"instock","14":"taxable","15":"shipping-taxable","16":"purchasable","17":"product-type-simple"},"_links":{"self":[{"href":"http:\/\/mitibags.com\/pt-pt\/wp-json\/wp\/v2\/product\/9323","targetHints":{"allow":["GET"]}}],"collection":[{"href":"http:\/\/mitibags.com\/pt-pt\/wp-json\/wp\/v2\/product"}],"about":[{"href":"http:\/\/mitibags.com\/pt-pt\/wp-json\/wp\/v2\/types\/product"}],"replies":[{"embeddable":true,"href":"http:\/\/mitibags.com\/pt-pt\/wp-json\/wp\/v2\/comments?post=9323"}],"version-history":[{"count":0,"href":"http:\/\/mitibags.com\/pt-pt\/wp-json\/wp\/v2\/product\/9323\/revisions"}],"wp:featuredmedia":[{"embeddable":true,"href":"http:\/\/mitibags.com\/pt-pt\/wp-json\/wp\/v2\/media\/9296"}],"wp:attachment":[{"href":"http:\/\/mitibags.com\/pt-pt\/wp-json\/wp\/v2\/media?parent=9323"}],"wp:term":[{"taxonomy":"product_brand","embeddable":true,"href":"http:\/\/mitibags.com\/pt-pt\/wp-json\/wp\/v2\/product_brand?post=9323"},{"taxonomy":"product_cat","embeddable":true,"href":"http:\/\/mitibags.com\/pt-pt\/wp-json\/wp\/v2\/product_cat?post=9323"},{"taxonomy":"product_tag","embeddable":true,"href":"http:\/\/mitibags.com\/pt-pt\/wp-json\/wp\/v2\/product_tag?post=9323"}],"curies":[{"name":"wp","href":"https:\/\/api.w.org\/{rel}","templated":true}]}}