{"id":8722,"date":"2024-05-30T18:45:42","date_gmt":"2024-05-30T17:45:42","guid":{"rendered":"https:\/\/mitibags.com\/?post_type=product&#038;p=8722"},"modified":"2024-06-13T21:55:49","modified_gmt":"2024-06-13T20:55:49","slug":"sarah-porta-cartoes-nude-em-pele","status":"publish","type":"product","link":"http:\/\/mitibags.com\/pt-pt\/product\/carteiras-em-pele\/porta-cartoes\/sarah-porta-cartoes-nude-em-pele\/","title":{"rendered":"Sarah Porta-Cart\u00f5es Nude em Pele"},"content":{"rendered":"<h2>Sarah Porta-Cart\u00f5es Nude em Pele<\/h2>\n<p>&nbsp;<\/p>\n<p>Se procura um porta-cart\u00f5es em pele simples e essencial mas que tamb\u00e9m tenha espa\u00e7o para guardar o seu dinheiro e moedas, o Sarah Porta-Cart\u00f5es Nude em Pele pode ser precisamente tudo aquilo que procura.<\/p>\n<p>Fabricado em pele saffiano preta e com <strong>7 cm de comprimento e 13 cm de altura<\/strong>, Sarah Porta-Cart\u00f5es Nude em Pele tem 10 divis\u00f5es para cart\u00f5es, desenhados para acomodar confortavelmente cart\u00f5es de visita e de cr\u00e9dito de tamanho standard. No meio, encontra-se um bolso com fecho zip, perfeito para guardar dinheiro e moedas.<\/p>\n<p>Acrescente um toque de luxo ao seu Sarah Porta-Cart\u00f5es Nude em Pele atrav\u00e9s do nosso servi\u00e7o de personaliza\u00e7\u00e3o acrescentando as suas iniciais ou um dos emojis que temos dispon\u00edveis. Se pretende tornar o seu porta-cart\u00f5es em pele \u00fanico e personalizado clique no bot\u00e3o personalizar e escolha como pretende personalizar o seu porta-cart\u00f5es.<\/p>\n<p>Se procura um porta-cart\u00f5es maior ou at\u00e9 mesmo um carteira ou porta-moedas, veja <a href=\"https:\/\/mitibags.com\/card-holder\/\">aqui <\/a>os modelos que temos dispon\u00edveis.<\/p>\n<p>&nbsp;<\/p>\n<p><strong>Tamanho: <\/strong>7x13x1 cm<\/p>\n<p><strong>Material Exterior: <\/strong>Pele Saffiano<\/p>\n<p><strong>Material <\/strong> <strong> Interior: <\/strong>Sarja de Algod\u00e3o<\/p>\n<p><strong>Cor:<\/strong> Nude<\/p>\n<p><strong>Cor das Ferragens:<\/strong> Dourado<\/p>\n","protected":false},"excerpt":{"rendered":"<p>Fabricado em pele saffiano preta e com um tamanho de <strong>7 cm de largura e 13 cm de altura,<\/strong> Sarah Porta-Cart\u00f5es Nude em Pele tem 10 divis\u00f5es para cart\u00f5es, concebidas para acomodar confortavelmente cart\u00f5es de tamanho standard. No meio, encontra-se um bolso com fecho zip, perfeito para guardar dinheiro e moedas. Se pretende tornar o seu porta-cart\u00f5es em pele \u00fanico e personalizado clique no bot\u00e3o personalizar e escolha como pretende personalizar o seu porta-cart\u00f5es.<\/p>\n","protected":false},"featured_media":8716,"comment_status":"open","ping_status":"closed","template":"","meta":[],"product_brand":[],"product_cat":[90,91],"product_tag":[127,671,670],"class_list":{"0":"post-8722","1":"product","2":"type-product","3":"status-publish","4":"has-post-thumbnail","6":"product_cat-carteiras-em-pele","7":"product_cat-porta-cartoes","8":"product_tag-carteiras","9":"product_tag-porta-cartoes-nude-em-pele","10":"product_tag-sarah-porta-cartoes-nude-em-pele","11":"tm-has-options","13":"first","14":"instock","15":"taxable","16":"shipping-taxable","17":"purchasable","18":"product-type-simple"},"_links":{"self":[{"href":"http:\/\/mitibags.com\/pt-pt\/wp-json\/wp\/v2\/product\/8722","targetHints":{"allow":["GET"]}}],"collection":[{"href":"http:\/\/mitibags.com\/pt-pt\/wp-json\/wp\/v2\/product"}],"about":[{"href":"http:\/\/mitibags.com\/pt-pt\/wp-json\/wp\/v2\/types\/product"}],"replies":[{"embeddable":true,"href":"http:\/\/mitibags.com\/pt-pt\/wp-json\/wp\/v2\/comments?post=8722"}],"version-history":[{"count":0,"href":"http:\/\/mitibags.com\/pt-pt\/wp-json\/wp\/v2\/product\/8722\/revisions"}],"wp:featuredmedia":[{"embeddable":true,"href":"http:\/\/mitibags.com\/pt-pt\/wp-json\/wp\/v2\/media\/8716"}],"wp:attachment":[{"href":"http:\/\/mitibags.com\/pt-pt\/wp-json\/wp\/v2\/media?parent=8722"}],"wp:term":[{"taxonomy":"product_brand","embeddable":true,"href":"http:\/\/mitibags.com\/pt-pt\/wp-json\/wp\/v2\/product_brand?post=8722"},{"taxonomy":"product_cat","embeddable":true,"href":"http:\/\/mitibags.com\/pt-pt\/wp-json\/wp\/v2\/product_cat?post=8722"},{"taxonomy":"product_tag","embeddable":true,"href":"http:\/\/mitibags.com\/pt-pt\/wp-json\/wp\/v2\/product_tag?post=8722"}],"curies":[{"name":"wp","href":"https:\/\/api.w.org\/{rel}","templated":true}]}}