{"id":8698,"date":"2024-05-30T18:13:25","date_gmt":"2024-05-30T17:13:25","guid":{"rendered":"https:\/\/mitibags.com\/?post_type=product&#038;p=8698"},"modified":"2024-06-13T21:56:54","modified_gmt":"2024-06-13T20:56:54","slug":"katy-s-porta-cartoes-bordeaux-em-pele","status":"publish","type":"product","link":"http:\/\/mitibags.com\/pt-pt\/product\/carteiras-em-pele\/porta-cartoes\/katy-s-porta-cartoes-bordeaux-em-pele\/","title":{"rendered":"Katy S Porta-Cart\u00f5es Bordeaux em Pele"},"content":{"rendered":"<h2>Katy S Porta-Cart\u00f5es Bordeaux em Pele<\/h2>\n<p>&nbsp;<\/p>\n<p>Os Porta Cart\u00f5es tornaram-se num must have para qualquer mulher e a nossa Katy S Porta-Cart\u00f5es Bordeaux em Pele veio para dar resposta a todos os seus desejos.<\/p>\n<p>Produzido em <strong>Pele Genu\u00edna com textura Martelada no exterior e com um interior, tamb\u00e9m em pele lisa de cor vermelha,<\/strong> o nosso Katy S Porta-Cart\u00f5es Bordeaux em Pele est\u00e1 dispon\u00edvel em dois tamanhos, um maior, e este tamanho mais pequeno com um <strong>tamanho de 11,50 cm de comprimento e 8,50 cm de altura. <\/strong>O fecho \u00e9 feito com um bot\u00e3o de press\u00e3o prateado que se encontra na parte da frente do porta-cart\u00f5es.<\/p>\n<p>No interior encontram-se 4 espa\u00e7os concebidos para acomodar confortavelmente cart\u00f5es de tamanho standard assim como as suas notas e documentos.<\/p>\n<p>O Katy S Porta-Cart\u00f5es Bordeaux em Pele pode ser <strong>personalizado por fora mas tamb\u00e9m por dentro. <\/strong> No exterior pode adicionar as suas iniciais e no interior pode personalizar com um emojis dispon\u00edveis ou at\u00e9 mesmo com uma frase especial para si.<\/p>\n<p>Se procura um porta-cart\u00f5es maior ou at\u00e9 mesmo um carteira ou porta-moedas, veja <a href=\"https:\/\/mitibags.com\/porta-cartoes\/\">aqui <\/a>os modelos que temos dispon\u00edveis.<\/p>\n<p>&nbsp;<\/p>\n<p><strong>Tamanho: <\/strong>11,50&#215;8,50&#215;1 cm<\/p>\n<p><strong>Material Exterior: <\/strong> Pele Genu\u00edna com Textura Martelada<\/p>\n<p><strong>Material<\/strong> <strong>interior:<\/strong> Pele Genu\u00edna Lisa Vermelha<\/p>\n<p><strong>Cor:<\/strong> Bordeaux<\/p>\n<p><strong>Cor das ferragens: <\/strong>Prateado<\/p>\n","protected":false},"excerpt":{"rendered":"<p>Produzido em <strong>Pele Genu\u00edna com textura Martelada no exterior e com um interior, tamb\u00e9m em pele lisa de cor vermelha,<\/strong> e com um <strong>tamanho de 11,50 de largura por 8&#215;50 de altura<\/strong> o nosso Katy S Porta-Cart\u00f5es Bordeaux em Pele neste tamanho mais pequeno tem 4 divis\u00f3rias desenhadas especificamente para transportarem cart\u00f5es ou dinheiro. O fecho \u00e9 feito com um bot\u00e3o de press\u00e3o dourado que se encontra na frente do porta-cart\u00f5es. Personalize o interior e exterior da Katy Porta-cart\u00f5es em pele bordeaux com as suas iniciais, emoji ou com uma frase. Para o fazer clique em personalizar e torne o seu Porta-Cart\u00f5es em Pele \u00fanico.<\/p>\n","protected":false},"featured_media":8700,"comment_status":"open","ping_status":"closed","template":"","meta":[],"product_brand":[],"product_cat":[90,91],"product_tag":[127,730,731],"class_list":{"0":"post-8698","1":"product","2":"type-product","3":"status-publish","4":"has-post-thumbnail","6":"product_cat-carteiras-em-pele","7":"product_cat-porta-cartoes","8":"product_tag-carteiras","9":"product_tag-katy-s-porta-cartoes-bordeaux-em-pele","10":"product_tag-porta-cartoes-bordeaux-em-pele","11":"tm-has-options","13":"first","14":"instock","15":"taxable","16":"shipping-taxable","17":"purchasable","18":"product-type-simple"},"_links":{"self":[{"href":"http:\/\/mitibags.com\/pt-pt\/wp-json\/wp\/v2\/product\/8698","targetHints":{"allow":["GET"]}}],"collection":[{"href":"http:\/\/mitibags.com\/pt-pt\/wp-json\/wp\/v2\/product"}],"about":[{"href":"http:\/\/mitibags.com\/pt-pt\/wp-json\/wp\/v2\/types\/product"}],"replies":[{"embeddable":true,"href":"http:\/\/mitibags.com\/pt-pt\/wp-json\/wp\/v2\/comments?post=8698"}],"version-history":[{"count":0,"href":"http:\/\/mitibags.com\/pt-pt\/wp-json\/wp\/v2\/product\/8698\/revisions"}],"wp:featuredmedia":[{"embeddable":true,"href":"http:\/\/mitibags.com\/pt-pt\/wp-json\/wp\/v2\/media\/8700"}],"wp:attachment":[{"href":"http:\/\/mitibags.com\/pt-pt\/wp-json\/wp\/v2\/media?parent=8698"}],"wp:term":[{"taxonomy":"product_brand","embeddable":true,"href":"http:\/\/mitibags.com\/pt-pt\/wp-json\/wp\/v2\/product_brand?post=8698"},{"taxonomy":"product_cat","embeddable":true,"href":"http:\/\/mitibags.com\/pt-pt\/wp-json\/wp\/v2\/product_cat?post=8698"},{"taxonomy":"product_tag","embeddable":true,"href":"http:\/\/mitibags.com\/pt-pt\/wp-json\/wp\/v2\/product_tag?post=8698"}],"curies":[{"name":"wp","href":"https:\/\/api.w.org\/{rel}","templated":true}]}}