{"id":8606,"date":"2024-05-29T16:56:24","date_gmt":"2024-05-29T15:56:24","guid":{"rendered":"https:\/\/mitibags.com\/?post_type=product&#038;p=8606"},"modified":"2024-06-13T22:07:51","modified_gmt":"2024-06-13T21:07:51","slug":"katy-porta-cartoes-azul-jeans-em-pele","status":"publish","type":"product","link":"http:\/\/mitibags.com\/pt-pt\/product\/carteiras-em-pele\/porta-cartoes\/katy-porta-cartoes-azul-jeans-em-pele\/","title":{"rendered":"Katy Porta-Cart\u00f5es Azul Jeans em Pele"},"content":{"rendered":"<h2>Katy Porta-Cart\u00f5es Azul Jeans em Pele<\/h2>\n<p>&nbsp;<\/p>\n<p>Os Porta Cart\u00f5es tornaram-se num must have para qualquer mulher e o nosso Katy Porta-Cart\u00f5es Azul Jeans em Pele veio para dar resposta a todos os seus desejos.<\/p>\n<p>Produzido em <strong>Pele Genu\u00edna <\/strong> com textura Martelada no exterior e com um interior em pele lisa e de cor preta, a nossa Katy Porta-Cart\u00f5es Azul Jeans em Pele com <strong>19 cm de largura por 10 cm de altura<\/strong> fecha com um bot\u00e3o de press\u00e3o.<\/p>\n<p>O interior, dividido no meio, tem 6 espa\u00e7os desenhados especificamente para transportar cart\u00f5es de tamanho standard. Al\u00e9m dos espa\u00e7os para cart\u00f5es existem ainda dois espa\u00e7os, sem divis\u00e3o no meio, perfeitos para colocar o seu dinheiro ou outros documentos que necessite.<\/p>\n<p>O Katy Porta-Cart\u00f5es Azul Jeans em Pele pode ser <strong>personalizado quer por dentro quer por fora. <\/strong> No exterior pode adicionar as suas iniciais e no interior pode personalizar com um emojis dispon\u00edveis ou at\u00e9 mesmo com uma frase especial para si.<\/p>\n<p>Se procura um tamanho mais pequeno, para transportar apenas os seus cart\u00f5es, recomendamos que veja os outros modelos que temos dispon\u00edveis <a href=\"https:\/\/mitibags.com\/porta-cartoes\/\">aqui.<\/a><\/p>\n<p>&nbsp;<\/p>\n<p><strong>Tamanho:<\/strong>19x10x1 cm<\/p>\n<p><strong>Material Exterior: <\/strong> Pele Genu\u00edna com Textura Martelada<\/p>\n<p><strong>Material <\/strong> <strong> Interior<\/strong>: Pele Lisa Preta<\/p>\n<p><strong>Cor:<\/strong> Azul Jeans<\/p>\n<p><strong>Cor das ferragens: <\/strong>Prateado<\/p>\n","protected":false},"excerpt":{"rendered":"<p>Produzido em <strong>Pele Genu\u00edna<\/strong> com textura Martelada no exterior e com um interior em pele lisa e de cor preta, a nossa Katy Porta-Cart\u00f5es Camel em Pele com <strong>19 cm de largura por 10 cm de altura <\/strong> tem 6 divis\u00f3rias com o tamanho perfeito para colocar os seus cart\u00f5es e 2 compartimentos maiores perfeitos para colocar o seu dinheiro ou documentos que necessite trazer consigo. O fecho \u00e9 feito atrav\u00e9s de um bot\u00e3o de press\u00e3o e o melhor de tudo \u00e9 que pode adicionar um toque pessoal personalizando o seu porta-cart\u00f5es quer por dentro quer por fora. Para o fazer clique no bot\u00e3o persoanlizar e torne este porta cart\u00f5es unicamente seu.<\/p>\n","protected":false},"featured_media":8415,"comment_status":"open","ping_status":"closed","template":"","meta":[],"product_brand":[],"product_cat":[90,91],"product_tag":[127,690,691,689],"class_list":{"0":"post-8606","1":"product","2":"type-product","3":"status-publish","4":"has-post-thumbnail","6":"product_cat-carteiras-em-pele","7":"product_cat-porta-cartoes","8":"product_tag-carteiras","9":"product_tag-detalhe-interior-de-katy-porta-cartoes-azul-jeans-em-pele","10":"product_tag-detalhe-interior-katy-porta-cartoes-azul-jeans-em-pele","11":"product_tag-katy-porta-cartoes-azul-jeans-em-pele","12":"tm-has-options","14":"first","15":"instock","16":"taxable","17":"shipping-taxable","18":"purchasable","19":"product-type-simple"},"_links":{"self":[{"href":"http:\/\/mitibags.com\/pt-pt\/wp-json\/wp\/v2\/product\/8606","targetHints":{"allow":["GET"]}}],"collection":[{"href":"http:\/\/mitibags.com\/pt-pt\/wp-json\/wp\/v2\/product"}],"about":[{"href":"http:\/\/mitibags.com\/pt-pt\/wp-json\/wp\/v2\/types\/product"}],"replies":[{"embeddable":true,"href":"http:\/\/mitibags.com\/pt-pt\/wp-json\/wp\/v2\/comments?post=8606"}],"version-history":[{"count":0,"href":"http:\/\/mitibags.com\/pt-pt\/wp-json\/wp\/v2\/product\/8606\/revisions"}],"wp:featuredmedia":[{"embeddable":true,"href":"http:\/\/mitibags.com\/pt-pt\/wp-json\/wp\/v2\/media\/8415"}],"wp:attachment":[{"href":"http:\/\/mitibags.com\/pt-pt\/wp-json\/wp\/v2\/media?parent=8606"}],"wp:term":[{"taxonomy":"product_brand","embeddable":true,"href":"http:\/\/mitibags.com\/pt-pt\/wp-json\/wp\/v2\/product_brand?post=8606"},{"taxonomy":"product_cat","embeddable":true,"href":"http:\/\/mitibags.com\/pt-pt\/wp-json\/wp\/v2\/product_cat?post=8606"},{"taxonomy":"product_tag","embeddable":true,"href":"http:\/\/mitibags.com\/pt-pt\/wp-json\/wp\/v2\/product_tag?post=8606"}],"curies":[{"name":"wp","href":"https:\/\/api.w.org\/{rel}","templated":true}]}}