{"id":8090,"date":"2024-05-23T23:28:17","date_gmt":"2024-05-23T22:28:17","guid":{"rendered":"https:\/\/mitibags.com\/?post_type=product&#038;p=8090"},"modified":"2024-06-13T22:30:51","modified_gmt":"2024-06-13T21:30:51","slug":"lili-mala-tiracolo-pele-cor-de-rosa","status":"publish","type":"product","link":"http:\/\/mitibags.com\/pt-pt\/product\/malas-em-pele\/malas-tiracolo\/lili-mala-tiracolo-pele-cor-de-rosa\/","title":{"rendered":"Lili Mala Tiracolo Pele Cor de Rosa"},"content":{"rendered":"<h2>Lili Mala Tiracolo Pele Cor de Rosa<\/h2>\n<p>&nbsp;<\/p>\n<p>A nossa Lili Mala Tiracolo Pele Cor de Rosa \u00e9 um sonho tornado realidade para todas as mulheres que procuram uma mala tiracolo cl\u00e1ssica e elegante feita em pele genu\u00edna que ir\u00e1 acompanh\u00e1-las muito tempo.<\/p>\n<p>O pormenor do fecho, em estilo fivela, d\u00e1 a esta mala um toque fashion sem perder a eleg\u00e2ncia e o efeito intemporal que procura. O tamanho de <strong>22 cm de comprimento e 16 cm de altura <\/strong>torna-a perfeita para transportar a sua carteira, telem\u00f3vel e chaves, deixando ainda espa\u00e7o para tudo o resto que gosta de trazer sempre consigo, como \u00f3culos de sol ou maquilhagem.<\/p>\n<p>Como todos os nossos produtos, a Lili Mala Tiracolo Pele Cor de Rosa tamb\u00e9m \u00e9 fabricada com a melhor <strong>pele genu\u00edna italiana. <\/strong>A <strong>pele <\/strong>utilizada neste modelo tem um <strong>estilo ligeiramente texturado<\/strong> que real\u00e7a a sua eleg\u00e2ncia, tamb\u00e9m refor\u00e7ada pelo tecido vermelho utilizado no interior. Tamb\u00e9m no interior pode encontrar um pequeno bolso, com fecho zip, perfeito para colocar os objetos que precisa encontrar rapidamente quando abre a sua mala.<\/p>\n<p>Quanto \u00e0 <strong>al\u00e7a,<\/strong> neste modelo temos uma al\u00e7a com m estilo mais largo, ondese destacam tamb\u00e9m as ferragens de cor <strong>ouro velho<\/strong>. Se prtende dar um estilo diferente \u00e0 sua mala, uma vez que a al\u00e7a que a acompanha pode ser facilmente removida, pode acrescentar, por exemplo, uma al\u00e7a estilo guitar strap que combine com este modelo. Veja <a href=\"https:\/\/mitibags.com\/bags-straps\/\">aqui <\/a> todas as cores dispon\u00edveis na nossa sec\u00e7\u00e3o de al\u00e7as.<\/p>\n<p>Por fim, torne a sua mala ainda mais especial personalizando-a com as suas iniciais. Escolha entre a estampagem dourado, prateado ou simplesmente a quente e d\u00ea um toque de luxo \u00e0 Lili Mala Tiracolo Pele Cor de Rosa tornando-a unicamente sua.<\/p>\n<p>&nbsp;<\/p>\n<p><strong>Tamanho: <\/strong>22x6x16 cm<\/p>\n<p><strong>Material Exterior: <\/strong>Pele Genu\u00edna<\/p>\n<p><strong>Material<\/strong> <strong>Interior<\/strong>: Sarja de Algod\u00e3o Vermelha<\/p>\n<p><strong>Cor:<\/strong> Rosa<\/p>\n<p><strong>Cor das ferragens: <\/strong>Ouro Velho<\/p>\n","protected":false},"excerpt":{"rendered":"<p>A nossa mala de pele Lili Mala Tiracolo Pele Cor de Rosa \u00e9 um sonho tornado realidade para todas as mulheres que procuram uma mala tiracolo cl\u00e1ssica e elegante feita em pele genu\u00edna que ir\u00e1 acompanh\u00e1-las muito tempo. Fabricado em <strong>Pele Genu\u00edna, <\/strong> com um tamanho de <strong>22 cm de comprimento e 16 cm de altura,<\/strong> ferragens em Ouro Velho e uma al\u00e7a de estilo largo, a Lili \u00e9 a mala de tiracolo perfeita para quem procura um estilo mais fashion. Torne-a ainda mais perfeita acrescentando um toque pessoal ao personaliz\u00e1-la com as iniciais do seu nome e tenha uma mala feita especialmente para si.<\/p>\n","protected":false},"featured_media":7453,"comment_status":"open","ping_status":"closed","template":"","meta":[],"product_brand":[],"product_cat":[83],"product_tag":[324,325],"class_list":{"0":"post-8090","1":"product","2":"type-product","3":"status-publish","4":"has-post-thumbnail","6":"product_cat-malas-tiracolo","7":"product_tag-mala-tiracolo-pt-pt","8":"product_tag-mala-tiracolo-em-pele-pt-pt","9":"tm-has-options","11":"first","12":"instock","13":"taxable","14":"shipping-taxable","15":"purchasable","16":"product-type-simple"},"_links":{"self":[{"href":"http:\/\/mitibags.com\/pt-pt\/wp-json\/wp\/v2\/product\/8090","targetHints":{"allow":["GET"]}}],"collection":[{"href":"http:\/\/mitibags.com\/pt-pt\/wp-json\/wp\/v2\/product"}],"about":[{"href":"http:\/\/mitibags.com\/pt-pt\/wp-json\/wp\/v2\/types\/product"}],"replies":[{"embeddable":true,"href":"http:\/\/mitibags.com\/pt-pt\/wp-json\/wp\/v2\/comments?post=8090"}],"version-history":[{"count":0,"href":"http:\/\/mitibags.com\/pt-pt\/wp-json\/wp\/v2\/product\/8090\/revisions"}],"wp:featuredmedia":[{"embeddable":true,"href":"http:\/\/mitibags.com\/pt-pt\/wp-json\/wp\/v2\/media\/7453"}],"wp:attachment":[{"href":"http:\/\/mitibags.com\/pt-pt\/wp-json\/wp\/v2\/media?parent=8090"}],"wp:term":[{"taxonomy":"product_brand","embeddable":true,"href":"http:\/\/mitibags.com\/pt-pt\/wp-json\/wp\/v2\/product_brand?post=8090"},{"taxonomy":"product_cat","embeddable":true,"href":"http:\/\/mitibags.com\/pt-pt\/wp-json\/wp\/v2\/product_cat?post=8090"},{"taxonomy":"product_tag","embeddable":true,"href":"http:\/\/mitibags.com\/pt-pt\/wp-json\/wp\/v2\/product_tag?post=8090"}],"curies":[{"name":"wp","href":"https:\/\/api.w.org\/{rel}","templated":true}]}}