{"id":8029,"date":"2024-05-23T22:10:56","date_gmt":"2024-05-23T21:10:56","guid":{"rendered":"https:\/\/mitibags.com\/?post_type=product&#038;p=8029"},"modified":"2024-06-13T22:48:13","modified_gmt":"2024-06-13T21:48:13","slug":"bamboo-mala-de-mao-em-pele-amarela","status":"publish","type":"product","link":"http:\/\/mitibags.com\/pt-pt\/product\/malas-em-pele\/malas-de-mao\/bamboo-mala-de-mao-em-pele-amarela\/","title":{"rendered":"Bamboo Mala de M\u00e3o em Pele Amarela"},"content":{"rendered":"<h2>Bamboo Mala de M\u00e3o em Pele Amarela<\/h2>\n<p>&nbsp;<\/p>\n<p>A Bamboo Mala de M\u00e3o em Pele Amarela \u00e9 o toque fashion que procura para os seus dias de ver\u00e3o. Esta mala, fabricada em It\u00e1lia com a melhor <strong>pele genu\u00edna<\/strong>, tem um corpo r\u00edgido e estruturado que real\u00e7a o seu estilo elegante, que far\u00e1 com que o seu look ganhe vida.<\/p>\n<p>O tamanho de <strong>21 cm de comprimento e 26 cm de altura<\/strong> \u00e9 perfeito sse procura uma mala de m\u00e3o que n\u00e3o seja demasiado grande, mas onde possa transportar n\u00e3o s\u00f3 os b\u00e1sicos do dia-a-dia mas tamb\u00e9m aquele livro que n\u00e3o consegue parar de ler. Esta mala tem dois fechos magn\u00e9ticos, na parte de dentro da aba da mala, e uma al\u00e7a tiracolo ajust\u00e1vel (estilo cinto) e amov\u00edvel, perfeita para quando precisa passar facilmente de uma mala de m\u00e3o para uma mala tiracolo.<\/p>\n<p>No interior, tamb\u00e9m em pele genu\u00edna, pode contar com<strong> dois compartimentos e um bolso com fecho zip<\/strong> para ajud\u00e1-la a manter a sua mala organizada.<\/p>\n<p>A eleg\u00e2ncia desta mala \u00e9 ainda real\u00e7ada pelos <strong>detalhes dourados das ferragens,<\/strong> e as <strong>pegas em bamboo<\/strong> d\u00e3o-lhe o toque de distin\u00e7\u00e3o que a diferencia das restantes.<\/p>\n<p>Os nossos porta-chaves combinam muito bem com este estilo de mala. Veja <a href=\"https:\/\/mitibags.com\/acessorios-malas\/\">aqui<\/a> todos os estilos que temos dispon\u00edveis e aprimore a beleza da sua mala.<\/p>\n<p>Torne a sua mala \u00fanica, personalizando-a com as iniciais do seu nome. Basta escolher a cor que pretende usar na personaliza\u00e7\u00e3o e dar aquele toque de luxo \u00e0 sua nova Bamboo Mala de M\u00e3o em Pele Laranja.<\/p>\n<p>&nbsp;<\/p>\n<p><strong>Tamanho: <\/strong>26x8x21 cm<\/p>\n<p><strong>Material Exterior:<\/strong> Pele Genu\u00edna com al\u00e7as em Bambu<\/p>\n<p><strong>Material<\/strong> <strong>Interior:<\/strong> Pele Genu\u00edna<\/p>\n<p><strong>Cor:<\/strong> Amarelo<\/p>\n<p><strong>Cor das Ferragens:<\/strong> Dourado<\/p>\n","protected":false},"excerpt":{"rendered":"<p>A Bamboo Mala de M\u00e3o em Pele Amarela \u00e9 o toque fashion que procura para os seus dias de ver\u00e3o. Esta mala, fabricada em It\u00e1lia com a melhor <strong>pele genu\u00edna<\/strong>, tem um corpo r\u00edgido e estruturado que real\u00e7a o seu estilo elegante, que far\u00e1 com que o seu look ganhe vida. O tamanho de<strong>21 cm de comprimento e 26 cm de altura<\/strong>, o interior tamb\u00e9m em <strong>pele genu\u00edna, as ferragens douradas, <\/strong> e a <strong>al\u00e7a tiracolo extra<\/strong>, tornam-na na mala perfeita a fashionista que h\u00e1 em si e vai fazer o seu outfit brilhar.&amp;nbsp; Torne-a \u00fanica, personalizando-a com as iniciais do seu nome e tenha uma mala feita especialmente para si adaptar.<\/p>\n","protected":false},"featured_media":7668,"comment_status":"open","ping_status":"closed","template":"","meta":[],"product_brand":[],"product_cat":[61],"product_tag":[341,126,309],"class_list":{"0":"post-8029","1":"product","2":"type-product","3":"status-publish","4":"has-post-thumbnail","6":"product_cat-malas-de-mao","7":"product_tag-bamboo-handles-bag-pt-pt","8":"product_tag-mala-de-mao","9":"product_tag-mala-de-mao-de-pele","10":"tm-has-options","12":"first","13":"instock","14":"taxable","15":"shipping-taxable","16":"purchasable","17":"product-type-simple"},"_links":{"self":[{"href":"http:\/\/mitibags.com\/pt-pt\/wp-json\/wp\/v2\/product\/8029","targetHints":{"allow":["GET"]}}],"collection":[{"href":"http:\/\/mitibags.com\/pt-pt\/wp-json\/wp\/v2\/product"}],"about":[{"href":"http:\/\/mitibags.com\/pt-pt\/wp-json\/wp\/v2\/types\/product"}],"replies":[{"embeddable":true,"href":"http:\/\/mitibags.com\/pt-pt\/wp-json\/wp\/v2\/comments?post=8029"}],"version-history":[{"count":0,"href":"http:\/\/mitibags.com\/pt-pt\/wp-json\/wp\/v2\/product\/8029\/revisions"}],"wp:featuredmedia":[{"embeddable":true,"href":"http:\/\/mitibags.com\/pt-pt\/wp-json\/wp\/v2\/media\/7668"}],"wp:attachment":[{"href":"http:\/\/mitibags.com\/pt-pt\/wp-json\/wp\/v2\/media?parent=8029"}],"wp:term":[{"taxonomy":"product_brand","embeddable":true,"href":"http:\/\/mitibags.com\/pt-pt\/wp-json\/wp\/v2\/product_brand?post=8029"},{"taxonomy":"product_cat","embeddable":true,"href":"http:\/\/mitibags.com\/pt-pt\/wp-json\/wp\/v2\/product_cat?post=8029"},{"taxonomy":"product_tag","embeddable":true,"href":"http:\/\/mitibags.com\/pt-pt\/wp-json\/wp\/v2\/product_tag?post=8029"}],"curies":[{"name":"wp","href":"https:\/\/api.w.org\/{rel}","templated":true}]}}