{"id":8017,"date":"2024-05-23T21:40:08","date_gmt":"2024-05-23T20:40:08","guid":{"rendered":"https:\/\/mitibags.com\/?post_type=product&#038;p=8017"},"modified":"2024-06-13T22:49:57","modified_gmt":"2024-06-13T21:49:57","slug":"katy-mala-de-mao-preta-em-pele","status":"publish","type":"product","link":"http:\/\/mitibags.com\/pt-pt\/product\/malas-em-pele\/malas-de-mao\/katy-mala-de-mao-preta-em-pele\/","title":{"rendered":"Katy Mala de M\u00e3o Preta em Pele"},"content":{"rendered":"<h2>Katy Mala de M\u00e3o Preta em Pele<\/h2>\n<p>&nbsp;<\/p>\n<p>A nossa Katy Mala de M\u00e3o Preta em Pele, com a sua forma arredondada, \u00e9 a aliada perfeita para levar tudo o que precisa para a sua rotina do dia-a-dia.<\/p>\n<p>Com <strong>ferragens douradas<\/strong>, o estilo elegante desta mala \u00e9 simplesmente deslumbrante. Com <strong>31 cm de comprimento e 22 cm de altura, <\/strong>esta mala \u00e9 fabricada com a <strong>melhor pele genu\u00edna italiana.<\/strong> No interior, feito de <strong>sarja de algod\u00e3o<\/strong>, pode contar com um bolso com fecho e outros dois compartimentos para que possa manter facilmente a sua mala organizada e os seus objetos f\u00e1ceis de encontrar.<\/p>\n<p>Sabemos que a versatilidade da sua mala \u00e9 importante para si, por isso, a Katy Mala de M\u00e3o Preta em Pele vem com uma extra, tamb\u00e9m em pele, para que possa facilmente transformar a sua mala de m\u00e3o em mala de ombro ou tiracolo.<\/p>\n<p>Na frente da mala, preso numa das al\u00e7as, encontra uma esp\u00e9cie de etiqueta, perfeita para ser personalizada <strong>com as suas iniciais<\/strong>. Torne a sua Katy Mala de M\u00e3o Preta em Pele \u00fanica adicionando as iniciais do seu nome ou at\u00e9 mesmo um dos emojis que temos dispon\u00edveis. Torne a sua nova mala unicamente sua e feita especialmente para si.<\/p>\n<p>Para dar um toque extra de glamour \u00e0 sua mala o que acha de adicionar um dos nossos acess\u00f3rios? Veja <a href=\"https:\/\/mitibags.com\/acessorios-malas\/\">aqui<\/a> todos os modelos que preparamos para si e, entre al\u00e7as, len\u00e7os ou porta-chaves escolha o acess\u00f3rio perfeito para si.<\/p>\n<p>&nbsp;<\/p>\n<p><strong>Tamanho: <\/strong>31x16x22 cm<\/p>\n<p><strong>Material Exterior: <\/strong>Pele Genu\u00edna<\/p>\n<p><strong>Material <\/strong> <strong> Interior: <\/strong>Sarja de Algod\u00e3o<\/p>\n<p><strong>Cor:<\/strong> Preto<\/p>\n<p><strong>Cor das Ferragens:<\/strong> Dourado<\/p>\n","protected":false},"excerpt":{"rendered":"<p>A nossa Katy Mala de M\u00e3o Preta em Pele, com a sua forma arredondada, \u00e9 a aliada perfeita para levar tudo o que precisa para a sua rotina do dia-a-dia. Com detalhes em ferragens douradas, o estilo elegante desta mala \u00e9 simplesmente deslumbrante. Com <strong>31 cm de comprimento e 22 cm de altura, <\/strong>esta mala \u00e9 fabricada com a <strong>melhor pele genu\u00edna italiana.<\/strong> No interior, feito de sarja de algod\u00e3o, pode contar com um bolso com fecho e outros dois compartimentos para que possa manter facilmente a sua mala organizada e os seus objetos f\u00e1ceis de encontrar.<\/p>\n","protected":false},"featured_media":8224,"comment_status":"open","ping_status":"closed","template":"","meta":[],"product_brand":[],"product_cat":[61],"product_tag":[309,340,284],"class_list":{"0":"post-8017","1":"product","2":"type-product","3":"status-publish","4":"has-post-thumbnail","6":"product_cat-malas-de-mao","7":"product_tag-mala-de-mao-de-pele","8":"product_tag-mala-de-mao-redonda","9":"product_tag-pele-genuina-preta","10":"tm-has-options","12":"first","13":"instock","14":"taxable","15":"shipping-taxable","16":"purchasable","17":"product-type-simple"},"_links":{"self":[{"href":"http:\/\/mitibags.com\/pt-pt\/wp-json\/wp\/v2\/product\/8017","targetHints":{"allow":["GET"]}}],"collection":[{"href":"http:\/\/mitibags.com\/pt-pt\/wp-json\/wp\/v2\/product"}],"about":[{"href":"http:\/\/mitibags.com\/pt-pt\/wp-json\/wp\/v2\/types\/product"}],"replies":[{"embeddable":true,"href":"http:\/\/mitibags.com\/pt-pt\/wp-json\/wp\/v2\/comments?post=8017"}],"version-history":[{"count":0,"href":"http:\/\/mitibags.com\/pt-pt\/wp-json\/wp\/v2\/product\/8017\/revisions"}],"wp:featuredmedia":[{"embeddable":true,"href":"http:\/\/mitibags.com\/pt-pt\/wp-json\/wp\/v2\/media\/8224"}],"wp:attachment":[{"href":"http:\/\/mitibags.com\/pt-pt\/wp-json\/wp\/v2\/media?parent=8017"}],"wp:term":[{"taxonomy":"product_brand","embeddable":true,"href":"http:\/\/mitibags.com\/pt-pt\/wp-json\/wp\/v2\/product_brand?post=8017"},{"taxonomy":"product_cat","embeddable":true,"href":"http:\/\/mitibags.com\/pt-pt\/wp-json\/wp\/v2\/product_cat?post=8017"},{"taxonomy":"product_tag","embeddable":true,"href":"http:\/\/mitibags.com\/pt-pt\/wp-json\/wp\/v2\/product_tag?post=8017"}],"curies":[{"name":"wp","href":"https:\/\/api.w.org\/{rel}","templated":true}]}}