{"id":7870,"date":"2024-05-23T12:01:07","date_gmt":"2024-05-23T11:01:07","guid":{"rendered":"https:\/\/mitibags.com\/?post_type=product&#038;p=7870"},"modified":"2024-06-13T23:12:03","modified_gmt":"2024-06-13T22:12:03","slug":"jessie-l-mala-bucket-em-pele-bege","status":"publish","type":"product","link":"http:\/\/mitibags.com\/pt-pt\/product\/malas-em-pele\/malas-bucket\/jessie-l-mala-bucket-em-pele-bege\/","title":{"rendered":"Jessie L Mala Bucket em Pele Bege"},"content":{"rendered":"<h2>Jessie L Mala Bucket em Pele Bege<\/h2>\n<p>&nbsp;<\/p>\n<p>Feita com a mais bela pele genu\u00edna Italiana com textura martelada, a vers\u00e3o maior da nossa Jessie Mala Bucket distingue-se da vers\u00e3o mais pequena n\u00e3o s\u00f3 pelo tamanho de <strong>27 cm de altura e 23 cm de comprimento,<\/strong>mas tamb\u00e9m pela cor do hardware que, nesta vers\u00e3o, s\u00e3o <strong>prateadas<\/strong>.<\/p>\n<p>Mas n\u00e3o \u00e9 tudo, as <strong>duas al\u00e7as<\/strong> inclu\u00eddas nesta vers\u00e3o tamb\u00e9m t\u00eam um estilo diferente da vers\u00e3o mais pequena. Uma das al\u00e7as de ombro remov\u00edveis \u00e9 feita do mesmo tipo de pele que o exterior da mala, enquanto que a outra tem um estilo guitar strap, proporcionando conforto e versatilidade extra.<\/p>\n<p>Tal como na vers\u00e3o mais pequena, o interior da Jessie L Mala Bucket em Pele Bege tamb\u00e9m est\u00e1 dividido em <strong>3 compartimentos<\/strong>. O compartimento central est\u00e1 equipado com um fecho zip, garantindo um acesso f\u00e1cil e seguro aos seus objetos. O fecho magn\u00e9tico acrescenta seguran\u00e7a e conveni\u00eancia \u00e0 sua mala.<\/p>\n<p>A personaliza\u00e7\u00e3o tamb\u00e9m est\u00e1 dispon\u00edvel nesta vers\u00e3o maior do nosso modelo Jessie, clique no bot\u00e3o personalizar e escolha como pretende personalizar a sua mala e torn\u00e1-la exclusivamente sua.<\/p>\n<p>Se procura outro estilo de al\u00e7a para a sua Jessie L Mala Bucket em Pele Bege veja <a href=\"https:\/\/mitibags.com\/bags-straps\/\">aqui<\/a> os estilos que temos dispon\u00edveis.<\/p>\n<p>&nbsp;<\/p>\n<p><strong>Tamanho: <\/strong>23x16x27 cm<\/p>\n<p><strong>Material Exterior:<\/strong> Pele Genu\u00edna com textura martelada<\/p>\n<p><strong>Material<\/strong> <strong>Interior<\/strong> Pele Genu\u00edna<\/p>\n<p><strong>Cor:<\/strong> Bege<\/p>\n<p><strong>Cor das Ferragens:<\/strong> Dourado<\/p>\n","protected":false},"excerpt":{"rendered":"<p>Feita com a mais bela <strong>pele italiana genu\u00edna<\/strong> por dentro e por fora, a vers\u00e3o maior da nossa Jessie Bucket Bag tem<strong> 27 cm de altura e 23 cm de comprimento<\/strong>, <strong>ferragens prateadas<\/strong> e 2 al\u00e7as para a usares como mala de ombro ou a tiracolo. Com um interior dividido em 3 compartimentos, sendo o do meio com um fecho zip, a Jessie L Mala Bucket em Pele Bege trar\u00e1 o conforto e a versatilidade que procura.<\/p>\n","protected":false},"featured_media":7391,"comment_status":"open","ping_status":"closed","template":"","meta":[],"product_brand":[],"product_cat":[81],"product_tag":[771,770],"class_list":{"0":"post-7870","1":"product","2":"type-product","3":"status-publish","4":"has-post-thumbnail","6":"product_cat-malas-bucket","7":"product_tag-jessie-l-mala-bucket-em-pele-bege","8":"product_tag-mala-bucket-em-pele-bege","9":"tm-has-options","11":"first","12":"outofstock","13":"taxable","14":"shipping-taxable","15":"purchasable","16":"product-type-simple"},"_links":{"self":[{"href":"http:\/\/mitibags.com\/pt-pt\/wp-json\/wp\/v2\/product\/7870","targetHints":{"allow":["GET"]}}],"collection":[{"href":"http:\/\/mitibags.com\/pt-pt\/wp-json\/wp\/v2\/product"}],"about":[{"href":"http:\/\/mitibags.com\/pt-pt\/wp-json\/wp\/v2\/types\/product"}],"replies":[{"embeddable":true,"href":"http:\/\/mitibags.com\/pt-pt\/wp-json\/wp\/v2\/comments?post=7870"}],"version-history":[{"count":0,"href":"http:\/\/mitibags.com\/pt-pt\/wp-json\/wp\/v2\/product\/7870\/revisions"}],"wp:featuredmedia":[{"embeddable":true,"href":"http:\/\/mitibags.com\/pt-pt\/wp-json\/wp\/v2\/media\/7391"}],"wp:attachment":[{"href":"http:\/\/mitibags.com\/pt-pt\/wp-json\/wp\/v2\/media?parent=7870"}],"wp:term":[{"taxonomy":"product_brand","embeddable":true,"href":"http:\/\/mitibags.com\/pt-pt\/wp-json\/wp\/v2\/product_brand?post=7870"},{"taxonomy":"product_cat","embeddable":true,"href":"http:\/\/mitibags.com\/pt-pt\/wp-json\/wp\/v2\/product_cat?post=7870"},{"taxonomy":"product_tag","embeddable":true,"href":"http:\/\/mitibags.com\/pt-pt\/wp-json\/wp\/v2\/product_tag?post=7870"}],"curies":[{"name":"wp","href":"https:\/\/api.w.org\/{rel}","templated":true}]}}