{"id":7064,"date":"2024-05-19T01:34:48","date_gmt":"2024-05-19T00:34:48","guid":{"rendered":"https:\/\/mitibags.com\/?post_type=product&#038;p=7064"},"modified":"2024-06-13T23:27:20","modified_gmt":"2024-06-13T22:27:20","slug":"sunshine-s-mala-de-mao-camel-em-pele","status":"publish","type":"product","link":"http:\/\/mitibags.com\/pt-pt\/product\/malas-em-pele\/malas-de-mao\/sunshine-s-mala-de-mao-camel-em-pele\/","title":{"rendered":"Sunshine S Mala de M\u00e3o Camel em Pele"},"content":{"rendered":"<h2>Sunshine S Mala de M\u00e3o Camel em Pele<\/h2>\n<p>&nbsp;<\/p>\n<p>O ver\u00e3o chegou e a mala perfeita para os dias de sol tamb\u00e9m. A Sunshine S Mala de M\u00e3o Camel, feita em pele genu\u00edna de textura suave combinada com r\u00e1fia, \u00e9 a mala perfeita para dar vida aos seus looks de ver\u00e3o.<\/p>\n<p>Com um estilo elegante e dispon\u00edvel em dois tamanhos, sendo este o tamanho mais pequeno que tem <strong> 27 cm de largura por 18 cm de altura<\/strong>, a combina\u00e7\u00e3o de pele de cor camel com rafia d\u00e1 a esta mala o cheirinho a ver\u00e3o que todos adoramos.<\/p>\n<p>No interior, <strong>em sarja de algod\u00e3o<\/strong>, encontra um pequeno bolso com fecho zip de um lado e, do outro, outro bolso mas sem fecho zip. Sabemos que ter uma mala vers\u00e1til \u00e9 importante para si, \u00e9 por isso que a Sunshine S Mala de M\u00e3o Camel em Pele vem com uma al\u00e7a extra para poder transform\u00e1-la facilmente e mala de ombro ou tiracolo.<\/p>\n<p>A abertura \u00e9 feita atrav\u00e9s de um <strong>fecho zip de cor dourada<\/strong>, a mesma cor que o resto das ferragens, inclu\u00edndo as pequenas tachas que decoram a mala.<\/p>\n<p>Sabemos que ter uma mala vers\u00e1til \u00e9 importante para si, \u00e9 por isso que a Sunshine S Mala de M\u00e3o Camel em Pele vem com uma <strong>al\u00e7a extra<\/strong> para poder transform\u00e1-la facilmente e mala de ombro ou tiracolo. Esta al\u00e7a combina uma corrente dourada e pele camel, igual ao do resto da mala. A parte da pele encontra-se na zona do ombro, dando um conforto extra que lhe ir\u00e1 permitir usar a sua mala sem magoar o ombro. Se procura um estilo de al\u00e7a diferente, pode ver a sele\u00e7\u00e3o de al\u00e7as que temos dispon\u00edveis <a href=\"https:\/\/mitibags.com\/bags-straps\/\">aqui.<\/a><\/p>\n<p>Pode tamb\u00e9m personalizar a sua Sunshine S Mala de M\u00e3o Camel em Pele com as suas iniciais e torn\u00e1-la \u00fanica. Para o fazer clique no bot\u00e3o personalizar e escolha como pretende tornar a sua nova mala de m\u00e3o unicamente sua.<\/p>\n<p>Caso pretenda acrescentar um toque de luxo e glamour \u00e0 Sunshine S Mala de M\u00e3o Camel em Pele que tal acrescentar um len\u00e7o colorido? Consulte a nossa <a href=\"https:\/\/mitibags.com\/lencos-malas\/\">\u00e1rea de len\u00e7os<\/a> e veja a cole\u00e7\u00e3o que vai fazer a sua mala brilhar.<\/p>\n<p>&nbsp;<\/p>\n<p><strong>Tamanho: <\/strong>27x18x7 cm<\/p>\n<p><strong>Material Exterior: <\/strong>Pele Genu\u00edna Lisa<\/p>\n<p><strong>Material <\/strong> <strong> Interior: <\/strong>Sarja de Algod\u00e3o<\/p>\n<p><strong>Cor:<\/strong> Camel<\/p>\n<p><strong>Cor das Ferragens:<\/strong> Dourado<\/p>\n","protected":false},"excerpt":{"rendered":"<p>O ver\u00e3o chegou e a mala perfeita para os dias de sol tamb\u00e9m. A Sunshine S Mala de M\u00e3o Camel, feita em pele genu\u00edna de textura suave combinada com r\u00e1fia, \u00e9 a mala perfeita para dar vida aos seus looks de ver\u00e3o. Esta vers\u00e3o mais pequena, com um tamanho de <strong>27 cm de largura por 18 cm de altura<\/strong>, vem com uma al\u00e7a extra, remov\u00edvel, tornando assim poss\u00edvel us\u00e1-la como mala de ombro ou mala tiracolo. A personaliza\u00e7\u00e3o tamb\u00e9m est\u00e1 dispon\u00edvel na sua Sunshine S Mala de M\u00e3o Camel podendo assim torn\u00e1-la unicamente sua.<\/p>\n","protected":false},"featured_media":7040,"comment_status":"open","ping_status":"closed","template":"","meta":[],"product_brand":[],"product_cat":[61],"product_tag":[337,791],"class_list":{"0":"post-7064","1":"product","2":"type-product","3":"status-publish","4":"has-post-thumbnail","6":"product_cat-malas-de-mao","7":"product_tag-mala-de-pele-camel","8":"product_tag-sunshine-s-mala-de-mao-camel-em-pele","9":"tm-has-options","11":"first","12":"instock","13":"taxable","14":"shipping-taxable","15":"purchasable","16":"product-type-simple"},"_links":{"self":[{"href":"http:\/\/mitibags.com\/pt-pt\/wp-json\/wp\/v2\/product\/7064","targetHints":{"allow":["GET"]}}],"collection":[{"href":"http:\/\/mitibags.com\/pt-pt\/wp-json\/wp\/v2\/product"}],"about":[{"href":"http:\/\/mitibags.com\/pt-pt\/wp-json\/wp\/v2\/types\/product"}],"replies":[{"embeddable":true,"href":"http:\/\/mitibags.com\/pt-pt\/wp-json\/wp\/v2\/comments?post=7064"}],"version-history":[{"count":0,"href":"http:\/\/mitibags.com\/pt-pt\/wp-json\/wp\/v2\/product\/7064\/revisions"}],"wp:featuredmedia":[{"embeddable":true,"href":"http:\/\/mitibags.com\/pt-pt\/wp-json\/wp\/v2\/media\/7040"}],"wp:attachment":[{"href":"http:\/\/mitibags.com\/pt-pt\/wp-json\/wp\/v2\/media?parent=7064"}],"wp:term":[{"taxonomy":"product_brand","embeddable":true,"href":"http:\/\/mitibags.com\/pt-pt\/wp-json\/wp\/v2\/product_brand?post=7064"},{"taxonomy":"product_cat","embeddable":true,"href":"http:\/\/mitibags.com\/pt-pt\/wp-json\/wp\/v2\/product_cat?post=7064"},{"taxonomy":"product_tag","embeddable":true,"href":"http:\/\/mitibags.com\/pt-pt\/wp-json\/wp\/v2\/product_tag?post=7064"}],"curies":[{"name":"wp","href":"https:\/\/api.w.org\/{rel}","templated":true}]}}