{"id":5965,"date":"2024-05-12T17:46:52","date_gmt":"2024-05-12T16:46:52","guid":{"rendered":"https:\/\/mitibags.com\/?post_type=product&#038;p=5965"},"modified":"2024-06-14T17:22:40","modified_gmt":"2024-06-14T16:22:40","slug":"chic-mala-tiracolo-camel-em-pele","status":"publish","type":"product","link":"http:\/\/mitibags.com\/pt-pt\/product\/malas-em-pele\/malas-tiracolo\/chic-mala-tiracolo-camel-em-pele\/","title":{"rendered":"Chic Mala Tiracolo Camel em Pele"},"content":{"rendered":"<h2>Chic Mala Tiracolo Camel em Pele<\/h2>\n<p>&nbsp;<\/p>\n<p>Fabricada em It\u00e1lia com uma bonita <strong> Pele Genu\u00edna estilo Saffiano<\/strong> em camel e com um interior em <strong>sarja de algod\u00e3o de cor vermelha<\/strong>, a Chic Mala Tiracolo Camel em Pele \u00e9 t\u00e3o elegante como parece.<\/p>\n<p>Com um corpo r\u00edgido e estruturado, e o fecho feito atrav\u00e9s do da pe\u00e7a de bronze localizada na frente, esta bolsa \u00e9 o sonho de qualquer fashionista. Elegante, glamorosa e cheia de estilo, esta mala a tiracolo em pele preta \u00e9 o toque de luxo que falta no seu closet.<\/p>\n<p>Com o tamanho de <strong>23 cm de comprimento e 15 de altura <\/strong>\u00e9 perfeita para que possa levar o essencial &#8211; carteiras, chaves, \u00f3culos de sol e telem\u00f3vel e, para manter a sua mala organizada, no interior encontra ainda um bolso com um fecho zip, facilitando a organiza\u00e7\u00e3o do essencial dentro da sua nova Chic Mala Tiracolo Camel em Pele.<\/p>\n<p>As ferragens bronze e o estilo largo da al\u00e7a remov\u00edvel, refor\u00e7a o toque fashion deste modelo que destaca a sua beleza e estilo luxuoso.<\/p>\n<p>Caso procure outro estilo de al\u00e7a, veja <a href=\"https:\/\/mitibags.com\/bags-straps\/\">aqui<\/a> os diferentes modelos que temos dispon\u00edveis.<\/p>\n<p>&nbsp;<\/p>\n<p><strong>Tamanho: <\/strong>23&#215;6,3&#215;15 cm<\/p>\n<p><strong>Material Exterior: <\/strong>Pele Genu\u00edna<\/p>\n<p><strong>Material<\/strong> <strong>interior: <\/strong>Sarja de Algod\u00e3o Vermelho<\/p>\n<p><strong>Cor:<\/strong> Camel<\/p>\n<p><strong>Cor das ferragens: <\/strong>Ouro Velho<\/p>\n","protected":false},"excerpt":{"rendered":"<p>Fabricada em It\u00e1lia com uma bonita Pele Genu\u00edna estilo Saffiano em preto e com um interior em sarja de algod\u00e3ode cor vermelha, a Chic Mala Tiracolo Camel em Pele \u00e9 t\u00e3o elegante como parece.<\/p>\n<p>Elegante, glamorosa e cheia de estilo, com um tamanho de <strong>23 cm de comprimento e 15 de altura<\/strong> e um corpo r\u00edgido e estruturado, esta mala de pele preta a tiracolo \u00e9 o toque de luxo que falta no seu closet.<\/p>\n","protected":false},"featured_media":5967,"comment_status":"open","ping_status":"closed","template":"","meta":[],"product_brand":[],"product_cat":[79,83],"product_tag":[324,992,325],"class_list":{"0":"post-5965","1":"product","2":"type-product","3":"status-publish","4":"has-post-thumbnail","6":"product_cat-malas-em-pele","7":"product_cat-malas-tiracolo","8":"product_tag-mala-tiracolo-pt-pt","9":"product_tag-mala-tiracolo-camel-em-pele","10":"product_tag-mala-tiracolo-em-pele-pt-pt","11":"tm-has-options","13":"first","14":"instock","15":"taxable","16":"shipping-taxable","17":"purchasable","18":"product-type-simple"},"_links":{"self":[{"href":"http:\/\/mitibags.com\/pt-pt\/wp-json\/wp\/v2\/product\/5965","targetHints":{"allow":["GET"]}}],"collection":[{"href":"http:\/\/mitibags.com\/pt-pt\/wp-json\/wp\/v2\/product"}],"about":[{"href":"http:\/\/mitibags.com\/pt-pt\/wp-json\/wp\/v2\/types\/product"}],"replies":[{"embeddable":true,"href":"http:\/\/mitibags.com\/pt-pt\/wp-json\/wp\/v2\/comments?post=5965"}],"version-history":[{"count":0,"href":"http:\/\/mitibags.com\/pt-pt\/wp-json\/wp\/v2\/product\/5965\/revisions"}],"wp:featuredmedia":[{"embeddable":true,"href":"http:\/\/mitibags.com\/pt-pt\/wp-json\/wp\/v2\/media\/5967"}],"wp:attachment":[{"href":"http:\/\/mitibags.com\/pt-pt\/wp-json\/wp\/v2\/media?parent=5965"}],"wp:term":[{"taxonomy":"product_brand","embeddable":true,"href":"http:\/\/mitibags.com\/pt-pt\/wp-json\/wp\/v2\/product_brand?post=5965"},{"taxonomy":"product_cat","embeddable":true,"href":"http:\/\/mitibags.com\/pt-pt\/wp-json\/wp\/v2\/product_cat?post=5965"},{"taxonomy":"product_tag","embeddable":true,"href":"http:\/\/mitibags.com\/pt-pt\/wp-json\/wp\/v2\/product_tag?post=5965"}],"curies":[{"name":"wp","href":"https:\/\/api.w.org\/{rel}","templated":true}]}}