{"id":5702,"date":"2024-05-12T01:12:22","date_gmt":"2024-05-12T00:12:22","guid":{"rendered":"https:\/\/mitibags.com\/?post_type=product&#038;p=5702"},"modified":"2024-06-15T20:16:40","modified_gmt":"2024-06-15T19:16:40","slug":"bela-preta-mala-tote-em-pele","status":"publish","type":"product","link":"http:\/\/mitibags.com\/pt-pt\/product\/malas-em-pele\/malas-tote\/bela-preta-mala-tote-em-pele\/","title":{"rendered":"Bela Preta Mala Tote em Pele"},"content":{"rendered":"<h2>Bela Preta Mala Tote em Pele<\/h2>\n<p>&nbsp;<\/p>\n<p>Apresentamos-lhe Bela, a nossa Mala Tote em pele genu\u00edna. Produzida em It\u00e1lia com a melhor <strong>pele genu\u00edna<\/strong> e <strong> 41 cm de altura e 28 cm de largura<\/strong>, a Bela Preta Mala Tote em Pele \u00e9 perfeita para si que procura uma mala onde pode levar n\u00e3o apenas os essenciais, como a sua carteira, \u00f3culos de sol, baton, mas tamb\u00e9m tem capacidade para transportar o seu port\u00e1til, um livro ou at\u00e9 mesmo o seu tablet.<\/p>\n<p>Com duas al\u00e7as. decoradas na frente com pequenas tachas douradas. O fecho da mala \u00e9 feito com um fecho zip dourado mas tamb\u00e9m com a fita, do mesmo material do resto da mala, que prende na argola da frente da mala, tornando a sua Mala Tote Preta em Pele o mais segura poss\u00edvel.<\/p>\n<p>O interior, tamb\u00e9m em pele genu\u00edna, confere durabilidade e resist\u00eancia \u00e0 sua nova mala tote, tornando-a perfeita para o dia-a-dia<\/p>\n<p>Nos dois lados da mala encontram-se 2 argolas onde pode prender a al\u00e7a de pele extra que acompanha a Bela Preta Mala Tote em Pele, permitindo-lhe us\u00e1-la n\u00e3o s\u00f3 como mala de ombro mas tamb\u00e9m a tiracolo.<\/p>\n<p>Se adora uma <strong>personaliza\u00e7\u00e3o<\/strong> pode adicionar as suas iniciais \u00e0 Bela Preta Mala Tote em Pele tornando-a unicamente sua. Para o fazer clique no bot\u00e3o personalizar e d\u00ea hoje o toque de luxo \u00e0 sua mala personalizando-a com as suas iniciais.<\/p>\n<p>Se pretende dar um toque de glamour \u00e0 sua mala, que tal acrescentar um len\u00e7o colorido? Veja <a href=\"https:\/\/mitibags.com\/lencos-malas\/\">aqui<\/a> todos os modelos que temos dispon\u00edveis para si.<\/p>\n<p>&nbsp;<\/p>\n<p><strong>Tamanho: <\/strong>28x12x41 cm<\/p>\n<p><strong>Material Exterior: <\/strong> Pele Genu\u00edna com textura martelada<\/p>\n<p><strong>Material<\/strong> <strong>Interior<\/strong> Pele Genu\u00edna<\/p>\n<p><strong>Cor:<\/strong> Preto<\/p>\n<p><strong>Cor das Ferragens:<\/strong> Dourado<\/p>\n","protected":false},"excerpt":{"rendered":"<p>Bela \u00e9 a Mala Tote em pele genu\u00edna perfeita para o seu dia-a-dia, mas tamb\u00e9m para aquele fim de semana especial, um dia de compras no shopping ou at\u00e9 mesmo para as merecidas f\u00e9rias. Feita em <strong>pele genu\u00edna<\/strong> no exterior e interior, decorada com pequenas tachas douradas na frente e com <strong>41 cm de altura e 28 de largura <\/strong>, a Bela Preta Mala Tote em Pele \u00e9 uma maravilhosa mala tote com toque fashion.<\/p>\n","protected":false},"featured_media":5654,"comment_status":"open","ping_status":"closed","template":"","meta":[],"product_brand":[],"product_cat":[85],"product_tag":[294,735],"class_list":{"0":"post-5702","1":"product","2":"type-product","3":"status-publish","4":"has-post-thumbnail","6":"product_cat-malas-tote","7":"product_tag-mala-tote-em-pele","8":"product_tag-mala-tote-em-pele-preta","9":"tm-has-options","11":"first","12":"instock","13":"taxable","14":"shipping-taxable","15":"purchasable","16":"product-type-simple"},"_links":{"self":[{"href":"http:\/\/mitibags.com\/pt-pt\/wp-json\/wp\/v2\/product\/5702","targetHints":{"allow":["GET"]}}],"collection":[{"href":"http:\/\/mitibags.com\/pt-pt\/wp-json\/wp\/v2\/product"}],"about":[{"href":"http:\/\/mitibags.com\/pt-pt\/wp-json\/wp\/v2\/types\/product"}],"replies":[{"embeddable":true,"href":"http:\/\/mitibags.com\/pt-pt\/wp-json\/wp\/v2\/comments?post=5702"}],"version-history":[{"count":0,"href":"http:\/\/mitibags.com\/pt-pt\/wp-json\/wp\/v2\/product\/5702\/revisions"}],"wp:featuredmedia":[{"embeddable":true,"href":"http:\/\/mitibags.com\/pt-pt\/wp-json\/wp\/v2\/media\/5654"}],"wp:attachment":[{"href":"http:\/\/mitibags.com\/pt-pt\/wp-json\/wp\/v2\/media?parent=5702"}],"wp:term":[{"taxonomy":"product_brand","embeddable":true,"href":"http:\/\/mitibags.com\/pt-pt\/wp-json\/wp\/v2\/product_brand?post=5702"},{"taxonomy":"product_cat","embeddable":true,"href":"http:\/\/mitibags.com\/pt-pt\/wp-json\/wp\/v2\/product_cat?post=5702"},{"taxonomy":"product_tag","embeddable":true,"href":"http:\/\/mitibags.com\/pt-pt\/wp-json\/wp\/v2\/product_tag?post=5702"}],"curies":[{"name":"wp","href":"https:\/\/api.w.org\/{rel}","templated":true}]}}