{"id":4761,"date":"2024-04-26T18:33:01","date_gmt":"2024-04-26T17:33:01","guid":{"rendered":"https:\/\/mitibags.com\/?post_type=product&#038;p=4761"},"modified":"2024-06-13T20:40:51","modified_gmt":"2024-06-13T19:40:51","slug":"abc-l-lenco-mala","status":"publish","type":"product","link":"http:\/\/mitibags.com\/pt-pt\/product\/acessorios-para-malas\/lencos-para-malas\/abc-l-lenco-mala\/","title":{"rendered":"ABC L Len\u00e7o para mala"},"content":{"rendered":"<p>N\u00e3o h\u00e1 d\u00favida que os len\u00e7os para malas acrescentam um toque de luxo e eleg\u00e2ncia \u00e0 sua mala.<\/p>\n<p>O ABC L Len\u00e7o para mala adiciona um toque pessoal \u00e0 sua mala, j\u00e1 que cada len\u00e7o tem representada uma letra, podendo assim escolher a letra do seu nome. Neste caso, a vers\u00e3o da letraL tem um padr\u00e3o floral e utiliza tons como azul, verde, branco e roxo, sendo o L da frente em laranja. O verso do len\u00e7o utiliza apenas tons de azul escuro e claro com branco, sem o estampado floral e as letras mas apenas com formas geom\u00e9tricas.<\/p>\n<p>Com um tamanho de <strong>1m de comprimento e 7cm de largura, o ABC L Bag Scarf <\/strong>foi desenhado para ser usado enrolado nas al\u00e7as da sua mala, ajudando a proteg\u00ea-las, ou simplesmente preso em forma de la\u00e7o, refor\u00e7ando a feminilidade da sua mala. Devido \u00e0 sua versatilidade e estilo, este len\u00e7o pode tamb\u00e9m ser usado no pulso, ao pesco\u00e7o ou at\u00e9 mesmo no cabelo.<\/p>\n<p>Se procura acess\u00f3rios para a sua mala convidamo-la a visitar a nossa, <a href=\"https:\/\/mitibags.com\/acessorios-malas\/\">sec\u00e7\u00e3o de acess\u00f3rios<\/a> e a explorar todos os acess\u00f3rios que preparamos para si.<\/p>\n<p>&nbsp;<\/p>\n<p><strong>Tamanho: <\/strong>1m x 7cm<\/p>\n<p><strong>Material: <\/strong>Poli\u00e9ster<\/p>\n<p><strong>Cor:<\/strong> Azul, branco, verde e roxo com padr\u00e3o floral<\/p>\n<p>&nbsp;<\/p>\n","protected":false},"excerpt":{"rendered":"<p>N\u00e3o h\u00e1 d\u00favida que os len\u00e7os para malas acrescentam um toque de luxo e eleg\u00e2ncia \u00e0 sua mala.<\/p>\n<p>O ABC L Len\u00e7o para mala adiciona um toque pessoal \u00e0 sua mala, j\u00e1 que cada len\u00e7o tem representada uma letra, podendo assim escolher a letra do seu nome. Neste caso, a vers\u00e3o da letraL tem um padr\u00e3o floral e utiliza tons como azul, verde, branco e roxo, sendo o L da frente em laranja. O verso do len\u00e7o utiliza apenas tons de azul escuro e claro com branco, sem o estampado floral e as letras mas apenas com formas geom\u00e9tricas.<\/p>\n<p>Com um tamanho de <strong>1m de comprimento e 7cm de largura <\/strong>, ofoi desenhado para ser usado enrolado nas al\u00e7as da sua mala, ajudando a proteg\u00ea-las, ou simplesmente preso em forma de la\u00e7o, refor\u00e7ando a feminilidade da sua mala. Devido \u00e0 sua versatilidade e estilo, este len\u00e7o pode tamb\u00e9m ser usado no pulso, ao pesco\u00e7o ou at\u00e9 mesmo no cabelo.<\/p>\n","protected":false},"featured_media":9948,"comment_status":"open","ping_status":"closed","template":"","meta":[],"product_brand":[],"product_cat":[75],"product_tag":[239],"class_list":{"0":"post-4761","1":"product","2":"type-product","3":"status-publish","4":"has-post-thumbnail","6":"product_cat-lencos-para-malas","7":"product_tag-lenco-para-malas","8":"tm-no-options","10":"first","11":"instock","12":"taxable","13":"shipping-taxable","14":"purchasable","15":"product-type-variable","16":"has-default-attributes"},"_links":{"self":[{"href":"http:\/\/mitibags.com\/pt-pt\/wp-json\/wp\/v2\/product\/4761","targetHints":{"allow":["GET"]}}],"collection":[{"href":"http:\/\/mitibags.com\/pt-pt\/wp-json\/wp\/v2\/product"}],"about":[{"href":"http:\/\/mitibags.com\/pt-pt\/wp-json\/wp\/v2\/types\/product"}],"replies":[{"embeddable":true,"href":"http:\/\/mitibags.com\/pt-pt\/wp-json\/wp\/v2\/comments?post=4761"}],"version-history":[{"count":0,"href":"http:\/\/mitibags.com\/pt-pt\/wp-json\/wp\/v2\/product\/4761\/revisions"}],"wp:featuredmedia":[{"embeddable":true,"href":"http:\/\/mitibags.com\/pt-pt\/wp-json\/wp\/v2\/media\/9948"}],"wp:attachment":[{"href":"http:\/\/mitibags.com\/pt-pt\/wp-json\/wp\/v2\/media?parent=4761"}],"wp:term":[{"taxonomy":"product_brand","embeddable":true,"href":"http:\/\/mitibags.com\/pt-pt\/wp-json\/wp\/v2\/product_brand?post=4761"},{"taxonomy":"product_cat","embeddable":true,"href":"http:\/\/mitibags.com\/pt-pt\/wp-json\/wp\/v2\/product_cat?post=4761"},{"taxonomy":"product_tag","embeddable":true,"href":"http:\/\/mitibags.com\/pt-pt\/wp-json\/wp\/v2\/product_tag?post=4761"}],"curies":[{"name":"wp","href":"https:\/\/api.w.org\/{rel}","templated":true}]}}