{"id":4733,"date":"2024-04-26T15:35:25","date_gmt":"2024-04-26T14:35:25","guid":{"rendered":"https:\/\/mitibags.com\/?post_type=product&#038;p=4733"},"modified":"2024-06-13T20:28:10","modified_gmt":"2024-06-13T19:28:10","slug":"nude-fringe-acessorio-mala","status":"publish","type":"product","link":"http:\/\/mitibags.com\/pt-pt\/product\/acessorios-para-malas\/porta-chaves\/nude-fringe-acessorio-mala\/","title":{"rendered":"Fringe Porta -Chaves Nude para Mala"},"content":{"rendered":"<h2>Fringe Porta -Chaves Nude para Mala<\/h2>\n<p>&nbsp;<\/p>\n<p>Os acess\u00f3rios s\u00e3o perfeitos para dar uma nova vida \u00e0 sua mala. Com <strong>5 cm de di\u00e2metro na parte circular e com a parte da franja com 10 cm de comprimento<\/strong> o Fringe Porta -Chaves Nude para Mala \u00e9 feito em <strong>Pele Saffiano<\/strong> e <strong>ferragens douradas, <\/strong>incluindo o fecho dourado que permite facilmente prend\u00ea-lo e retir\u00e1-lo da sua mala, mas tamb\u00e9m lhe acrescenta uma versatilidade que permite us\u00e1-lo como tamb\u00e9m como porta-chaves.<\/p>\n<p>Temos a certeza que este acess\u00f3rio vai real\u00e7ar a beleza da sua mala, dando-lhe um toque pessoal Se pretende tornar o Fringe Porta -Chaves Nude para Mala unicamente seu personalize-o com as suas iniciais ou um dos emojis dispon\u00edveis. Clique no bot\u00e3o personalizar, d\u00ea asas \u00e0 sua criatividade e torne a sua carteira \u00fanica e feita especialmente para si.<\/p>\n<p>Por outro lado, se procura outro tipo de acess\u00f3rios para a sua mala explore os len\u00e7os para malas que temos dispon\u00edveis <a href=\"https:\/\/mitibags.com\/lencos-malas\/\">aqui<\/a> e adicione um toque de eleg\u00e2ncia e glamour \u00e0 sua mala.<\/p>\n<p>&nbsp;<\/p>\n<p><strong>Tamanho: <\/strong>Circunfer\u00eancia com um di\u00e2metro de 5 cm e parte da franja com 10 cm de comprimento<\/p>\n<p><strong>Material Exterior: <\/strong>Pele Saffiano<\/p>\n<p><strong>Cor:<\/strong> Nude<\/p>\n<p><strong>Cor das Ferragens:<\/strong> Dourado<\/p>\n","protected":false},"excerpt":{"rendered":"<p>Os acess\u00f3rios s\u00e3o perfeitos para dar uma nova vida \u00e0 sua mala. Com <strong>5 cm de di\u00e2metro na parte circular e com a parte da franja com 10 cm de comprimento<\/strong> o Fringe Porta -Chaves Nude para Mala \u00e9 feito em <strong>Pele Saffiano<\/strong> e <strong>ferragens douradas, <\/strong>incluindo o fecho dourado que permite facilmente prend\u00ea-lo e retir\u00e1-lo da sua mala, mas tamb\u00e9m lhe acrescenta uma versatilidade que permite us\u00e1-lo como tamb\u00e9m como porta-chaves.<\/p>\n<p>Temos a certeza que este acess\u00f3rio vai real\u00e7ar a beleza da sua mala, dando-lhe um toque pessoal Se pretende tornar o Fringe Porta -Chaves Nude para Mala unicamente seu personalize-o com as suas iniciais ou um dos emojis dispon\u00edveis. Clique no bot\u00e3o personalizar, d\u00ea asas \u00e0 sua criatividade e torne a sua carteira \u00fanica e feita especialmente para si.<\/p>\n<p>Por outro lado, se procura outro tipo de acess\u00f3rios para a sua mala explore os len\u00e7os para malas que temos dispon\u00edveis <a href=\"https:\/\/mitibags.com\/lencos-malas\/\">aqui<\/a> e adicione um toque de eleg\u00e2ncia e glamour \u00e0 sua mala.<\/p>\n","protected":false},"featured_media":9274,"comment_status":"open","ping_status":"closed","template":"","meta":[],"product_brand":[],"product_cat":[74,77],"product_tag":[244,245],"class_list":{"0":"post-4733","1":"product","2":"type-product","3":"status-publish","4":"has-post-thumbnail","6":"product_cat-acessorios-para-malas","7":"product_cat-porta-chaves","8":"product_tag-acessorios-para-malas","9":"product_tag-nude-fringe-acessorio-em-pele-para-mala","10":"tm-has-options","12":"first","13":"instock","14":"taxable","15":"shipping-taxable","16":"purchasable","17":"product-type-simple"},"_links":{"self":[{"href":"http:\/\/mitibags.com\/pt-pt\/wp-json\/wp\/v2\/product\/4733","targetHints":{"allow":["GET"]}}],"collection":[{"href":"http:\/\/mitibags.com\/pt-pt\/wp-json\/wp\/v2\/product"}],"about":[{"href":"http:\/\/mitibags.com\/pt-pt\/wp-json\/wp\/v2\/types\/product"}],"replies":[{"embeddable":true,"href":"http:\/\/mitibags.com\/pt-pt\/wp-json\/wp\/v2\/comments?post=4733"}],"version-history":[{"count":0,"href":"http:\/\/mitibags.com\/pt-pt\/wp-json\/wp\/v2\/product\/4733\/revisions"}],"wp:featuredmedia":[{"embeddable":true,"href":"http:\/\/mitibags.com\/pt-pt\/wp-json\/wp\/v2\/media\/9274"}],"wp:attachment":[{"href":"http:\/\/mitibags.com\/pt-pt\/wp-json\/wp\/v2\/media?parent=4733"}],"wp:term":[{"taxonomy":"product_brand","embeddable":true,"href":"http:\/\/mitibags.com\/pt-pt\/wp-json\/wp\/v2\/product_brand?post=4733"},{"taxonomy":"product_cat","embeddable":true,"href":"http:\/\/mitibags.com\/pt-pt\/wp-json\/wp\/v2\/product_cat?post=4733"},{"taxonomy":"product_tag","embeddable":true,"href":"http:\/\/mitibags.com\/pt-pt\/wp-json\/wp\/v2\/product_tag?post=4733"}],"curies":[{"name":"wp","href":"https:\/\/api.w.org\/{rel}","templated":true}]}}