{"id":4649,"date":"2024-04-25T23:00:05","date_gmt":"2024-04-25T22:00:05","guid":{"rendered":"https:\/\/mitibags.com\/?post_type=product&#038;p=4649"},"modified":"2024-06-15T20:29:00","modified_gmt":"2024-06-15T19:29:00","slug":"gracie-carteira-preta-em-pele","status":"publish","type":"product","link":"http:\/\/mitibags.com\/pt-pt\/product\/carteiras-em-pele\/carteiras-em-pele-pt-pt\/gracie-carteira-preta-em-pele\/","title":{"rendered":"Gracie Carteira Preta em Pele"},"content":{"rendered":"<h2>Gracie Carteira Preta em Pele<\/h2>\n<p>&nbsp;<\/p>\n<p>Gracie \u00e9 uma bonita carteira fabricada em It\u00e1lia com pele saffiano da melhor qualidade<\/p>\n<p>Com um tamanho de <strong>19 cm de comprimento e 10 cm de altura<\/strong>, fecha com um fecho de correr dourado. No interior, tamb\u00e9m em pele Saffiano como o exteror, pode encontrar espa\u00e7o para guardar tudo o que necessita, inclu\u00edndo 18 espa\u00e7os para cart\u00f5es de tamanho standard, assim como um bolso, tamb\u00e9m ele com fecho zip, perfeito para colocar as suas moedas em seguran\u00e7a . Al\u00e9m disso, no interior da sua Gracie Carteira Preta em Pele tem ainda dispon\u00edvel um espa\u00e7o para guardar a sua caneta favorita.<\/p>\n<p>Se adora uma <strong>carteira personalizada<\/strong>, temos boas not\u00edcias: a Gracie Carteira Preta em Pele pode ser personalizada com as iniciais do seu nome ou com um dos emojis que temos dispon\u00edveis. Clique no bot\u00e3o personalizar, d\u00ea asas \u00e0 sua criatividade e torne o seu novo acess\u00f3rio para malas \u00fanico.<\/p>\n<p>Procura uma carteira mais pequena apenas para transportar os seus cart\u00f5es? Veja <a href=\"https:\/\/mitibags.com\/card-holder\/\">aqui<\/a> todos os porta-cart\u00f5es que temos dispon\u00edveis.<\/p>\n<p>&nbsp;<\/p>\n<p><strong>Tamanho: <\/strong>19x10x2 cm<\/p>\n<p><strong>Material exterior: <\/strong>Pele Saffiano<\/p>\n<p><strong>Material<\/strong> <strong>Interior<\/strong> Pele Genu\u00edna<\/p>\n<p><strong>Cor:<\/strong> Preto<\/p>\n<p><strong>Cor das Ferragens:<\/strong> Dourado<\/p>\n","protected":false},"excerpt":{"rendered":"<p>Confeccionada em <strong>pele genu\u00edna Saffiano<\/strong> por fora e por dentro e com um tamanho de <strong>19 cm de comprimento e 10 cm de altura<\/strong>, a nossa Gracie Carteira Preta em Pele tem um interior com 18 espa\u00e7os para acomodar confortavelmente cart\u00f5es de visita ou de cr\u00e9dito de tamanho normal e um fecho de correr para as suas moedas. A abertura \u00e9 feita com um fecho zip dourado. Se procura dar um toque pessoal ao seu porta moedas personalizando-o com as suas iniciais, clique no bot\u00e3o personalizar e escolha como pretende fazer a personaliza\u00e7\u00e3o do seu novo porta-moedas.<\/p>\n","protected":false},"featured_media":8888,"comment_status":"open","ping_status":"closed","template":"","meta":[],"product_brand":[],"product_cat":[90,93],"product_tag":[252,127,658],"class_list":{"0":"post-4649","1":"product","2":"type-product","3":"status-publish","4":"has-post-thumbnail","6":"product_cat-carteiras-em-pele","7":"product_cat-carteiras-em-pele-pt-pt","8":"product_tag-carteira-preta-em-pele","9":"product_tag-carteiras","10":"product_tag-gracie-carteira-preta-em-pele","11":"tm-has-options","13":"first","14":"instock","15":"taxable","16":"shipping-taxable","17":"purchasable","18":"product-type-simple"},"_links":{"self":[{"href":"http:\/\/mitibags.com\/pt-pt\/wp-json\/wp\/v2\/product\/4649","targetHints":{"allow":["GET"]}}],"collection":[{"href":"http:\/\/mitibags.com\/pt-pt\/wp-json\/wp\/v2\/product"}],"about":[{"href":"http:\/\/mitibags.com\/pt-pt\/wp-json\/wp\/v2\/types\/product"}],"replies":[{"embeddable":true,"href":"http:\/\/mitibags.com\/pt-pt\/wp-json\/wp\/v2\/comments?post=4649"}],"version-history":[{"count":0,"href":"http:\/\/mitibags.com\/pt-pt\/wp-json\/wp\/v2\/product\/4649\/revisions"}],"wp:featuredmedia":[{"embeddable":true,"href":"http:\/\/mitibags.com\/pt-pt\/wp-json\/wp\/v2\/media\/8888"}],"wp:attachment":[{"href":"http:\/\/mitibags.com\/pt-pt\/wp-json\/wp\/v2\/media?parent=4649"}],"wp:term":[{"taxonomy":"product_brand","embeddable":true,"href":"http:\/\/mitibags.com\/pt-pt\/wp-json\/wp\/v2\/product_brand?post=4649"},{"taxonomy":"product_cat","embeddable":true,"href":"http:\/\/mitibags.com\/pt-pt\/wp-json\/wp\/v2\/product_cat?post=4649"},{"taxonomy":"product_tag","embeddable":true,"href":"http:\/\/mitibags.com\/pt-pt\/wp-json\/wp\/v2\/product_tag?post=4649"}],"curies":[{"name":"wp","href":"https:\/\/api.w.org\/{rel}","templated":true}]}}