{"id":4382,"date":"2024-04-14T21:41:17","date_gmt":"2024-04-14T20:41:17","guid":{"rendered":"https:\/\/mitibags.com\/?post_type=product&#038;p=4382"},"modified":"2024-06-10T18:53:09","modified_gmt":"2024-06-10T17:53:09","slug":"loop-mala-de-ombro-preta-em-pele","status":"publish","type":"product","link":"http:\/\/mitibags.com\/pt-pt\/product\/malas-em-pele\/malas-de-ombro\/loop-mala-de-ombro-preta-em-pele\/","title":{"rendered":"Loop Mala de Ombro Preta em Pele"},"content":{"rendered":"<h2>Loop Mala de Ombro Preta em Pele<\/h2>\n<p>&nbsp;<\/p>\n<p>Fabricada em It\u00e1lia com a melhor pele genu\u00edna, <strong>Loop Mala de Ombro Preta em Pele<\/strong> tem um tamanho de <strong>26,50 cm de comprimento e 23 cm de altura<\/strong> e \u00e9 um mala vers\u00e1til, uma vez que inclui <strong>2 al\u00e7as facilmente remov\u00edveis<\/strong> &#8211; Uma poder us\u00e1-la como mala de ombro, e outra, ajust\u00e1vel para a poder usar como mala a tiracolo nos momentos em que precisa de ter as m\u00e3os livres para aproveitar a vida.<\/p>\n<p>Com um corpo r\u00edgido e <strong>detalhes de ferragens douradas,<\/strong> o fecho e abertura da mala \u00e9 feito com um \u00edman oculto estrategicamente posicionado sob a aba, garantindo a seguran\u00e7a do que se encontra no seu interior.<\/p>\n<p>E falando em interior, a Loop tem um <strong>forro de sarja de algod\u00e3o<\/strong>, e muito espa\u00e7o para transportar tudo o que precisa. Por dentro pode ainda encontrar um bolso com fecho zip, perfeito para guardar os objetos que pretende ter sempre \u00e0 m\u00e3o.<\/p>\n<p>Se por outro lado gostava de ter uma al\u00e7a diferente para dar um toque de cor \u00e0 sua mala, convidamo-la a ver<a href=\"https:\/\/mitibags.com\/bags-straps\/\">aqui <\/a> os v\u00e1rios modelos e cores que temos de al\u00e7as.<\/p>\n<p>&nbsp;<\/p>\n<p><strong>Tamanho: <\/strong>26,5&#215;8,3&#215;23 cm<\/p>\n<p><strong>Material Exterior: <\/strong>Pele Genu\u00edna Lisa<\/p>\n<p><strong>Material <\/strong> <strong> Interior: <\/strong>Sarja de Algod\u00e3o<\/p>\n<p><strong>Cor:<\/strong> Preto<\/p>\n<p><strong>Cor das Ferragens:<\/strong> Dourado<\/p>\n","protected":false},"excerpt":{"rendered":"<p>Fabricada em It\u00e1lia com a melhor pele genu\u00edna, a <strong> Loop Mala de Ombro Preta em Pele<\/strong>, com 26,50&#215;23 cm, vem com 2 al\u00e7as e pode ser usada como bolsa de ombro ou a tiracolo.<\/p>\n","protected":false},"featured_media":7251,"comment_status":"open","ping_status":"closed","template":"","meta":[],"product_brand":[],"product_cat":[84,83],"product_tag":[308,307],"class_list":{"0":"post-4382","1":"product","2":"type-product","3":"status-publish","4":"has-post-thumbnail","6":"product_cat-malas-de-ombro","7":"product_cat-malas-tiracolo","8":"product_tag-loop-mala-de-ombro-preta-em-pele","9":"product_tag-mala-de-ombro-preta-em-pele","10":"tm-has-options","12":"first","13":"instock","14":"taxable","15":"shipping-taxable","16":"purchasable","17":"product-type-simple"},"_links":{"self":[{"href":"http:\/\/mitibags.com\/pt-pt\/wp-json\/wp\/v2\/product\/4382","targetHints":{"allow":["GET"]}}],"collection":[{"href":"http:\/\/mitibags.com\/pt-pt\/wp-json\/wp\/v2\/product"}],"about":[{"href":"http:\/\/mitibags.com\/pt-pt\/wp-json\/wp\/v2\/types\/product"}],"replies":[{"embeddable":true,"href":"http:\/\/mitibags.com\/pt-pt\/wp-json\/wp\/v2\/comments?post=4382"}],"version-history":[{"count":0,"href":"http:\/\/mitibags.com\/pt-pt\/wp-json\/wp\/v2\/product\/4382\/revisions"}],"wp:featuredmedia":[{"embeddable":true,"href":"http:\/\/mitibags.com\/pt-pt\/wp-json\/wp\/v2\/media\/7251"}],"wp:attachment":[{"href":"http:\/\/mitibags.com\/pt-pt\/wp-json\/wp\/v2\/media?parent=4382"}],"wp:term":[{"taxonomy":"product_brand","embeddable":true,"href":"http:\/\/mitibags.com\/pt-pt\/wp-json\/wp\/v2\/product_brand?post=4382"},{"taxonomy":"product_cat","embeddable":true,"href":"http:\/\/mitibags.com\/pt-pt\/wp-json\/wp\/v2\/product_cat?post=4382"},{"taxonomy":"product_tag","embeddable":true,"href":"http:\/\/mitibags.com\/pt-pt\/wp-json\/wp\/v2\/product_tag?post=4382"}],"curies":[{"name":"wp","href":"https:\/\/api.w.org\/{rel}","templated":true}]}}