{"id":4374,"date":"2024-04-14T11:10:43","date_gmt":"2024-04-14T10:10:43","guid":{"rendered":"https:\/\/mitibags.com\/?post_type=product&#038;p=4374"},"modified":"2024-06-10T18:05:37","modified_gmt":"2024-06-10T17:05:37","slug":"pouch-mala-de-mao-de-pele-preta","status":"publish","type":"product","link":"http:\/\/mitibags.com\/pt-pt\/product\/malas-em-pele\/malas-de-mao\/pouch-mala-de-mao-de-pele-preta\/","title":{"rendered":"Pouch Mala de M\u00e3o de Pele Preta"},"content":{"rendered":"<h2>Pouch Mala de M\u00e3o de Pele Preta<\/h2>\n<p>&nbsp;<\/p>\n<p>Confeccionada em<strong> pele genu\u00edna e fabricada em It\u00e1lia <\/strong>pelos nossos artes\u00e3os experientes, a <strong>Pouch Mala de M\u00e3o de Pele Preta <\/strong> \u00e9 um sonho tornado realidade para todas as fashionistas e a mala perfeita para quem procura uma op\u00e7\u00e3o elegante e moderna que ir\u00e1 certamente faz\u00ea-la destacar-se<\/p>\n<p>Com<strong> 39 cm de largura x 23 cm de altura<\/strong>, a Pouch Mala de M\u00e3o de Pele Preta tem capacidade para levar desde os seus essenciais, como carteira, telem\u00f3vel, \u00f3culos de sol mas tamb\u00e9m um pequeno livro ou mini tablet. O interior, feito em forro de sarja de algod\u00e3o, \u00e9 bastante espa\u00e7oso e tem um pequeno bolso com fecho zip, ajudando a manter a sua mala organizadao e os seus objetos f\u00e1ceis de encontrar.<\/p>\n<p>Embora tenha sido desenhado para ser usado como mala de m\u00e3o ou clutch, sabemos que por vezes seria mais f\u00e1cil poder us\u00e1-la como mala de ombro ou tiracolo. Assim, para lhe garantir esse conforto e versatilidade, mas tamb\u00e9m tendo em conta que, se escolheu este modelo, estar\u00e1 interessada numa mala com um estilo mais elegante, a nossa mala Pouch Mala de M\u00e3o de Pele Preta vem com<strong> com duas al\u00e7as extra &#8211; 1 em corrente dourada \/a mesma cor do resto das ferragens da mala) e outra ajust\u00e1vel, <\/strong>no mesmo estilo e cor de pele do resto da mala. A al\u00e7a dourada \u00e9 perfeita para usar a sua mala como mala de ombro, enquanto que a al\u00e7a de pele pode ser usada como mala de ombro mas tamb\u00e9m como mala a tiracolo, j\u00e1 que a al\u00e7a \u00e9 ajust\u00e1vel.<\/p>\n<p>Se adora uma personaliza\u00e7\u00e3o pode adicionar as suas iniciais \u00e0 Pouch Mala de M\u00e3o de Pele Preta tornando-a unicamente sua. Para o fazer clique no botao personalizar e d\u00ea hoje o toque de luxo \u00e0 sua mala personalizando-a com as suas iniciais ou at\u00e9 mesmo um dos emojis dispon\u00edveis.<\/p>\n<p>Veja <a href=\"https:\/\/mitibags.com\/acessorios-malas\/\">aqui<\/a> a nossa sele\u00e7\u00e3o de acess\u00f3rios e d\u00ea um toque pessoal \u00e0 sua mala.<\/p>\n<p>&nbsp;<\/p>\n<p><strong>Tamanho: <\/strong>38x5x21 cm<\/p>\n<p><strong>Material Exterior: <\/strong>Pele Genu\u00edna<\/p>\n<p><strong>Material <\/strong> <strong> Interior: <\/strong>Sarja de Algod\u00e3o<\/p>\n<p><strong>Cor:<\/strong> Preto<\/p>\n<p><strong>Cor das Ferragens:<\/strong> Dourado<\/p>\n","protected":false},"excerpt":{"rendered":"<p>Produzida em<strong> pele genu\u00edna com textura martelada<\/strong>e com um 39 cm de comprimento x 23 cm de altura, a<strong> Pouch Mala de M\u00e3o de Pele Preta<\/strong> \u00e9 um sonho tornado realidade para todas as fashionistas. Personalize-a com as suas iniciais e torne-a unicamente sua.<\/p>\n","protected":false},"featured_media":7778,"comment_status":"open","ping_status":"closed","template":"","meta":[],"product_brand":[],"product_cat":[61],"product_tag":[309,284],"class_list":{"0":"post-4374","1":"product","2":"type-product","3":"status-publish","4":"has-post-thumbnail","6":"product_cat-malas-de-mao","7":"product_tag-mala-de-mao-de-pele","8":"product_tag-pele-genuina-preta","9":"tm-has-options","11":"first","12":"instock","13":"taxable","14":"shipping-taxable","15":"purchasable","16":"product-type-simple"},"_links":{"self":[{"href":"http:\/\/mitibags.com\/pt-pt\/wp-json\/wp\/v2\/product\/4374","targetHints":{"allow":["GET"]}}],"collection":[{"href":"http:\/\/mitibags.com\/pt-pt\/wp-json\/wp\/v2\/product"}],"about":[{"href":"http:\/\/mitibags.com\/pt-pt\/wp-json\/wp\/v2\/types\/product"}],"replies":[{"embeddable":true,"href":"http:\/\/mitibags.com\/pt-pt\/wp-json\/wp\/v2\/comments?post=4374"}],"version-history":[{"count":0,"href":"http:\/\/mitibags.com\/pt-pt\/wp-json\/wp\/v2\/product\/4374\/revisions"}],"wp:featuredmedia":[{"embeddable":true,"href":"http:\/\/mitibags.com\/pt-pt\/wp-json\/wp\/v2\/media\/7778"}],"wp:attachment":[{"href":"http:\/\/mitibags.com\/pt-pt\/wp-json\/wp\/v2\/media?parent=4374"}],"wp:term":[{"taxonomy":"product_brand","embeddable":true,"href":"http:\/\/mitibags.com\/pt-pt\/wp-json\/wp\/v2\/product_brand?post=4374"},{"taxonomy":"product_cat","embeddable":true,"href":"http:\/\/mitibags.com\/pt-pt\/wp-json\/wp\/v2\/product_cat?post=4374"},{"taxonomy":"product_tag","embeddable":true,"href":"http:\/\/mitibags.com\/pt-pt\/wp-json\/wp\/v2\/product_tag?post=4374"}],"curies":[{"name":"wp","href":"https:\/\/api.w.org\/{rel}","templated":true}]}}