{"id":4316,"date":"2024-04-13T20:43:34","date_gmt":"2024-04-13T19:43:34","guid":{"rendered":"https:\/\/mitibags.com\/?post_type=product&#038;p=4316"},"modified":"2024-06-12T22:05:07","modified_gmt":"2024-06-12T21:05:07","slug":"diva-mala-de-mao-em-pele-preta","status":"publish","type":"product","link":"http:\/\/mitibags.com\/pt-pt\/product\/malas-em-pele\/malas-de-mao\/diva-mala-de-mao-em-pele-preta\/","title":{"rendered":"Diva Mala de M\u00e3o em Pele Preta"},"content":{"rendered":"<h2>Diva Mala de M\u00e3o em Pele Preta<\/h2>\n<p>&nbsp;<\/p>\n<p>A nossa Diva Mala de M\u00e3o em Pele Preta \u00e9 o reflexo perfeito da eleg\u00e2ncia que se ir\u00e1 refletir no seu look.<\/p>\n<p>Com<strong> 24 comprimento x 19,7cm altura<\/strong> e fabricada em It\u00e1lia pelos nossos artes\u00e3os experientes utilizando uma <strong>pele genu\u00edna texturada<\/strong> em <strong>cor preta<\/strong> no exterior, a sua beleza \u00e9 real\u00e7ada pela <strong>ferragens douradas<\/strong> das ferragens, como a pe\u00e7a de fecho na frente da mala que real\u00e7a a sua eleg\u00e2ncia.<\/p>\n<p>A parte de tr\u00e1s da aba \u00e9 de uma camur\u00e7a com uma linda cor taupe, contrastando com o preto, e o interior \u00e9 feito em<strong>sarja de algod\u00e3o,<\/strong> lind\u00edssimo e resistente.<\/p>\n<p>Para uma organiza\u00e7\u00e3o perfeita dos seus objetos, pode encontrar um pequeno bolso com fecho no interior da sua Diva Mala de M\u00e3o em Pele Preta.<\/p>\n<p>Sabemos que o conforto e versatilidade s\u00e3o importantes para si, e como tal a Diva vem com uma <strong>al\u00e7a tiracolo<\/strong> amov\u00edvel que pode ser ajustada ao seu tamanho e \u00e0s suas necessidades. Se quiser dar um toque fashion \u00e0 sua nova e elegante mala de m\u00e3o, consulte a nossa sec\u00e7\u00e3o de al\u00e7as e escolha a sua preferida.<\/p>\n<p>E, por fim, se adora uma personaliza\u00e7\u00e3o e gostaria de dar um toque pessoal e \u00fanico \u00e0 sua mala<strong>, personalize-a<\/strong> com as suas iniciais ou um dos emojis que temos dispon\u00edveis e torne a sua mala unicamente sua.<\/p>\n<p>D\u00ea um toque diferente \u00e0 sua mala trocando a al\u00e7a. Veja <a href=\"https:\/\/mitibags.com\/bags-straps\/\">aqui <\/a> todos os modelos que temos dispon\u00edveis<\/p>\n<p>&nbsp;<\/p>\n<p><strong>Tamanho: <\/strong>24&#215;8,3&#215;19,7 cm<\/p>\n<p><strong>Material Exterior: <\/strong>Pele Genu\u00edna<\/p>\n<p><strong>Material<\/strong> <strong>Interior: <\/strong>Sarja de Algod\u00e3o<\/p>\n<p><strong>Cor:<\/strong> Preto<\/p>\n<p><strong>Cor das Ferragens:<\/strong> Dourado<\/p>\n","protected":false},"excerpt":{"rendered":"<p>A nossa Diva Mala de M\u00e3o em Pele Preta \u00e9 o reflexo perfeito da eleg\u00e2ncia que se ir\u00e1 refletir no seu look. Com 24 cm de comprimento x 19,7 cm de altura, e em <strong>pele italiana genu\u00edna<\/strong> com uma textura deslumbrante de cor <strong>preta,<\/strong> a sua beleza \u00e9 real\u00e7ada pelos detalhes <strong>das ferragens douradas<\/strong> pela camur\u00e7a taupe do interior da aba e pelo <strong>forro de sarja de algod\u00e3o <\/strong> do interior.<\/p>\n","protected":false},"featured_media":6717,"comment_status":"open","ping_status":"closed","template":"","meta":[],"product_brand":[],"product_cat":[61],"product_tag":[317,309,284],"class_list":{"0":"post-4316","1":"product","2":"type-product","3":"status-publish","4":"has-post-thumbnail","6":"product_cat-malas-de-mao","7":"product_tag-diva-mala-de-mao-em-pele-preta","8":"product_tag-mala-de-mao-de-pele","9":"product_tag-pele-genuina-preta","10":"tm-has-options","12":"first","13":"instock","14":"taxable","15":"shipping-taxable","16":"purchasable","17":"product-type-simple"},"_links":{"self":[{"href":"http:\/\/mitibags.com\/pt-pt\/wp-json\/wp\/v2\/product\/4316","targetHints":{"allow":["GET"]}}],"collection":[{"href":"http:\/\/mitibags.com\/pt-pt\/wp-json\/wp\/v2\/product"}],"about":[{"href":"http:\/\/mitibags.com\/pt-pt\/wp-json\/wp\/v2\/types\/product"}],"replies":[{"embeddable":true,"href":"http:\/\/mitibags.com\/pt-pt\/wp-json\/wp\/v2\/comments?post=4316"}],"version-history":[{"count":0,"href":"http:\/\/mitibags.com\/pt-pt\/wp-json\/wp\/v2\/product\/4316\/revisions"}],"wp:featuredmedia":[{"embeddable":true,"href":"http:\/\/mitibags.com\/pt-pt\/wp-json\/wp\/v2\/media\/6717"}],"wp:attachment":[{"href":"http:\/\/mitibags.com\/pt-pt\/wp-json\/wp\/v2\/media?parent=4316"}],"wp:term":[{"taxonomy":"product_brand","embeddable":true,"href":"http:\/\/mitibags.com\/pt-pt\/wp-json\/wp\/v2\/product_brand?post=4316"},{"taxonomy":"product_cat","embeddable":true,"href":"http:\/\/mitibags.com\/pt-pt\/wp-json\/wp\/v2\/product_cat?post=4316"},{"taxonomy":"product_tag","embeddable":true,"href":"http:\/\/mitibags.com\/pt-pt\/wp-json\/wp\/v2\/product_tag?post=4316"}],"curies":[{"name":"wp","href":"https:\/\/api.w.org\/{rel}","templated":true}]}}