{"id":4278,"date":"2024-04-07T18:21:46","date_gmt":"2024-04-07T17:21:46","guid":{"rendered":"https:\/\/mitibags.com\/?post_type=product&#038;p=4278"},"modified":"2024-06-11T12:27:12","modified_gmt":"2024-06-11T11:27:12","slug":"grace-mala-de-mao-em-pele-preta","status":"publish","type":"product","link":"http:\/\/mitibags.com\/pt-pt\/product\/malas-em-pele\/malas-de-mao\/grace-mala-de-mao-em-pele-preta\/","title":{"rendered":"Grace Mala de M\u00e3o em Pele Preta"},"content":{"rendered":"<h2>Grace Mala de M\u00e3o em Pele Preta<\/h2>\n<p>&nbsp;<\/p>\n<p>Apresentamos a nossa maravilhosa Grace Mala de M\u00e3o em Pele Preta, um dos estilos mais elegantes da nossa cole\u00e7\u00e3o. Produzida em It\u00e1lia com a melhor pele genu\u00edna italiana com uma textura deslumbrante, esta mala com <strong>41,5 cm de comprimento x 30 cm de altura<\/strong>, \u00e9 perfeita para a rotina de trabalho do dia-a-dia.<\/p>\n<p>Se procura uma mala elegante mas onde onde possa transportar facilmente n\u00e3o s\u00f3 os seus artigos essenciais, mas tamb\u00e9m o seu computador port\u00e1til e documentos de trabalho sem os amachucar, a Grace Mala de M\u00e3o em Pele Preta pode ser a mala perfeita para si. Com um design estruturado e r\u00edgido e al\u00e7as tamb\u00e9m do mesmo g\u00e9nero, esta mala manter\u00e1 a sua forma e dar\u00e1 um toque de luxo e glamour ao seu look, sem no entanto deixar de transportar tudo o que precisa para um dia de trabalho bem sucedido.<\/p>\n<p>A <strong>abertura <\/strong> deste modelo \u00e9 feita atrav\u00e9s do<strong>fecho dourado<\/strong> que se encontra na frente da mala, sendo que no interior tem ainda um <strong>fecho zip <\/strong> que refor\u00e7a ainda mais a seguran\u00e7a da mala e mant\u00e9m os seus objetos em seguran\u00e7a.<\/p>\n<p>Relativamente ao<strong> interior<\/strong>, com um <strong>forro de sarja de algod\u00e3o preto,<\/strong> este enconta-se dividido em 3 compartimentos, incluindo um bolso central tamb\u00e9m ele com fecho zip. Nos outros dois compartimentos, encontra num dos lados outro pequeno bolso, tamb\u00e9m com fecho zip, num dos lados, e dois outros bolsos pequenos ndo lado oposto, tornando esta mala uma afirma\u00e7\u00e3o de estilo e, mas tamb\u00e9m uma solu\u00e7\u00e3o pr\u00e1tica para o seu estilo de vida ativa.<\/p>\n<p>O estilo luxuoso desta mala \u00e9 real\u00e7ado pelas ferragens douradas que, juntamente com a cor preta, lhe conferem eleg\u00e2ncia e perfei\u00e7\u00e3o.<\/p>\n<p>Adora uma mala personalizada? Torne a Grace Mala de M\u00e3o em Pele Preta feita especialmente para si personalizando-a com as suas iniciais. Para o fazer clique no bot\u00e3o personalizar e reforce o lado luxuoso da sua mala escolhendo como a pretende tornar unicamente sua.<\/p>\n<p>Para real\u00e7ar ainda mais a beleza e eleg\u00e2ncia adicione um dos nossos len\u00e7os \u00e0 al\u00e7a. Veja <a href=\"https:\/\/mitibags.com\/lencos-malas\/\">aqui <\/a> todos os modelos que temos dispon\u00edveis<\/p>\n<p>&nbsp;<\/p>\n<p><strong>Tamanho:<\/strong>41,50x30x16,50 cm<\/p>\n<p><strong>Material Exterior:<\/strong> Pele genu\u00edna com ligeira textura<\/p>\n<p><strong>Material<\/strong> <strong> Interior:<\/strong> Sarja de Algod\u00e3o Preta<\/p>\n<p><strong>Cor:<\/strong> Preto<\/p>\n<p><strong>Cor das Ferragens:<\/strong> Dourado<\/p>\n","protected":false},"excerpt":{"rendered":"<p>Grace Mala de M\u00e3o em Pele Preta, um dos estilos mais elegantes, luxuosos e glamorosos da nossa cole\u00e7\u00e3o. Produzida em It\u00e1lia pelos nossos artes\u00e3os utilizando uma maravilhosa <strong>pele genu\u00edna<\/strong> com uma ligeira textura de qualidade excecional, esta mala tem um tamanho de <strong>41,5 cm de comprimento x 30 cm de altura<\/strong> e pode vir a sua mala de trabalho perfeita. Personalize a sua mala com as suas iniciais e torne-a unicamente sua.<\/p>\n","protected":false},"featured_media":6970,"comment_status":"open","ping_status":"closed","template":"","meta":[],"product_brand":[],"product_cat":[61,79],"product_tag":[284],"class_list":{"0":"post-4278","1":"product","2":"type-product","3":"status-publish","4":"has-post-thumbnail","6":"product_cat-malas-de-mao","7":"product_cat-malas-em-pele","8":"product_tag-pele-genuina-preta","9":"tm-has-options","11":"first","12":"instock","13":"taxable","14":"shipping-taxable","15":"purchasable","16":"product-type-simple"},"_links":{"self":[{"href":"http:\/\/mitibags.com\/pt-pt\/wp-json\/wp\/v2\/product\/4278","targetHints":{"allow":["GET"]}}],"collection":[{"href":"http:\/\/mitibags.com\/pt-pt\/wp-json\/wp\/v2\/product"}],"about":[{"href":"http:\/\/mitibags.com\/pt-pt\/wp-json\/wp\/v2\/types\/product"}],"replies":[{"embeddable":true,"href":"http:\/\/mitibags.com\/pt-pt\/wp-json\/wp\/v2\/comments?post=4278"}],"version-history":[{"count":0,"href":"http:\/\/mitibags.com\/pt-pt\/wp-json\/wp\/v2\/product\/4278\/revisions"}],"wp:featuredmedia":[{"embeddable":true,"href":"http:\/\/mitibags.com\/pt-pt\/wp-json\/wp\/v2\/media\/6970"}],"wp:attachment":[{"href":"http:\/\/mitibags.com\/pt-pt\/wp-json\/wp\/v2\/media?parent=4278"}],"wp:term":[{"taxonomy":"product_brand","embeddable":true,"href":"http:\/\/mitibags.com\/pt-pt\/wp-json\/wp\/v2\/product_brand?post=4278"},{"taxonomy":"product_cat","embeddable":true,"href":"http:\/\/mitibags.com\/pt-pt\/wp-json\/wp\/v2\/product_cat?post=4278"},{"taxonomy":"product_tag","embeddable":true,"href":"http:\/\/mitibags.com\/pt-pt\/wp-json\/wp\/v2\/product_tag?post=4278"}],"curies":[{"name":"wp","href":"https:\/\/api.w.org\/{rel}","templated":true}]}}