{"id":4240,"date":"2024-04-07T02:05:15","date_gmt":"2024-04-07T01:05:15","guid":{"rendered":"https:\/\/mitibags.com\/?post_type=product&#038;p=4240"},"modified":"2025-12-23T20:36:04","modified_gmt":"2025-12-23T19:36:04","slug":"daisy-mala-de-ombro-em-pele-preta","status":"publish","type":"product","link":"http:\/\/mitibags.com\/pt-pt\/product\/malas-em-pele\/malas-de-ombro\/daisy-mala-de-ombro-em-pele-preta\/","title":{"rendered":"Daisy Mala de Ombro em Pele Preta"},"content":{"rendered":"<h2>Daisy Mala de Ombro em Pele Preta<\/h2>\n<p>&nbsp;<\/p>\n<p>A Daisy Mala de Ombro em Pele Preta \u00e9 a mala perfeita para a correria do seu dia a dia.<\/p>\n<p>Com <strong>27 cm de altura e 26,50 cm<\/strong> <strong>de comprimento<\/strong> e uma <strong>al\u00e7a ajust\u00e1vel estilo cinto<\/strong> com &#8230; cm, esta mala de ombro preta \u00e9 pr\u00e1tica e confort\u00e1vel, mas ao mesmo tempo mant\u00e9m o toque fashion e sofisticado que sabemos que adora.<\/p>\n<p>Produzida em <strong>pele genu\u00edna preta<\/strong> com uma textura lisa no exterior, e um <strong>interior<\/strong> tamb\u00e9m em <strong>pele genu\u00edna, mas de cor vermelha<\/strong>, este contraste de cores do exterior e interior confere \u00e0 Daisy Mala de Ombro em Pele Preta o tal toque fashion que a torna t\u00e3o especial. Os detalhes das ferragens desta mala s\u00e3o prateados.<\/p>\n<p>No espa\u00e7oso compartimento interior encontra um bolso co fecho zip preso na parede, feito da mesma pele e cor que o exterior da mala. Al\u00e9m disso \u00e9 tamb\u00e9m no interior que pode encontrar os dois \u00edmanes que fecham a mala e mant\u00eam a seguran\u00e7a dos seus objetos.<\/p>\n<p>Se adora uma personaliza\u00e7\u00e3o pode adicionar as suas iniciais \u00e0 Daisy Mala de Ombro em Pele Preta tornando-a unicamente sua. Para o fazer clique no botao personalizar e d\u00ea hoje o toque de luxo \u00e0 sua mala personalizando-a com as suas iniciais.<\/p>\n<p>Se pretende um toque de glamour na sua mala, que tal acrescentar um len\u00e7o colorido? Veja <a href=\"https:\/\/mitibags.com\/lencos-malas\/\">aqui<\/a> os estilos que temos dispon\u00edveis para si.<\/p>\n<p>&nbsp;<\/p>\n<p><strong>Tamanho: <\/strong>26,5 x12,7&#215;27 cm<\/p>\n<p><strong>Material Exterior: <\/strong>Pele Genu\u00edna Selvagem<\/p>\n<p><strong>Material<\/strong> <strong>Interior:<\/strong> Pele Genu\u00edna Lisa Vermelha<\/p>\n<p><strong>Cor:<\/strong> Preto<\/p>\n<p><strong>Cor das ferragens: <\/strong>Prateado<\/p>\n","protected":false},"excerpt":{"rendered":"<p>A Daisy Mala de Ombro em Pele Preta \u00e9 a mala perfeita para a correria do seu dia a dia. Com um tamanho de<strong> 27 de altura x 26,50 de comprimento<\/strong> e produzida em <strong>Pele Genu\u00edna com toque liso<\/strong> no exterior e a mesma pele genu\u00edna tamb\u00e9m no interior, o contraste da cor preta do exterior com o vermelho do interior conferem \u00e0 Daisy Mala de Ombro em Pele Preta o toque fashion que sabemos que procura, fazendo dela a mala perfeita para o seu dia-a-dia.<\/p>\n","protected":false},"featured_media":7995,"comment_status":"open","ping_status":"closed","template":"","meta":[],"product_brand":[],"product_cat":[84],"product_tag":[287,281,321,307],"class_list":{"0":"post-4240","1":"product","2":"type-product","3":"status-publish","4":"has-post-thumbnail","6":"product_cat-malas-de-ombro","7":"product_tag-bolsa-de-couro-a-tiracolo","8":"product_tag-mala-de-ombro-em-pele","9":"product_tag-mala-de-ombro-preta","10":"product_tag-mala-de-ombro-preta-em-pele","11":"tm-has-options","13":"first","14":"outofstock","15":"taxable","16":"shipping-taxable","17":"purchasable","18":"product-type-simple"},"_links":{"self":[{"href":"http:\/\/mitibags.com\/pt-pt\/wp-json\/wp\/v2\/product\/4240","targetHints":{"allow":["GET"]}}],"collection":[{"href":"http:\/\/mitibags.com\/pt-pt\/wp-json\/wp\/v2\/product"}],"about":[{"href":"http:\/\/mitibags.com\/pt-pt\/wp-json\/wp\/v2\/types\/product"}],"replies":[{"embeddable":true,"href":"http:\/\/mitibags.com\/pt-pt\/wp-json\/wp\/v2\/comments?post=4240"}],"version-history":[{"count":0,"href":"http:\/\/mitibags.com\/pt-pt\/wp-json\/wp\/v2\/product\/4240\/revisions"}],"wp:featuredmedia":[{"embeddable":true,"href":"http:\/\/mitibags.com\/pt-pt\/wp-json\/wp\/v2\/media\/7995"}],"wp:attachment":[{"href":"http:\/\/mitibags.com\/pt-pt\/wp-json\/wp\/v2\/media?parent=4240"}],"wp:term":[{"taxonomy":"product_brand","embeddable":true,"href":"http:\/\/mitibags.com\/pt-pt\/wp-json\/wp\/v2\/product_brand?post=4240"},{"taxonomy":"product_cat","embeddable":true,"href":"http:\/\/mitibags.com\/pt-pt\/wp-json\/wp\/v2\/product_cat?post=4240"},{"taxonomy":"product_tag","embeddable":true,"href":"http:\/\/mitibags.com\/pt-pt\/wp-json\/wp\/v2\/product_tag?post=4240"}],"curies":[{"name":"wp","href":"https:\/\/api.w.org\/{rel}","templated":true}]}}