{"id":4108,"date":"2024-03-31T21:05:53","date_gmt":"2024-03-31T20:05:53","guid":{"rendered":"https:\/\/mitibags.com\/?post_type=product&#038;p=4108"},"modified":"2025-01-20T15:19:47","modified_gmt":"2025-01-20T14:19:47","slug":"classic-xl-mala-de-ombro-preta-em-pele","status":"publish","type":"product","link":"http:\/\/mitibags.com\/pt-pt\/product\/malas-em-pele\/malas-de-ombro\/classic-xl-mala-de-ombro-preta-em-pele\/","title":{"rendered":"Classic XL Mala de Ombro Preta em Pele"},"content":{"rendered":"<h2>Classic XL Mala de Ombro Preta em Pele<\/h2>\n<p>&nbsp;<\/p>\n<p>A Classic XL Mala de Ombro Preta em Pele \u00e9 a vers\u00e3o maior do nosso estilo cl\u00e1ssico e veio preencher os desejos de todas as mulheres que adoram este modelo, mas tamb\u00e9m adoram malas grandes.<\/p>\n<p>Mantendo o estilo cl\u00e1ssico elegante e um corpo estruturado, tal como o tamanho m\u00e9dio, este modelo maior tem num tamanho de <strong>32 cm de comprimento e 22 cm de altura, <\/strong>permitindo-lhe transportar n\u00e3o s\u00f3 os seus artigos b\u00e1sicos do dia-a-dia, mas tamb\u00e9m outros objectos como um livro ou mesmo um pequeno tablet.<\/p>\n<p>Com um exterior em <strong>pele genu\u00edna <\/strong>com um padr\u00e3o de losangos | diamante e interior em sarja de algod\u00e3o, os detalhes dourados das ferragens real\u00e7am a eleg\u00e2ncia e o luxo desta mala de ombro preta. O fecho \u00e9 feito pela ferragem dourada na frente da mala.<\/p>\n<p>O interior da Classic XL Mala de Ombro Preta em Pele est\u00e1 dividido em <strong>3 compartimentos<\/strong>, sendo o do meio com fecho zip para um acesso f\u00e1cil aos seus objetos. Para aumentar a organiza\u00e7\u00e3o da sua mala, no interior encontra outro pequeno bolso com fecho zip e um bolso em pele desenhado para que possa guardar o telem\u00f3vel, tornando mais f\u00e1cil encontr\u00e1-lo dentro da sua mala.<\/p>\n<p>No que se refere \u00e0s <strong>al\u00e7as<\/strong>, estas s\u00e3o compostas por uma combina\u00e7\u00e3o de corrente dourada com pele entran\u00e7ada, e podem ser ajustadas para usar como mala de ombro, com duas al\u00e7as, ou, se preferir um estilo tiracolo, pode faz\u00ea-lo usando uma al\u00e7a \u00fanica. Este ajuste \u00e9 feito facilmente simplesmente puxando as duas al\u00e7as.<\/p>\n<p>A cor preta real\u00e7a a sofistica\u00e7\u00e3o da mala, tornando-a definitivamente numa pe\u00e7a indispens\u00e1vel para a mulher que procura um estilo cl\u00e1ssico, mas com espa\u00e7o suficiente para transportar tudo o que precisa.<\/p>\n<p>Se adora uma <strong>personaliza\u00e7\u00e3o<\/strong>, pode acrescentar as iniciais do seu nome na parte da frente ou no interior da Classic XL Mala de Ombro Preta em Pele ou at\u00e9 mesmo acrescentar uma mensagem especial no interior da aba.<\/p>\n<p>D\u00ea um toque de cor \u00e0 Classic XL Mala de Ombro Preta em Pele com um len\u00e7o. Veja <a href=\"https:\/\/mitibags.com\/lencos-malas\/\">aqui <\/a> todos os modelos que temos dispon\u00edveis<\/p>\n<p>&nbsp;<\/p>\n<p><strong>Tamanho:<\/strong>32x9x22 cm<\/p>\n<p><strong>Material Exterior: <\/strong>Pele Genu\u00edna<\/p>\n<p><strong>Material<\/strong> <strong> Interior<\/strong>: Sarja de Algod\u00e3o<\/p>\n<p><strong>Cor:<\/strong> Preto<\/p>\n<p><strong>Cor das Ferragens:<\/strong> Dourado<\/p>\n","protected":false},"excerpt":{"rendered":"<p>A Classic XL Mala de Ombro Preta em Pele \u00e9 a vers\u00e3o maior do nosso estilo cl\u00e1ssico e veio preencher os desejos de todas as mulheres que adoram este modelo, mas tamb\u00e9m adoram malas grandes. Com um estilo elegante e uma estrutura r\u00edgida, o tamanho XL da nossa classic tem <strong>32 cm de largura por 22 cm de altura<\/strong> e \u00e9 feita com a nossa melhor <strong>pele genu\u00edna<\/strong> Italiana.<\/p>\n","protected":false},"featured_media":6139,"comment_status":"open","ping_status":"closed","template":"","meta":[],"product_brand":[],"product_cat":[84],"product_tag":[287,312],"class_list":{"0":"post-4108","1":"product","2":"type-product","3":"status-publish","4":"has-post-thumbnail","6":"product_cat-malas-de-ombro","7":"product_tag-bolsa-de-couro-a-tiracolo","8":"product_tag-mala-de-ombro-preta-em-pele-pt-pt","9":"tm-has-options","11":"first","12":"instock","13":"taxable","14":"shipping-taxable","15":"purchasable","16":"product-type-simple"},"_links":{"self":[{"href":"http:\/\/mitibags.com\/pt-pt\/wp-json\/wp\/v2\/product\/4108","targetHints":{"allow":["GET"]}}],"collection":[{"href":"http:\/\/mitibags.com\/pt-pt\/wp-json\/wp\/v2\/product"}],"about":[{"href":"http:\/\/mitibags.com\/pt-pt\/wp-json\/wp\/v2\/types\/product"}],"replies":[{"embeddable":true,"href":"http:\/\/mitibags.com\/pt-pt\/wp-json\/wp\/v2\/comments?post=4108"}],"version-history":[{"count":0,"href":"http:\/\/mitibags.com\/pt-pt\/wp-json\/wp\/v2\/product\/4108\/revisions"}],"wp:featuredmedia":[{"embeddable":true,"href":"http:\/\/mitibags.com\/pt-pt\/wp-json\/wp\/v2\/media\/6139"}],"wp:attachment":[{"href":"http:\/\/mitibags.com\/pt-pt\/wp-json\/wp\/v2\/media?parent=4108"}],"wp:term":[{"taxonomy":"product_brand","embeddable":true,"href":"http:\/\/mitibags.com\/pt-pt\/wp-json\/wp\/v2\/product_brand?post=4108"},{"taxonomy":"product_cat","embeddable":true,"href":"http:\/\/mitibags.com\/pt-pt\/wp-json\/wp\/v2\/product_cat?post=4108"},{"taxonomy":"product_tag","embeddable":true,"href":"http:\/\/mitibags.com\/pt-pt\/wp-json\/wp\/v2\/product_tag?post=4108"}],"curies":[{"name":"wp","href":"https:\/\/api.w.org\/{rel}","templated":true}]}}