{"id":4087,"date":"2024-03-31T19:00:44","date_gmt":"2024-03-31T18:00:44","guid":{"rendered":"https:\/\/mitibags.com\/?post_type=product&#038;p=4087"},"modified":"2024-06-10T01:03:40","modified_gmt":"2024-06-10T00:03:40","slug":"petite-sophia-mini-mala-de-mao-em-pele-preta","status":"publish","type":"product","link":"http:\/\/mitibags.com\/pt-pt\/product\/malas-em-pele\/malas-de-mao\/petite-sophia-mini-mala-de-mao-em-pele-preta\/","title":{"rendered":"Petite Sophia Mini Mala de M\u00e3o em Pele Preta"},"content":{"rendered":"<h2>Petite Sophia Mini Mala de M\u00e3o em Pele Preta<\/h2>\n<p>&nbsp;<\/p>\n<p>A Petite Sophia Mini Mala de M\u00e3o em Pele Preta \u00e9 a vers\u00e3o mini mais do nosso estilo Sophia.<\/p>\n<p>Com <strong>24 cm de comprimento e 15 cm de altura<\/strong> e um corpo estruturado<strong>,  <\/strong> A Petite Sophia Mini Mala de M\u00e3o em Pele Preta \u00e9 perfeita para aquela sa\u00edda \u00e0 noite com os amigos, uma vez que o seu tamanho lhe d\u00e1 liberdade para dan\u00e7ar toda a noite, mas grande o suficiente para poder levar o essencial, como o porta-cart\u00f5es, as chaves, o telem\u00f3vel e, claro, o batom.<\/p>\n<p>Fabricada com a melhor <strong>pele genu\u00edna<\/strong> tanto no interior como no exterior, esta mini mala de m\u00e3o preta tem uma al\u00e7a ajust\u00e1vel que lhe d\u00e1 a possibilidade de a usar como mala de m\u00e3o, mala a tiracolo ou mala de ombro. A al\u00e7a pode ser facilmente colocada e removida da mala atrav\u00e9s dos dois orif\u00edcios dourados que encontra em cada um dos lados.<\/p>\n<p>As ferragens douradas apenas real\u00e7am o poder luxuoso e fashion da Petite Sophia.<\/p>\n<p>D\u00ea um toque de cor \u00e0 Petite Sophia Mini Black Leather Handbag com um dos nossos len\u00e7os. Veja <a href=\"https:\/\/mitibags.com\/lencos-malas\/\">aqui <\/a> todos os modelos que temos dispon\u00edveis<\/p>\n<p>&nbsp;<\/p>\n<p><strong>Tamanho: <\/strong>24x7x15 cm<\/p>\n<p><strong>Material exterior: <\/strong>Couro italiano genu\u00edno<\/p>\n<p><strong>Material<\/strong> <strong>Interior:<\/strong> Couro preto<\/p>\n<p><strong>Cor:<\/strong> Preto<\/p>\n<p><strong>Cor das Ferragens:<\/strong> Dourado<\/p>\n","protected":false},"excerpt":{"rendered":"<p>A Petite Sophia Mini Mala de M\u00e3o em Pele Preta \u00e9 a vers\u00e3o mini mais do nosso estilo Sophia. Fabricada com a melhor<strong> pele genu\u00edna italiana<\/strong> no interior e no exterior, ferragens douradas, e com um tamanho de <strong>24 cm de comprimento e 15 cm de altura<\/strong>, a Petite Sophia vem com uma <strong>al\u00e7a ajust\u00e1vel<\/strong>, dando-lhe a possibilidade de a usar como mala de m\u00e3o, mala a tiracolo ou mala de ombro.<\/p>\n","protected":false},"featured_media":8247,"comment_status":"open","ping_status":"closed","template":"","meta":[],"product_brand":[],"product_cat":[61],"product_tag":[309,336,335,284],"class_list":{"0":"post-4087","1":"product","2":"type-product","3":"status-publish","4":"has-post-thumbnail","6":"product_cat-malas-de-mao","7":"product_tag-mala-de-mao-de-pele","8":"product_tag-mini-mala-de-mao-em-pele","9":"product_tag-mini-mala-de-mao-em-pele-preta","10":"product_tag-pele-genuina-preta","11":"tm-has-options","13":"first","14":"instock","15":"taxable","16":"shipping-taxable","17":"purchasable","18":"product-type-simple"},"_links":{"self":[{"href":"http:\/\/mitibags.com\/pt-pt\/wp-json\/wp\/v2\/product\/4087","targetHints":{"allow":["GET"]}}],"collection":[{"href":"http:\/\/mitibags.com\/pt-pt\/wp-json\/wp\/v2\/product"}],"about":[{"href":"http:\/\/mitibags.com\/pt-pt\/wp-json\/wp\/v2\/types\/product"}],"replies":[{"embeddable":true,"href":"http:\/\/mitibags.com\/pt-pt\/wp-json\/wp\/v2\/comments?post=4087"}],"version-history":[{"count":0,"href":"http:\/\/mitibags.com\/pt-pt\/wp-json\/wp\/v2\/product\/4087\/revisions"}],"wp:featuredmedia":[{"embeddable":true,"href":"http:\/\/mitibags.com\/pt-pt\/wp-json\/wp\/v2\/media\/8247"}],"wp:attachment":[{"href":"http:\/\/mitibags.com\/pt-pt\/wp-json\/wp\/v2\/media?parent=4087"}],"wp:term":[{"taxonomy":"product_brand","embeddable":true,"href":"http:\/\/mitibags.com\/pt-pt\/wp-json\/wp\/v2\/product_brand?post=4087"},{"taxonomy":"product_cat","embeddable":true,"href":"http:\/\/mitibags.com\/pt-pt\/wp-json\/wp\/v2\/product_cat?post=4087"},{"taxonomy":"product_tag","embeddable":true,"href":"http:\/\/mitibags.com\/pt-pt\/wp-json\/wp\/v2\/product_tag?post=4087"}],"curies":[{"name":"wp","href":"https:\/\/api.w.org\/{rel}","templated":true}]}}