{"id":3713,"date":"2024-01-27T22:13:21","date_gmt":"2024-01-27T21:13:21","guid":{"rendered":"https:\/\/mitibags.com\/?post_type=product&#038;p=3713"},"modified":"2024-06-15T20:45:08","modified_gmt":"2024-06-15T19:45:08","slug":"horsy-mala-tiracolo-pele-vermelha","status":"publish","type":"product","link":"http:\/\/mitibags.com\/pt-pt\/product\/malas-em-pele\/malas-tiracolo\/horsy-mala-tiracolo-pele-vermelha\/","title":{"rendered":"Horsy Mala Tiracolo Pele Vermelha"},"content":{"rendered":"<h2>Horsy Mala Tiracolo Pele Vermelha<\/h2>\n<p>&nbsp;<\/p>\n<p>A Horsy Mala Tiracolo Pele Vermelha \u00e9 o sonho de qualquer fashionista. Fabricada em It\u00e1lia pelos nossos experientes artes\u00e3os, utilizando a melhor <strong>pele genu\u00edna <\/strong> com uma ligeira textura (estilo saffiano), esta mala vai definitivamente faz\u00ea-la destacar-se na multid\u00e3o.<\/p>\n<p>Com uma <strong>al\u00e7a larga<\/strong>, <strong>ferragem em tom de ouro velho<\/strong> e um tamanho de <strong> 22 cm de comprimento e 17 cm de altura<\/strong> , a perfei\u00e7\u00e3o e a qualidade desta mala s\u00e3o simplesmente fant\u00e1sticas. O interior vermelho, feito de sarja de algod\u00e3o, d\u00e1-lhe aquele toque extra de eleg\u00e2ncia que a torna maravilhosa. Tamb\u00e9m no interior pode encontrar um pequeno bolso, com fecho zip, perfeito para colocar os objetos que precisa encontrar rapidamente quando abre a sua mala.<\/p>\n<p>A cor vermelha, em contraste com as ferragens em ouro velho, faz com que seja uma mala elegante que dar\u00e1 um toque de cor ao seu look.<\/p>\n<p>Se pretende dar um estilo diferente \u00e0 Horsy Mala Tiracolo Pele Vermelha, uma vez que a al\u00e7a que a acompanha pode ser facilmente removida, pode troc\u00e1-la, por exemplo, por uma al\u00e7a estilo Guitar Strap, que ficar\u00e1 lindamente neste modelo. Veja <a href=\"https:\/\/mitibags.com\/bags-straps\/\">aqui <\/a> todas as cores dispon\u00edveis na nossa sec\u00e7\u00e3o de al\u00e7as.<\/p>\n<p>&nbsp;<\/p>\n<p><strong>Tamanho: <\/strong>22x6x17 cm<\/p>\n<p><strong>Material Exterior: <\/strong>Pele Genu\u00edna<\/p>\n<p><strong>Material<\/strong> <strong>Interior<\/strong>: Sarja de Algod\u00e3o Vermelha<\/p>\n<p><strong>Cor:<\/strong> Vermelho<\/p>\n<p><strong>Cor das ferragens: <\/strong>Ouro Velho<\/p>\n","protected":false},"excerpt":{"rendered":"<p><span style=\"font-family: HelveticaNeueW01-65Medi, HelveticaNeueW02-65Medi, HelveticaNeueW10-65Medi, sans-serif;\">Estamos apaixonados por esta nossa Horsy Mala Tiracolo Pele Vermelha. Fabricada com a <strong>melhor pele genu\u00edna italiana<\/strong> preta, a qualidade desta mala \u00e9 simplesmente fant\u00e1stica. <\/span><span style=\"font-family: HelveticaNeueW01-65Medi, HelveticaNeueW02-65Medi, HelveticaNeueW10-65Medi, sans-serif;\">Se procura a mala de tiracolo perfeita, este modelo pode ser precisamente o que procura. O interior vermelho confere-lhe um toque extra de eleg\u00e2ncia que todos adoramos. Quem resiste a um belo interior colorido? O tamanho de <strong>22 cm de comprimento e 17 cm de altura<\/strong> e o interior com bolsos pequenos, acrescentam-lhe a organiza\u00e7\u00e3o de que necessita para poder ter tudo organizado e f\u00e1cil de encontrar dentro da sua mala. <\/span><\/p>\n","protected":false},"featured_media":7548,"comment_status":"open","ping_status":"closed","template":"","meta":[],"product_brand":[],"product_cat":[83],"product_tag":[324,325],"class_list":{"0":"post-3713","1":"product","2":"type-product","3":"status-publish","4":"has-post-thumbnail","6":"product_cat-malas-tiracolo","7":"product_tag-mala-tiracolo-pt-pt","8":"product_tag-mala-tiracolo-em-pele-pt-pt","9":"tm-has-options","11":"first","12":"instock","13":"taxable","14":"shipping-taxable","15":"purchasable","16":"product-type-simple"},"_links":{"self":[{"href":"http:\/\/mitibags.com\/pt-pt\/wp-json\/wp\/v2\/product\/3713","targetHints":{"allow":["GET"]}}],"collection":[{"href":"http:\/\/mitibags.com\/pt-pt\/wp-json\/wp\/v2\/product"}],"about":[{"href":"http:\/\/mitibags.com\/pt-pt\/wp-json\/wp\/v2\/types\/product"}],"replies":[{"embeddable":true,"href":"http:\/\/mitibags.com\/pt-pt\/wp-json\/wp\/v2\/comments?post=3713"}],"version-history":[{"count":0,"href":"http:\/\/mitibags.com\/pt-pt\/wp-json\/wp\/v2\/product\/3713\/revisions"}],"wp:featuredmedia":[{"embeddable":true,"href":"http:\/\/mitibags.com\/pt-pt\/wp-json\/wp\/v2\/media\/7548"}],"wp:attachment":[{"href":"http:\/\/mitibags.com\/pt-pt\/wp-json\/wp\/v2\/media?parent=3713"}],"wp:term":[{"taxonomy":"product_brand","embeddable":true,"href":"http:\/\/mitibags.com\/pt-pt\/wp-json\/wp\/v2\/product_brand?post=3713"},{"taxonomy":"product_cat","embeddable":true,"href":"http:\/\/mitibags.com\/pt-pt\/wp-json\/wp\/v2\/product_cat?post=3713"},{"taxonomy":"product_tag","embeddable":true,"href":"http:\/\/mitibags.com\/pt-pt\/wp-json\/wp\/v2\/product_tag?post=3713"}],"curies":[{"name":"wp","href":"https:\/\/api.w.org\/{rel}","templated":true}]}}