{"id":16112,"date":"2025-12-07T00:46:18","date_gmt":"2025-12-06T23:46:18","guid":{"rendered":"https:\/\/mitibags.com\/?post_type=product&#038;p=16112"},"modified":"2025-12-07T01:13:45","modified_gmt":"2025-12-07T00:13:45","slug":"braid-mala-tiracolo-azul-em-pele","status":"publish","type":"product","link":"http:\/\/mitibags.com\/pt-pt\/product\/malas-em-pele\/malas-tiracolo\/braid-mala-tiracolo-azul-em-pele\/","title":{"rendered":"Braid Mala Tiracolo Azul em Pele"},"content":{"rendered":"<h2>Braid Mala Tiracolo Azul em Pele<\/h2>\n<p>&nbsp;<\/p>\n<p>Apresentamos a nossa Braid Mala Tiracolo Azul em Pele, uma mala com bonito entran\u00e7ado e feita com a melhor pele genu\u00edna selvagem em cor preta no exterior e interior numa camur\u00e7a bege deslumbrante.<\/p>\n<p>Com <strong>26,50 cm de comprimento e 17 cm de altura<\/strong> e <strong>2 al\u00e7as remov\u00edveis<\/strong>, a nossa Braid Mala Tiracolo Preta em Pele \u00e9 a nova it bag que precisa ter no seu closet. Relativamente \u00e0s al\u00e7as, uma \u00e9 feita da mesma <strong>pele lisa <\/strong>que o exterior da mala, a outra uma <strong>corrente dourada<\/strong> de tamanho m\u00e9dio. A al\u00e7a em pele \u00e9 perfeita para um look descontra\u00eddo e para poder usar a sua Braid Mala Tiracolo Azul em Pele como mala de tiracolo, mas, como \u00e9 ajust\u00e1vel, tamb\u00e9m pode colocar a al\u00e7a mais curta e us\u00e1-la como mala de ombro. Contudo, se procura um estilo mais glamoroso, pode optar pela al\u00e7a em corrente dourada, a op\u00e7\u00e3o perfeita para usar a sua mala na m\u00e3o ou ao ombro, uma vez que \u00e9 mais curta.<\/p>\n<p>No interior da mala, encontra tamb\u00e9m um pequeno bolso em pele com fecho zip, perfeito para guardar os objetos aos quais precisa de acesso r\u00e1pido.<\/p>\n<p>Por fim, os detalhes das ferragens em dourado combinam perfeitamente com a corrente dourada, tornando esta mala perfeita.<\/p>\n<p>D\u00ea um toque pessoal \u00e0 sua nova mala, acrescentando um acess\u00f3rio. Clique <a href=\"https:\/\/mitibags.com\/acessorios-malas\/\">aqui<\/a> e veja toda a nossa cole\u00e7\u00e3o de acess\u00f3rios.<\/p>\n<p>&nbsp;<\/p>\n<p><strong>Tamanho: <\/strong>26,50&#215;7,50&#215;17 cm<\/p>\n<p><strong>Material Exterior: <\/strong>Pele Genu\u00edna<\/p>\n<p><strong>Material<\/strong> <strong>Interior:<\/strong> Sarja de algod\u00e3o<\/p>\n<p><strong>Cor:<\/strong> Azul<\/p>\n<p><strong>Cor das Ferragens:<\/strong> Dourado<\/p>\n","protected":false},"excerpt":{"rendered":"<p>Apresentamos a nossa Braid Mala Tiracolo Azul em Pele, uma mala com bonito entran\u00e7ado e feita com a melhor <strong>pele genu\u00edna selvagem<\/strong> em cor azul no exterior e interior numa camur\u00e7a begedeslumbrante. Com <strong>26,50 cm de largura x 17 cm de altura <\/strong>e <strong>2 al\u00e7as amov\u00edveis <\/strong>, esta mala pode ser facilmente transformada de um look de dia para look de noite, tornando-a na nova mala de tiracolo perfeita para o seu closet.<\/p>\n","protected":false},"featured_media":16113,"comment_status":"open","ping_status":"closed","template":"","meta":[],"product_brand":[],"product_cat":[83],"product_tag":[993,327,324,325],"class_list":{"0":"post-16112","1":"product","2":"type-product","3":"status-publish","4":"has-post-thumbnail","6":"product_cat-malas-tiracolo","7":"product_tag-braid-mala-tiracolo-azul-em-pele","8":"product_tag-braid-mala-tiracolo-preta-em-pele","9":"product_tag-mala-tiracolo-pt-pt","10":"product_tag-mala-tiracolo-em-pele-pt-pt","11":"tm-has-options","13":"first","14":"instock","15":"taxable","16":"shipping-taxable","17":"purchasable","18":"product-type-simple"},"_links":{"self":[{"href":"http:\/\/mitibags.com\/pt-pt\/wp-json\/wp\/v2\/product\/16112","targetHints":{"allow":["GET"]}}],"collection":[{"href":"http:\/\/mitibags.com\/pt-pt\/wp-json\/wp\/v2\/product"}],"about":[{"href":"http:\/\/mitibags.com\/pt-pt\/wp-json\/wp\/v2\/types\/product"}],"replies":[{"embeddable":true,"href":"http:\/\/mitibags.com\/pt-pt\/wp-json\/wp\/v2\/comments?post=16112"}],"version-history":[{"count":0,"href":"http:\/\/mitibags.com\/pt-pt\/wp-json\/wp\/v2\/product\/16112\/revisions"}],"wp:featuredmedia":[{"embeddable":true,"href":"http:\/\/mitibags.com\/pt-pt\/wp-json\/wp\/v2\/media\/16113"}],"wp:attachment":[{"href":"http:\/\/mitibags.com\/pt-pt\/wp-json\/wp\/v2\/media?parent=16112"}],"wp:term":[{"taxonomy":"product_brand","embeddable":true,"href":"http:\/\/mitibags.com\/pt-pt\/wp-json\/wp\/v2\/product_brand?post=16112"},{"taxonomy":"product_cat","embeddable":true,"href":"http:\/\/mitibags.com\/pt-pt\/wp-json\/wp\/v2\/product_cat?post=16112"},{"taxonomy":"product_tag","embeddable":true,"href":"http:\/\/mitibags.com\/pt-pt\/wp-json\/wp\/v2\/product_tag?post=16112"}],"curies":[{"name":"wp","href":"https:\/\/api.w.org\/{rel}","templated":true}]}}