{"id":15796,"date":"2025-11-22T21:38:00","date_gmt":"2025-11-22T20:38:00","guid":{"rendered":"https:\/\/mitibags.com\/?post_type=product&#038;p=15796"},"modified":"2025-11-30T14:59:34","modified_gmt":"2025-11-30T13:59:34","slug":"mary-mala-de-mao-em-pele-preta","status":"publish","type":"product","link":"http:\/\/mitibags.com\/pt-pt\/product\/malas-em-pele\/malas-de-mao\/mary-mala-de-mao-em-pele-preta\/","title":{"rendered":"Mary Mala de M\u00e3o Preta em Pele"},"content":{"rendered":"<h2>Mary Mala de M\u00e3o Preta em Pele<\/h2>\n<p>&nbsp;<\/p>\n<p>Mary \u00e9 a estilo de mala que apaixona toda a mulher! Produzida \u00e0 m\u00e3o na It\u00e1lia com a melhor pele genu\u00edna de cor preta, esta mala combina eleg\u00e2ncia e funcionalidade. A qualidade da pele real\u00e7a o design sofisticado deste modelo, fazendo deste a adi\u00e7\u00e3o perfeita para o seu guarda-roupa. Com um grande espa\u00e7o para poder levar consigo tudo o que precisa, a Mary Mala de m\u00e3o preta em pele \u00e9 o toque de glamour que procura.   <\/p>\n<p>Com um tamanho de 37 cm de comprimento por 27 cm de altura, esta mala elegante combina a eleg\u00e2ncia da pele genu\u00edna preta que destaque a sua sofistica\u00e7\u00e3o e confere-lhe um elevado grau de qualidade.<\/p>\n<p>O design oferece amplo espa\u00e7o para tudo o que precisa trazer consigo, respeitando contudo a eleg\u00e2ncia refinada do modelo. Mary Mala de M\u00e3o Preta em Pele combina estilo e eleg\u00e2ncia, tornando-a assim em um must-have para as entusiastas da moda.  <\/p>\n<p>As ferragens prateadas destacam o car\u00e1ter luxuoso desta mala, sendo o fecho feito atrav\u00e9s da rota\u00e7\u00e3o da pe\u00e7a que se encontra na frente. A mala \u00e9 acompanhada ainda por um cadeado e respetivas chaves que se encontram no interior na pe\u00e7a de pele que est\u00e1 presa \u00e0 al\u00e7a. <\/p>\n<p>Adicione um toque extra de glamour \u00e0 sua Mary Mala de M\u00e3o Preta em Pele adicionando um len\u00e7o \u00e0s al\u00e7as. Veja <a href=\"https:\/\/mitibags.com\/lencos-malas\/\">aqui<\/a> todos os modelos que temos dispon\u00edveis<\/p>\n<p>Torne-a ainda mais perfeita personalizando-a com as suas iniciais.<\/p>\n<p>&nbsp;<\/p>\n<p><strong>Tamanho: <\/strong>37x17x27 cm<\/p>\n<p><strong>Material Exterior: <\/strong>Pele martelada<\/p>\n<p><strong>Cor:<\/strong> Preto<\/p>\n<p><strong>Cor das ferragens: <\/strong>Prateado<\/p>\n<p>&nbsp;<\/p>\n<p>Siga-nos no <a href=\"https:\/\/www.instagram.com\/mitibags\/\" target=\"_blank\" rel=\"noopener\">Instagram<\/a> e <a href=\"https:\/\/www.facebook.com\/MitiBags\/\" target=\"_blank\" rel=\"noopener\">Facebook <\/a> e fa\u00e7a parte da nossa comunidade.<\/p>\n","protected":false},"excerpt":{"rendered":"<p>Mary \u00e9 a estilo de mala que apaixona toda a mulher! Produzida \u00e0 m\u00e3o na It\u00e1lia com a melhor pele genu\u00edna de cor preta, esta mala combina eleg\u00e2ncia e funcionalidade. Feita com a melhor <strong>pele genu\u00edna<\/strong> e com um tamanho de <strong>37 cm de comprimento por 27 cm de altura,<\/strong> a Mary Mala de M\u00e3o Preta em Pele \u00e9 a mala perfeita para quem procura um toque de glamour para o seu guarda-roupa.  <\/p>\n","protected":false},"featured_media":15762,"comment_status":"open","ping_status":"closed","template":"","meta":[],"product_brand":[],"product_cat":[61],"product_tag":[975,284],"class_list":{"0":"post-15796","1":"product","2":"type-product","3":"status-publish","4":"has-post-thumbnail","6":"product_cat-malas-de-mao","7":"product_tag-celebridade-mala-de-mao-em-pele","8":"product_tag-pele-genuina-preta","9":"tm-has-options","11":"first","12":"instock","13":"taxable","14":"shipping-taxable","15":"purchasable","16":"product-type-simple"},"_links":{"self":[{"href":"http:\/\/mitibags.com\/pt-pt\/wp-json\/wp\/v2\/product\/15796","targetHints":{"allow":["GET"]}}],"collection":[{"href":"http:\/\/mitibags.com\/pt-pt\/wp-json\/wp\/v2\/product"}],"about":[{"href":"http:\/\/mitibags.com\/pt-pt\/wp-json\/wp\/v2\/types\/product"}],"replies":[{"embeddable":true,"href":"http:\/\/mitibags.com\/pt-pt\/wp-json\/wp\/v2\/comments?post=15796"}],"version-history":[{"count":0,"href":"http:\/\/mitibags.com\/pt-pt\/wp-json\/wp\/v2\/product\/15796\/revisions"}],"wp:featuredmedia":[{"embeddable":true,"href":"http:\/\/mitibags.com\/pt-pt\/wp-json\/wp\/v2\/media\/15762"}],"wp:attachment":[{"href":"http:\/\/mitibags.com\/pt-pt\/wp-json\/wp\/v2\/media?parent=15796"}],"wp:term":[{"taxonomy":"product_brand","embeddable":true,"href":"http:\/\/mitibags.com\/pt-pt\/wp-json\/wp\/v2\/product_brand?post=15796"},{"taxonomy":"product_cat","embeddable":true,"href":"http:\/\/mitibags.com\/pt-pt\/wp-json\/wp\/v2\/product_cat?post=15796"},{"taxonomy":"product_tag","embeddable":true,"href":"http:\/\/mitibags.com\/pt-pt\/wp-json\/wp\/v2\/product_tag?post=15796"}],"curies":[{"name":"wp","href":"https:\/\/api.w.org\/{rel}","templated":true}]}}