{"id":15726,"date":"2025-11-22T19:15:33","date_gmt":"2025-11-22T18:15:33","guid":{"rendered":"https:\/\/mitibags.com\/?post_type=product&#038;p=15726"},"modified":"2025-11-24T22:40:02","modified_gmt":"2025-11-24T21:40:02","slug":"ruffle-mala-bucket-bordeaux-em-pele","status":"publish","type":"product","link":"http:\/\/mitibags.com\/pt-pt\/product\/malas-em-pele\/malas-bucket\/ruffle-mala-bucket-bordeaux-em-pele\/","title":{"rendered":"Ruffle Mala Bucket Bordeaux em Pele"},"content":{"rendered":"<h2>Ruffle Mala Bucket Bordeaux em Pele<\/h2>\n<p>&nbsp;<\/p>\n<p>Se procura uma mala estilo bucket mas com um toque diferente do tradicional, a <strong>Ruffle Mala Bucket Bordeaux em Pele<\/strong> pode ser o que procura. Os folhos usados neste modelo d\u00e3o-lhe um toque especial que, combinado com as pequenas tachas douradas que se encontram na al\u00e7a, a tornam uma \u00f3ptima op\u00e7\u00e3o se procura um estilo diferente e mais fashion. Os folhos usados neste modelo d\u00e3o-lhe um toque especial que, combinado com as pequenas tachas douradas que se encontram na al\u00e7a, a tornam uma \u00f3ptima op\u00e7\u00e3o se procura um estilo diferente e mais fashion.<\/p>\n<p>Com <strong>25 cm de comprimento x 26 cm de altura<\/strong> e produzida em It\u00e1lia com a melhor <strong>pele genu\u00edna estilo selvagem<\/strong>, a Ruffle Mala Bucket Bordeaux em Pele junta design e qualidade. Os pormenores <strong>dourados das ferragens<\/strong> utilizadas nas pequenas tachas e na corrente da al\u00e7a real\u00e7am a beleza desta mala.<\/p>\n<p>Quando apertadas, as duas fitas na parte da frente do saco, combinadas com o \u00edman escondido na aba de pele, mant\u00eam tudo o que leva consigo seguro. No interior, de sarja de algod\u00e3o preta, encontra um pequeno bolso com fecho zip, perfeito para guardar os objetos que precisa de encontrar rapidamente dentro da sua mala, como chaves ou telem\u00f3vel.<\/p>\n<p>As <strong>2 al\u00e7as<\/strong> inclu\u00eddas podem ser facilmente colocadas e retiradas da Ruffle Mala Bucket Bordeaux em Pele e permitem us\u00e1-la ao ombro, como mala tiracolo ou ainda como mala de m\u00e3o. A al\u00e7a tiracolo combina dois materiais: corrente dourada e pele na parte que assenta no ombro, aumentando o conforto da sua nova Mala Bucket. Na nossa <a href=\"https:\/\/mitibags.com\/bags-straps\/\">sec\u00e7\u00e3o de al\u00e7as<\/a> pode encontrar outros estilos, como as guitar strap, que pode tamb\u00e9m conjugar com a Ruffle Mala Bucket Preta em Pele.<\/p>\n<p>Se adora uma personaliza\u00e7\u00e3o pode adicionar as suas iniciais \u00e0 <strong>Ruffle Mala Bucket Bordeaux em Pele<\/strong> dando-lhe um toque de luxo e exclusividade. Para o fazer, clique no bot\u00e3o personalizar e personalize a sua mala bucket. Para o fazer clique no botao personalizar e personalize a sua mala bucket.<\/p>\n<p>&nbsp;<\/p>\n<p><strong>Tamanho: <\/strong>25x18x26 cm<\/p>\n<p><strong>Material Exterior: <\/strong>Pele Genu\u00edna Lisa<\/p>\n<p><strong>Material<\/strong> <strong>Interior:<\/strong> Sarja de Algod\u00e3o<\/p>\n<p><strong>Cor:<\/strong> Bordeaux<\/p>\n<p><strong>Cor das Ferragens:<\/strong> Dourado<\/p>\n<p>&nbsp;<\/p>\n<p>Siga-nos no <a href=\"https:\/\/www.instagram.com\/mitibags\/\" target=\"_blank\" rel=\"noopener\">Instagram<\/a> e <a href=\"https:\/\/www.facebook.com\/MitiBags\/\" target=\"_blank\" rel=\"noopener\">Facebook <\/a> e fa\u00e7a parte da nossa comunidade.<\/p>\n","protected":false},"excerpt":{"rendered":"<p>Feita \u00e0 m\u00e3o em It\u00e1lia com a melhor <strong>pele selvagem de cor bordeaux<\/strong>, e um tamanho de <strong>25 cm de comprimento por 26 cm de altura<\/strong>, a Ruffle mala bucket bordeaux em pele pode ser a mala bucket que procura. Com ferragens douradas e <strong>2 al\u00e7as amov\u00edveis<\/strong>, pode ser usada de 3 formas diferentes &#8211; como mala de ombro, mala a tiracolo ou mala de m\u00e3o.<\/p>\n","protected":false},"featured_media":15701,"comment_status":"open","ping_status":"closed","template":"","meta":[],"product_brand":[],"product_cat":[81],"product_tag":[977,979,978],"class_list":{"0":"post-15726","1":"product","2":"type-product","3":"status-publish","4":"has-post-thumbnail","6":"product_cat-malas-bucket","7":"product_tag-mala-bucket-bordeaux","8":"product_tag-mala-bucket-bordeaux-em-pele","9":"product_tag-ruffle-mala-bucket-bordeaux-em-pele","10":"tm-has-options","12":"first","13":"instock","14":"taxable","15":"shipping-taxable","16":"purchasable","17":"product-type-simple"},"_links":{"self":[{"href":"http:\/\/mitibags.com\/pt-pt\/wp-json\/wp\/v2\/product\/15726","targetHints":{"allow":["GET"]}}],"collection":[{"href":"http:\/\/mitibags.com\/pt-pt\/wp-json\/wp\/v2\/product"}],"about":[{"href":"http:\/\/mitibags.com\/pt-pt\/wp-json\/wp\/v2\/types\/product"}],"replies":[{"embeddable":true,"href":"http:\/\/mitibags.com\/pt-pt\/wp-json\/wp\/v2\/comments?post=15726"}],"version-history":[{"count":0,"href":"http:\/\/mitibags.com\/pt-pt\/wp-json\/wp\/v2\/product\/15726\/revisions"}],"wp:featuredmedia":[{"embeddable":true,"href":"http:\/\/mitibags.com\/pt-pt\/wp-json\/wp\/v2\/media\/15701"}],"wp:attachment":[{"href":"http:\/\/mitibags.com\/pt-pt\/wp-json\/wp\/v2\/media?parent=15726"}],"wp:term":[{"taxonomy":"product_brand","embeddable":true,"href":"http:\/\/mitibags.com\/pt-pt\/wp-json\/wp\/v2\/product_brand?post=15726"},{"taxonomy":"product_cat","embeddable":true,"href":"http:\/\/mitibags.com\/pt-pt\/wp-json\/wp\/v2\/product_cat?post=15726"},{"taxonomy":"product_tag","embeddable":true,"href":"http:\/\/mitibags.com\/pt-pt\/wp-json\/wp\/v2\/product_tag?post=15726"}],"curies":[{"name":"wp","href":"https:\/\/api.w.org\/{rel}","templated":true}]}}