{"id":15675,"date":"2025-11-16T23:05:14","date_gmt":"2025-11-16T22:05:14","guid":{"rendered":"https:\/\/mitibags.com\/?post_type=product&#038;p=15675"},"modified":"2025-11-30T14:11:26","modified_gmt":"2025-11-30T13:11:26","slug":"fashionista-mala-de-mao-em-pele-camel","status":"publish","type":"product","link":"http:\/\/mitibags.com\/pt-pt\/product\/malas-em-pele\/malas-de-mao\/fashionista-mala-de-mao-em-pele-camel\/","title":{"rendered":"Fashionista Mala de M\u00e3o Camel em Pele"},"content":{"rendered":"<h2>Fashionista Mala de M\u00e3o Camel em Pele<\/h2>\n<p>&nbsp;<\/p>\n<p>Procura uma mala fashion para o dia-a-dia? Fashionista Mala de M\u00e3o Camel em Pele pode ser o que procura,<\/p>\n<p>Com um tamanho de 32 cm de comprimento e 27 cm de altura, esta elegante mala \u00e9 feita com a melhor pele genu\u00edna camel que destaca ainda mais a sua sofistica\u00e7\u00e3o e confere-lhe elevada qualidade.<\/p>\n<p>O design oferece ainda espa\u00e7o para os seus essenciais mantendo uma silhueta elegante e refinada. Perfeita para uma ocasi\u00e3o formal ou para o dia-a-dia, a Fashionista Mala de M\u00e3o Camel em Pele combina impecavelmente estilo e eleg\u00e2ncia, tornando-a assim num acess\u00f3rio indispens\u00e1vel para as fashionistas.  <\/p>\n<p>As ferragens douradas destacam o car\u00e1ter luxuoso da mala. O fecho da frente \u00e9 feito rodando a pe\u00e7a frontal. <\/p>\n<p>No topo da mala pode ainda encontrar duas pe\u00e7as laterais onde pode prender a al\u00e7a extra que acompanha a Fashionista Mala de M\u00e3o Camel em Pele, facilitando a passagem de mala de m\u00e3o para tiracolo ou mala de ombro.<\/p>\n<p>Adicione um toque de cor \u00e0 Fashionista Mala de M\u00e3o Camel em Pele com um len\u00e7o. Veja <a href=\"https:\/\/mitibags.com\/lencos-malas\/\">aqui<\/a> todos os modelos que temos dispon\u00edveis<\/p>\n<p>&nbsp;<\/p>\n<p><strong>Tamanho: <\/strong>32x14x27 cm<\/p>\n<p><strong>Material Exterior: <\/strong>Pele martelada<\/p>\n<p><strong>Cor:<\/strong> Camel<\/p>\n<p><strong>Cor das Ferragens:<\/strong> Dourado<\/p>\n<p>&nbsp;<\/p>\n<p>Siga-nos no <a href=\"https:\/\/www.instagram.com\/mitibags\/\" target=\"_blank\" rel=\"noopener\">Instagram<\/a> e <a href=\"https:\/\/www.facebook.com\/MitiBags\/\" target=\"_blank\" rel=\"noopener\">Facebook <\/a> e fa\u00e7a parte da nossa comunidade.<\/p>\n","protected":false},"excerpt":{"rendered":"<p>Procura uma mala fashion para o dia-a-dia? Fashionista Mala de M\u00e3o Camel em Pele pode ser o que procura. Feita \u00e0 m\u00e3o em It\u00e1lia com a melhor <strong>pele genu\u00edna <\/strong>e com <strong>32 cm de comprimento e 27cm de altura<\/strong>, Fashionista Mala de M\u00e3o Camel em Pele vem com uma al\u00e7a extra e \u00e9 a mala ideal para quem procura uma mala fashion.  <\/p>\n","protected":false},"featured_media":15455,"comment_status":"open","ping_status":"closed","template":"","meta":[],"product_brand":[],"product_cat":[61],"product_tag":[980,337],"class_list":{"0":"post-15675","1":"product","2":"type-product","3":"status-publish","4":"has-post-thumbnail","6":"product_cat-malas-de-mao","7":"product_tag-fashion-leather-handbag","8":"product_tag-mala-de-pele-camel","9":"tm-has-options","11":"first","12":"instock","13":"taxable","14":"shipping-taxable","15":"purchasable","16":"product-type-simple"},"_links":{"self":[{"href":"http:\/\/mitibags.com\/pt-pt\/wp-json\/wp\/v2\/product\/15675","targetHints":{"allow":["GET"]}}],"collection":[{"href":"http:\/\/mitibags.com\/pt-pt\/wp-json\/wp\/v2\/product"}],"about":[{"href":"http:\/\/mitibags.com\/pt-pt\/wp-json\/wp\/v2\/types\/product"}],"replies":[{"embeddable":true,"href":"http:\/\/mitibags.com\/pt-pt\/wp-json\/wp\/v2\/comments?post=15675"}],"version-history":[{"count":0,"href":"http:\/\/mitibags.com\/pt-pt\/wp-json\/wp\/v2\/product\/15675\/revisions"}],"wp:featuredmedia":[{"embeddable":true,"href":"http:\/\/mitibags.com\/pt-pt\/wp-json\/wp\/v2\/media\/15455"}],"wp:attachment":[{"href":"http:\/\/mitibags.com\/pt-pt\/wp-json\/wp\/v2\/media?parent=15675"}],"wp:term":[{"taxonomy":"product_brand","embeddable":true,"href":"http:\/\/mitibags.com\/pt-pt\/wp-json\/wp\/v2\/product_brand?post=15675"},{"taxonomy":"product_cat","embeddable":true,"href":"http:\/\/mitibags.com\/pt-pt\/wp-json\/wp\/v2\/product_cat?post=15675"},{"taxonomy":"product_tag","embeddable":true,"href":"http:\/\/mitibags.com\/pt-pt\/wp-json\/wp\/v2\/product_tag?post=15675"}],"curies":[{"name":"wp","href":"https:\/\/api.w.org\/{rel}","templated":true}]}}