{"id":15662,"date":"2025-11-16T12:04:15","date_gmt":"2025-11-16T11:04:15","guid":{"rendered":"https:\/\/mitibags.com\/?post_type=product&#038;p=15662"},"modified":"2025-11-30T17:03:07","modified_gmt":"2025-11-30T16:03:07","slug":"slouchy-taupe-mala-de-ombro-em-camurca","status":"publish","type":"product","link":"http:\/\/mitibags.com\/pt-pt\/product\/malas-em-pele\/malas-de-cintura\/slouchy-taupe-mala-de-ombro-em-camurca\/","title":{"rendered":"Slouchy Mala de Ombro Taupe em Camur\u00e7a"},"content":{"rendered":"<h2>Slouchy Mala de Ombro Taupe em Camur\u00e7a<\/h2>\n<p>&nbsp;<\/p>\n<p>Procura uma mala confort\u00e1vel e com um estilo mais relaxado? a Slouchy Mala de Ombro Taupe em Camur\u00e7a pode ser aquilo que procura. <\/p>\n<p>Com um estilo desestruturado e com uma al\u00e7a ajust\u00e1vel, feita \u00e0 m\u00e3o com camur\u00e7a Italiana de elevada qualidade, a Slouchy Mala de Ombro Taupe em Camur\u00e7a \u00e9 a mala perfeita para quem procura um look mais relaxado. Esta mala tem um estilo vers\u00e1til, sendo poss\u00edvel atrav\u00e9s do ajuste da al\u00e7a utiliz\u00e1-la ao ombro, como tiracolo ou mesmo como mala bumber. <\/p>\n<p>Feita com a camur\u00e7a de qualidade premium, esta mala com um estilo elegante e desestruturado real\u00e7a um estilo casual mas refinado. A al\u00e7a ajust\u00e1vel permite um conforto personalizado, tornando-a adapt\u00e1vel a v\u00e1rias situa\u00e7\u00f5es. <\/p>\n<p>Com um tamanho de <strong>40 cm de comprimento e 25 cm de altura<\/strong> o fecho desta mala \u00e9 feito com fecho zip e a al\u00e7a ajust\u00e1vel \u00e9 em pele genu\u00edna (n\u00e3o camur\u00e7a como o restante). <\/p>\n<p>Para tornar a Slouchy Mala de Ombro Taupe em Camur\u00e7a ainda mais perfeita e feita especialmente para si <strong>personalize-a com as iniciais do seu nome e torne-a unicamente sua.<\/strong> <\/p>\n<p>Adicione um toque de eleg\u00e2ncia adicionando um acess\u00f3rio como um len\u00e7o ou charm. Veja aqui a cole\u00e7\u00e3o de acess\u00f3rios que preparamos para si. <\/p>\n<p>&nbsp;<\/p>\n<p><strong>Tamanho: <\/strong>40x10x25 cm<\/p>\n<p><strong>Material Exterior <\/strong>Camur\u00e7a<\/p>\n<p><strong>Material<\/strong> <strong>Interior<\/strong> Pele Genu\u00edna<\/p>\n<p><strong>Cor: <\/strong>Taupe<\/p>\n<p><strong>Cor das Ferragens:<\/strong> Dourado<\/p>\n<p>&nbsp;<\/p>\n<p>Siga-nos no <a href=\"https:\/\/www.instagram.com\/mitibags\/\" target=\"_blank\" rel=\"noopener\">Instagram<\/a> e <a href=\"https:\/\/www.facebook.com\/MitiBags\/\" target=\"_blank\" rel=\"noopener\">Facebook <\/a> e fa\u00e7a parte da nossa comunidade.<\/p>\n","protected":false},"excerpt":{"rendered":"<p>A Slouchy Mala de Ombro Taupe em Camur\u00e7a \u00e9 confort\u00e1vel e tem um estilo mais relaxado. Feita \u00e0 m\u00e3o em It\u00e1lia com a melhor camur\u00e7a de cor taupe, esta mala \u00e9 perfeita para quem procura um look relaxado e uma mala vers\u00e1til, j\u00e1 que o ajuste da al\u00e7a permite us\u00e1-la como mala tiracolo, ombro, ou at\u00e9 mesmo como bumber. Com ferragens douradas e um tamanho de <strong>40 cm de comprimento e 25 cm de altura<\/strong>,o <strong>fecho<\/strong> \u00e9 feito atrav\u00e9s de um fecho zip dourado.  <\/p>\n","protected":false},"featured_media":15583,"comment_status":"open","ping_status":"closed","template":"","meta":[],"product_brand":[],"product_cat":[82,84,83],"product_tag":[867,982,981],"class_list":{"0":"post-15662","1":"product","2":"type-product","3":"status-publish","4":"has-post-thumbnail","6":"product_cat-malas-de-cintura","7":"product_cat-malas-de-ombro","8":"product_cat-malas-tiracolo","9":"product_tag-mala-em-pele-taupe","10":"product_tag-mala-ombro-em-camurca","11":"product_tag-mala-tiracolo-em-camurca","12":"tm-has-options","14":"first","15":"instock","16":"taxable","17":"shipping-taxable","18":"purchasable","19":"product-type-simple"},"_links":{"self":[{"href":"http:\/\/mitibags.com\/pt-pt\/wp-json\/wp\/v2\/product\/15662","targetHints":{"allow":["GET"]}}],"collection":[{"href":"http:\/\/mitibags.com\/pt-pt\/wp-json\/wp\/v2\/product"}],"about":[{"href":"http:\/\/mitibags.com\/pt-pt\/wp-json\/wp\/v2\/types\/product"}],"replies":[{"embeddable":true,"href":"http:\/\/mitibags.com\/pt-pt\/wp-json\/wp\/v2\/comments?post=15662"}],"version-history":[{"count":0,"href":"http:\/\/mitibags.com\/pt-pt\/wp-json\/wp\/v2\/product\/15662\/revisions"}],"wp:featuredmedia":[{"embeddable":true,"href":"http:\/\/mitibags.com\/pt-pt\/wp-json\/wp\/v2\/media\/15583"}],"wp:attachment":[{"href":"http:\/\/mitibags.com\/pt-pt\/wp-json\/wp\/v2\/media?parent=15662"}],"wp:term":[{"taxonomy":"product_brand","embeddable":true,"href":"http:\/\/mitibags.com\/pt-pt\/wp-json\/wp\/v2\/product_brand?post=15662"},{"taxonomy":"product_cat","embeddable":true,"href":"http:\/\/mitibags.com\/pt-pt\/wp-json\/wp\/v2\/product_cat?post=15662"},{"taxonomy":"product_tag","embeddable":true,"href":"http:\/\/mitibags.com\/pt-pt\/wp-json\/wp\/v2\/product_tag?post=15662"}],"curies":[{"name":"wp","href":"https:\/\/api.w.org\/{rel}","templated":true}]}}