{"id":15650,"date":"2025-11-16T00:20:32","date_gmt":"2025-11-15T23:20:32","guid":{"rendered":"https:\/\/mitibags.com\/?post_type=product&#038;p=15650"},"modified":"2025-11-30T17:55:22","modified_gmt":"2025-11-30T16:55:22","slug":"anita-camurca-mala-de-mao-castanha","status":"publish","type":"product","link":"http:\/\/mitibags.com\/pt-pt\/product\/malas-em-pele\/malas-de-mao\/anita-camurca-mala-de-mao-castanha\/","title":{"rendered":"Anita Mala de M\u00e3o Castanha Escura em Camur\u00e7a"},"content":{"rendered":"<h2>Anita Mala de M\u00e3o Castanha Escura em Camur\u00e7a<\/h2>\n<p>&nbsp;<\/p>\n<p>A Anita Mala de M\u00e3o Castanha Escura em Camur\u00e7a tem um design elegante, perfeito para a mulher que procura um look intemporal.<\/p>\n<p>Feita \u00e0 m\u00e3o em It\u00e1lia com a mais perfeita camur\u00e7a de cor castanha, esta mala vai fazer o seu look brilhar.<\/p>\n<p>As al\u00e7as e o fundo da Anita Mala de M\u00e3o Castanha Escura em Camur\u00e7a s\u00e3o feitos em pele genu\u00edna, tornando-a mais dur\u00e1vel e f\u00e1cil de limpar nas zonas mais cr\u00edticas. <\/p>\n<p>Com um tamanho de <strong>38 cm de comprimento e 23 cm de altura<\/strong>, o fecho desta mala \u00e9 feito com fecho zip dourado, da mesma cor que o resto das ferragens, mantendo assim todos os seus pertences em seguran\u00e7a.<\/p>\n<p>A mala vem ainda com uma al\u00e7a extra, tornando poss\u00edvel us\u00e1-la ao ombro ou como tiracolo.<\/p>\n<p>Para tornar a Anita Mala de M\u00e3o Castanha Escura em Camur\u00e7a ainda mais perfeita e feita especialmente para ti, <strong>personalize-a com as iniciais do seu nome e torne-a unicamente sua<\/strong>. <\/p>\n<p>Adicione um toque de eleg\u00e2ncia adicionando um acess\u00f3rio como um len\u00e7o ou charm. Veja aqui a cole\u00e7\u00e3o de acess\u00f3rios que preparamos para si. <\/p>\n<p>&nbsp;<\/p>\n<p><strong>Tamanho: <\/strong>38x15x23 cm<\/p>\n<p><strong>Material Exterior <\/strong>Camur\u00e7a<\/p>\n<p><strong>Material<\/strong> <strong>Interior<\/strong> Pele Genu\u00edna<\/p>\n<p><strong>Cor:<\/strong> Castanho chocolate<\/p>\n<p><strong>Cor das Ferragens:<\/strong> Dourado<\/p>\n<p>&nbsp;<\/p>\n<p>Siga-nos no <a href=\"https:\/\/www.instagram.com\/mitibags\/\" target=\"_blank\" rel=\"noopener\">Instagram<\/a> e <a href=\"https:\/\/www.facebook.com\/MitiBags\/\" target=\"_blank\" rel=\"noopener\">Facebook <\/a> e fa\u00e7a parte da nossa comunidade.<\/p>\n","protected":false},"excerpt":{"rendered":"<p>A Anita Mala de M\u00e3o Castanha Escura em Camur\u00e7a tem um design elegante perfeito para a mulher que procura uma mala fashion e um look intemporal. Feita \u00e0 m\u00e3o em It\u00e1lia com a melhor camur\u00e7a castanha, esta mala vai concerteza abrilhantar o seu look. Com ferragens douradas e um tamanho de <strong>38 cm de comprimento e 23 cm de altura<\/strong> o fecho \u00e9 feito atrav\u00e9s de um<strong> fecho zip<\/strong>.   <\/p>\n","protected":false},"featured_media":15345,"comment_status":"open","ping_status":"closed","template":"","meta":[],"product_brand":[],"product_cat":[61],"product_tag":[983,903,901,985,984,309],"class_list":{"0":"post-15650","1":"product","2":"type-product","3":"status-publish","4":"has-post-thumbnail","6":"product_cat-malas-de-mao","7":"product_tag-brown-suede-handbag","8":"product_tag-mala-camurca","9":"product_tag-mala-castanha-em-pele-pt-pt","10":"product_tag-mala-castanho-chocolate","11":"product_tag-mala-castanho-escuro","12":"product_tag-mala-de-mao-de-pele","13":"tm-has-options","15":"first","16":"instock","17":"taxable","18":"shipping-taxable","19":"purchasable","20":"product-type-simple"},"_links":{"self":[{"href":"http:\/\/mitibags.com\/pt-pt\/wp-json\/wp\/v2\/product\/15650","targetHints":{"allow":["GET"]}}],"collection":[{"href":"http:\/\/mitibags.com\/pt-pt\/wp-json\/wp\/v2\/product"}],"about":[{"href":"http:\/\/mitibags.com\/pt-pt\/wp-json\/wp\/v2\/types\/product"}],"replies":[{"embeddable":true,"href":"http:\/\/mitibags.com\/pt-pt\/wp-json\/wp\/v2\/comments?post=15650"}],"version-history":[{"count":0,"href":"http:\/\/mitibags.com\/pt-pt\/wp-json\/wp\/v2\/product\/15650\/revisions"}],"wp:featuredmedia":[{"embeddable":true,"href":"http:\/\/mitibags.com\/pt-pt\/wp-json\/wp\/v2\/media\/15345"}],"wp:attachment":[{"href":"http:\/\/mitibags.com\/pt-pt\/wp-json\/wp\/v2\/media?parent=15650"}],"wp:term":[{"taxonomy":"product_brand","embeddable":true,"href":"http:\/\/mitibags.com\/pt-pt\/wp-json\/wp\/v2\/product_brand?post=15650"},{"taxonomy":"product_cat","embeddable":true,"href":"http:\/\/mitibags.com\/pt-pt\/wp-json\/wp\/v2\/product_cat?post=15650"},{"taxonomy":"product_tag","embeddable":true,"href":"http:\/\/mitibags.com\/pt-pt\/wp-json\/wp\/v2\/product_tag?post=15650"}],"curies":[{"name":"wp","href":"https:\/\/api.w.org\/{rel}","templated":true}]}}