{"id":15301,"date":"2025-10-20T20:32:50","date_gmt":"2025-10-20T19:32:50","guid":{"rendered":"https:\/\/mitibags.com\/?post_type=product&#038;p=15301"},"modified":"2025-11-30T21:20:51","modified_gmt":"2025-11-30T20:20:51","slug":"carole-tote-bag-preta-em-pele","status":"publish","type":"product","link":"http:\/\/mitibags.com\/pt-pt\/product\/malas-em-pele\/malas-tote\/carole-tote-bag-preta-em-pele\/","title":{"rendered":"Carole Mala Tote Preta em Pele"},"content":{"rendered":"<h2>Carole Mala Tote Preta em Pele<\/h2>\n<p>&nbsp;<\/p>\n<p>Se procura uma mala tote para o dia-a-dia, perfeita para levar tudo o que precisa, a Carole Mala Tote Preta em Pele pode ser o que procura.<\/p>\n<p>Feita em It\u00e1lia com a melhor<strong> pele genu\u00edna<\/strong> e com um fecho magn\u00e9tico no meio da mala, Carole Mala Tote Preta em Pele vem ainda com uma bolsa interior com fecho zip, mantendo todos s seus objetos seguros.<\/p>\n<p>O tamanho de <strong>52 cm de comprimento e 32 cm de altura, faz desta a mala perfeita para levar tudo o que precisa, inclu\u00edndo o port\u00e1til. <\/strong><\/p>\n<p>Torne a Carole Mala Tote Preta em Pele ainda mais perfeita personalizado-a com as iniciais do seu nome. Para o fazer clique no bot\u00e3o personalize e adapte a sua mala a si.<\/p>\n<p>Um acess\u00f3rio pode tamb\u00e9m real\u00e7ar a beleza da sua mala. Veja <a href=\"https:\/\/mitibags.com\/acessorios-malas\/\">aqui<\/a> todos os estilos que temos dispon\u00edveis e aprimore a beleza da sua mala.<\/p>\n<p>&nbsp;<\/p>\n<p><strong>Tamanho: <\/strong>52&#215;32 cm<\/p>\n<p><strong>Material Exterior: <\/strong>Pele Genu\u00edna<\/p>\n<p><strong>Material<\/strong> <strong>Interior:<\/strong> Pele Genu\u00edna Vermelha e Bolsa em Sarja de Algod\u00e3o<\/p>\n<p><strong>Cor:<\/strong> Preto<\/p>\n<p><strong>Cor das ferragens: <\/strong>Prateado<\/p>\n<p>&nbsp;<\/p>\n<p>Siga-nos no <a href=\"https:\/\/www.instagram.com\/mitibags\/\" target=\"_blank\" rel=\"noopener\">Instagram<\/a> e <a href=\"https:\/\/www.facebook.com\/MitiBags\/\" target=\"_blank\" rel=\"noopener\">Facebook <\/a> e fa\u00e7a parte da nossa comunidade.<\/p>\n","protected":false},"excerpt":{"rendered":"<p>Se procura uma <strong>mala tote em pele<\/strong> para o dia-a-dia, perfeita para levar tudo o que precisa, a Carole Mala Tote Preta em Pele pode ser o que procura.<br \/>\nFeita em It\u00e1lia com a melhor<strong> pele genu\u00edna<\/strong> e com um fecho magn\u00e9tico no meio da mala, Carole Mala Tote Preta em Pele vem ainda com uma bolsa interior com fecho zip, mantendo todos s seus objetos seguros.<br \/>\nCom 52 cm de comprimento e 32 cm de altura \u00e9 perfeita para levar tudo o que precisa, inclu\u00edndo o port\u00e1til.<\/p>\n","protected":false},"featured_media":15303,"comment_status":"open","ping_status":"closed","template":"","meta":[],"product_brand":[],"product_cat":[85],"product_tag":[986,338,311,294],"class_list":{"0":"post-15301","1":"product","2":"type-product","3":"status-publish","4":"has-post-thumbnail","6":"product_cat-malas-tote","7":"product_tag-black-tote-bag","8":"product_tag-mala-de-ombro","9":"product_tag-mala-de-pele","10":"product_tag-mala-tote-em-pele","11":"tm-has-options","13":"first","14":"instock","15":"taxable","16":"shipping-taxable","17":"purchasable","18":"product-type-simple"},"_links":{"self":[{"href":"http:\/\/mitibags.com\/pt-pt\/wp-json\/wp\/v2\/product\/15301","targetHints":{"allow":["GET"]}}],"collection":[{"href":"http:\/\/mitibags.com\/pt-pt\/wp-json\/wp\/v2\/product"}],"about":[{"href":"http:\/\/mitibags.com\/pt-pt\/wp-json\/wp\/v2\/types\/product"}],"replies":[{"embeddable":true,"href":"http:\/\/mitibags.com\/pt-pt\/wp-json\/wp\/v2\/comments?post=15301"}],"version-history":[{"count":0,"href":"http:\/\/mitibags.com\/pt-pt\/wp-json\/wp\/v2\/product\/15301\/revisions"}],"wp:featuredmedia":[{"embeddable":true,"href":"http:\/\/mitibags.com\/pt-pt\/wp-json\/wp\/v2\/media\/15303"}],"wp:attachment":[{"href":"http:\/\/mitibags.com\/pt-pt\/wp-json\/wp\/v2\/media?parent=15301"}],"wp:term":[{"taxonomy":"product_brand","embeddable":true,"href":"http:\/\/mitibags.com\/pt-pt\/wp-json\/wp\/v2\/product_brand?post=15301"},{"taxonomy":"product_cat","embeddable":true,"href":"http:\/\/mitibags.com\/pt-pt\/wp-json\/wp\/v2\/product_cat?post=15301"},{"taxonomy":"product_tag","embeddable":true,"href":"http:\/\/mitibags.com\/pt-pt\/wp-json\/wp\/v2\/product_tag?post=15301"}],"curies":[{"name":"wp","href":"https:\/\/api.w.org\/{rel}","templated":true}]}}