{"id":15179,"date":"2025-07-06T21:43:43","date_gmt":"2025-07-06T20:43:43","guid":{"rendered":"https:\/\/mitibags.com\/?post_type=product&#038;p=15179"},"modified":"2025-07-14T17:28:56","modified_gmt":"2025-07-14T16:28:56","slug":"caixa-oculos-camel-pele","status":"publish","type":"product","link":"http:\/\/mitibags.com\/pt-pt\/product\/acessorios-para-malas\/outros\/caixa-oculos-camel-pele\/","title":{"rendered":"Caixa de \u00f3culos camel em pele"},"content":{"rendered":"<h2>Caixa de \u00f3culos camel em pele<\/h2>\n<p>Os acess\u00f3rios s\u00e3o perfeitos para dar uma nova vida \u00e0 sua mala e a nossa caixa de \u00f3culos camel em pele genu\u00edna \u00e9 o acess\u00f3rio perfeito para este ver\u00e3o.<\/p>\n<p>Com um anzol dourado, perfeito para prend\u00ea-la \u00e0 sua mala tornando f\u00e1cil encontrar os seus \u00f3culos de sol sem ter que procurar dentro da mala. Com um tamanho de <strong>17cm de comprimento e 9 cm de altura<\/strong>, a caixa de \u00f3culos preta em pele \u00e9 feita com a melhor <strong>pele genu\u00edna<\/strong> e <strong>ferragens douradas<\/strong> sendo o acess\u00f3rio perfeito para manter os seus \u00f3culos seguros.<\/p>\n<p>Torne este acess\u00f3rio ainda mais perfeito personalizando-o com as iniciais do seu nome no exterior e uma mensagem especial ou emoji no interior. Para o fazer clique no bot\u00e3o personalizar e torne-o unicamente seu e feito especialmente para si.<\/p>\n<p>Se procura outro tipo de acess\u00f3rio para usar na sua mala, convidamo-lo a visitar por exemplo a nossa cole\u00e7\u00e3o de len\u00e7os dispon\u00edvel <a href=\"https:\/\/mitibags.com\/lencos-malas\/\">aqui.<\/a><\/p>\n<p>&nbsp;<\/p>\n<p><strong>Tamanho: <\/strong>17x9x3 cm<\/p>\n<p><strong>Material Exterior: <\/strong> Pele Genu\u00edna com Textura Martelada<\/p>\n<p><strong>Cor:<\/strong> Camel<\/p>\n<p><strong>Cor das Ferragens:<\/strong> Dourado<\/p>\n<p>&nbsp;<\/p>\n<p>Siga-nos no <a href=\"https:\/\/www.instagram.com\/mitibags\/\" target=\"_blank\" rel=\"noopener\">Instagram<\/a> e <a href=\"https:\/\/www.facebook.com\/MitiBags\/\" target=\"_blank\" rel=\"noopener\">Facebook <\/a> e fa\u00e7a parte da nossa comunidade.<\/p>\n","protected":false},"excerpt":{"rendered":"<p>Os acess\u00f3rios s\u00e3o perfeitos para dar uma nova vida \u00e0 sua mala e a nossa caixa de \u00f3culos camel em pele genu\u00edna \u00e9 o acess\u00f3rio perfeito para este ver\u00e3o.<\/p>\n<p>Com um anzol dourado, perfeito para prend\u00ea-la \u00e0 sua mala tornando f\u00e1cil encontrar os seus \u00f3culos de sol sem ter que procurar dentro da mala. Com um tamanho de <strong>17cm de comprimento e 9 cm de altura<\/strong>, a caixa de \u00f3culos preta em pele \u00e9 feita com a melhor <strong>pele genu\u00edna<\/strong> e <strong>ferragens douradas<\/strong> sendo o acess\u00f3rio perfeito para manter os seus \u00f3culos seguros.<\/p>\n<p>Torne este acess\u00f3rio ainda mais perfeito personalizando-o com as iniciais do seu nome no exterior e uma mensagem especial ou emoji no interior. Para o fazer clique no bot\u00e3o personalizar e torne-o unicamente seu e feito especialmente para si.<\/p>\n<p>&nbsp;<\/p>\n","protected":false},"featured_media":15139,"comment_status":"open","ping_status":"closed","template":"","meta":[],"product_brand":[],"product_cat":[74,78,77],"product_tag":[244,954,953,955,956],"class_list":{"0":"post-15179","1":"product","2":"type-product","3":"status-publish","4":"has-post-thumbnail","6":"product_cat-acessorios-para-malas","7":"product_cat-outros","8":"product_cat-porta-chaves","9":"product_tag-acessorios-para-malas","10":"product_tag-caixa-de-oculos-pt-pt","11":"product_tag-caixa-de-oculos","12":"product_tag-caixa-de-oculos-em-pele","13":"product_tag-caixa-de-oculos-em-pele-pt-pt","14":"tm-has-options","16":"first","17":"instock","18":"taxable","19":"shipping-taxable","20":"purchasable","21":"product-type-simple"},"_links":{"self":[{"href":"http:\/\/mitibags.com\/pt-pt\/wp-json\/wp\/v2\/product\/15179","targetHints":{"allow":["GET"]}}],"collection":[{"href":"http:\/\/mitibags.com\/pt-pt\/wp-json\/wp\/v2\/product"}],"about":[{"href":"http:\/\/mitibags.com\/pt-pt\/wp-json\/wp\/v2\/types\/product"}],"replies":[{"embeddable":true,"href":"http:\/\/mitibags.com\/pt-pt\/wp-json\/wp\/v2\/comments?post=15179"}],"version-history":[{"count":0,"href":"http:\/\/mitibags.com\/pt-pt\/wp-json\/wp\/v2\/product\/15179\/revisions"}],"wp:featuredmedia":[{"embeddable":true,"href":"http:\/\/mitibags.com\/pt-pt\/wp-json\/wp\/v2\/media\/15139"}],"wp:attachment":[{"href":"http:\/\/mitibags.com\/pt-pt\/wp-json\/wp\/v2\/media?parent=15179"}],"wp:term":[{"taxonomy":"product_brand","embeddable":true,"href":"http:\/\/mitibags.com\/pt-pt\/wp-json\/wp\/v2\/product_brand?post=15179"},{"taxonomy":"product_cat","embeddable":true,"href":"http:\/\/mitibags.com\/pt-pt\/wp-json\/wp\/v2\/product_cat?post=15179"},{"taxonomy":"product_tag","embeddable":true,"href":"http:\/\/mitibags.com\/pt-pt\/wp-json\/wp\/v2\/product_tag?post=15179"}],"curies":[{"name":"wp","href":"https:\/\/api.w.org\/{rel}","templated":true}]}}