{"id":14776,"date":"2025-05-04T22:58:55","date_gmt":"2025-05-04T21:58:55","guid":{"rendered":"https:\/\/mitibags.com\/?post_type=product&#038;p=14776"},"modified":"2025-05-04T23:51:45","modified_gmt":"2025-05-04T22:51:45","slug":"mag-camurca-bege-mala-de-mao","status":"publish","type":"product","link":"http:\/\/mitibags.com\/pt-pt\/product\/malas-em-pele\/malas-de-mao\/mag-camurca-bege-mala-de-mao\/","title":{"rendered":"Mag Camur\u00e7a Bege Mala de m\u00e3o"},"content":{"rendered":"<h2>Mag Camur\u00e7a Bege Mala de m\u00e3o<\/h2>\n<p>&nbsp;<\/p>\n<p>A Mag Camur\u00e7a Bege Mala de m\u00e3o \u00e9 a jun\u00e7\u00e3o perfeita entre uma mala pr\u00e1tica e vers\u00e1til mas mantendo um estilo elegante.<\/p>\n<p>As duas al\u00e7as facilitam a passagem de uma mala de m\u00e3o para mala de ombro quando precisar ter as m\u00e3os livres.<\/p>\n<p>Em cada um dos lados da Mag Camur\u00e7a Bege Mala de m\u00e3o encontra ainda dois bot\u00f5es magn\u00e9ticos que ajudam n\u00e3o s\u00f3 a manter a mala fechada mas tamb\u00e9m a manter a sua forma quando usada com as abas laterais abertas.<\/p>\n<p>Com <strong>51 cm de comprimento e 22 cm de altura<\/strong>, esta mala \u00e9 feita em It\u00e1lia <strong>com a melhor camur\u00e7a no exterior e pele no interior da mala<\/strong>. O fecho da mala \u00e9 feito atrav\u00e9s de um fecho zip e dos dois \u00edmans de cada lado da mala. A Mag Camur\u00e7a Bege Mala de m\u00e3o vem ainda com uma pequena mala interior para que possa manter todas as suas coisas em seguran\u00e7a.<\/p>\n<p>Para tornar a Mag Camur\u00e7a Bege Mala de m\u00e3o em Pele ainda mais perfeita e feita especialmente para si, <strong>personalize-a com as suas iniciais e torne-a unicamente sua.<\/strong><\/p>\n<p>Adicione um toque de eleg\u00e2ncia adicionando um acess\u00f3rio como um len\u00e7o ou charm. Veja <a href=\"https:\/\/mitibags.com\/acessorios-malas\/\">aqui<\/a> a cole\u00e7\u00e3o de acess\u00f3rios que preparamos para si.<\/p>\n<p>&nbsp;<\/p>\n<p><strong>Tamanho: <\/strong>51x18x22 cm<\/p>\n<p><strong>Material Exterior<\/strong> Camur\u00e7a<\/p>\n<p><strong>Material<\/strong> <strong>Interior<\/strong> Pele Genu\u00edna<\/p>\n<p><strong>Cor:<\/strong> Bege<\/p>\n<p><strong>Cor das ferragens: <\/strong>Prateado<\/p>\n<p>&nbsp;<\/p>\n<p>Siga-nos no <a href=\"https:\/\/www.instagram.com\/mitibags\/\" target=\"_blank\" rel=\"noopener\">Instagram<\/a> e <a href=\"https:\/\/www.facebook.com\/MitiBags\/\" target=\"_blank\" rel=\"noopener\">Facebook <\/a> e fa\u00e7a parte da nossa comunidade.<\/p>\n<p>&nbsp;<\/p>\n<h2><strong>MALAS DE M\u00c3O E MALAS DE OMBRO<\/strong><\/h2>\n<p>&nbsp;<\/p>\n<h3>Malas de M\u00e3o<\/h3>\n<p>A nossa Mag Camur\u00e7a Bege Mala de m\u00e3o \u00e9 a conjuga\u00e7\u00e3o perfeita entre uma mala pr\u00e1tica, que pode ser usada ao ombro ou na m\u00e3o, e eleg\u00e2ncia, tornando-a um estilo vers\u00e1til.<\/p>\n<p>Se procura uma mala que mala intemporal, vers\u00e1til e duradoura e que a ajude a manter um look elegante e cl\u00e1ssico uma mala de m\u00e3o pode ser aquilo que procura. Sendo um modelo cl\u00e1ssico e que vai utilizar diariamente e muitas vezes para carregar algum peso, o nosso conselho \u00e9 que aposte numa mala de qualidade e de um material mais duradouro que o PU. Uma mala de m\u00e3o em pele genu\u00edna deve sem d\u00favida fazer parte do closet de qualquer mulher, j\u00e1 que vai ser capaz de aguentar mais peso sem se estragar, mantendo-se com bom aspeto e durar mais do que uma mala de outro material.<\/p>\n<p><strong>O que tenho que saber para escolher a mala de m\u00e3o perfeita para mim?<\/strong><\/p>\n<p>Antes de tudo a principal coisa que tem que pensar quando vai comprar a sua nova mala \u00e9 que uso lhe vai dar, em que ocasi\u00f5es a vai usar e o que pretende carregar dentro dela. A resposta a estas perguntas vai ajud\u00e1-la logo \u00e0 partida a definir que tamanho precisa que a mala tenha, de que material deve ser, se \u00e9 essencial ou n\u00e3o ter uma al\u00e7a extra que lhe permita por exemplo usar ao ombro ou a tiracolo, caso precise ficar com as suas m\u00e3os livres, assim como a cor que deve escolher.<\/p>\n<p>Se o que procura \u00e9 durabilidade a nossa recomenda\u00e7\u00e3o \u00e9 que aposte numa mala de m\u00e3o em pele genu\u00edna, j\u00e1 que, embora numa primeira fase v\u00e1 ser mais cara do que uma mala em PU, a verdade \u00e9 que a durabilidade n\u00e3o \u00e9 compar\u00e1vel, vai estar a apostar numa mala que a vai acompanhar durante mais tempo.<\/p>\n<p>No que toca \u00e0 cor pode apostar numa cor b\u00e1sica, como preto, camel ou bege, ou, caso se enquadre no seu estilo e procure uma mala de m\u00e3o que d\u00ea um toque de irrever\u00eancia e cor ao seu look aposte por exemplo num amarelo mostarda ou laranja que, embora menos usadas, a verdade \u00e9 que tamb\u00e9m ficam bem com uma grande paleta de cores e funcionam tanto para o ver\u00e3o como para o inverno, al\u00e9m de lhe permitirem destacar-se na multid\u00e3o.<\/p>\n<p>Mag Camur\u00e7a Bege Mala de m\u00e3o \u00e9 a mala perfeita para o dia a dia de trabalho, ajudando-a a levar tudo o que necessita consigo, sem deixar de ser elegante.<\/p>\n<p>&nbsp;<\/p>\n<h3>Mala de Ombro<\/h3>\n<h3>As malas de ombro fazem parte do closet de todas as mulheres e conjugam funcionalidade e estilo.<\/h3>\n<p>A versatilidade deste modelo faz dele o aliado perfeito n\u00e3o apenas para o dia a dia do trabalho mas tamb\u00e9m para sair com os amigos, j\u00e1 que podem ir ao encontro de estilos mais descontra\u00eddos ou mais cl\u00e1ssicos. A infinidade de modelos que existe faz com que seja poss\u00edvel obter um look mais elegante, casual ou at\u00e9 mesmo para complementar um look mais ao estilo streetwear.<\/p>\n<p>O tipo de al\u00e7a utilizado faz com que uma mala de ombro tenha um estilo mais elegante e formal, se estivermos por exemplo a falar de malas com al\u00e7as de metal dourado ou prateado, ou um estilo mais relaxado, como as al\u00e7as largas feitas em pele ou de tecido. Ao escolher a sua mala de ombro escolha uma que lhe permita trocar a al\u00e7a e desta forma pode facilmente adaptar ao seu look do dia.<\/p>\n<p>Mag Camur\u00e7a Bege Mala de m\u00e3o tem um estilo mais informal e pode ser a mala perfeita se procura um estilo elegante mas sem deixar de ser pr\u00e1tico e confort\u00e1vel. Com a Mag Mala de m\u00e3o Bege em Pele pode facilmente passar de uma mala de ombro para mala de m\u00e3o, tornando-a na aliada perfeita para o dia a dia.<\/p>\n","protected":false},"excerpt":{"rendered":"<p>A nossa mala de m\u00e3o em pele Mag Taupe \u00e9 a mala pr\u00e1tica e vers\u00e1til perfeita que, ao mesmo tempo, mant\u00e9m o teu estilo elegante. As duas al\u00e7as fazem com que seja f\u00e1cil transform\u00e1-la em mala de ombro ou de m\u00e3o. Com ferragens prateadas e um tamanho de <strong>51 cm de largura por 22 cm de altura<\/strong><strong>, <\/strong>esta mala \u00e9 feita com a <strong>melhor pele camur\u00e7a Italiana no exterior e interior em pele<\/strong>. No interior pode tamb\u00e9m encontrar uma pequena bolsa com fecho zip.<\/p>\n","protected":false},"featured_media":14752,"comment_status":"open","ping_status":"closed","template":"","meta":[],"product_brand":[],"product_cat":[61,84],"product_tag":[939,309,281],"class_list":{"0":"post-14776","1":"product","2":"type-product","3":"status-publish","4":"has-post-thumbnail","6":"product_cat-malas-de-mao","7":"product_cat-malas-de-ombro","8":"product_tag-mag-camurca-bege-mala-de-mao","9":"product_tag-mala-de-mao-de-pele","10":"product_tag-mala-de-ombro-em-pele","11":"tm-has-options","13":"first","14":"instock","15":"taxable","16":"shipping-taxable","17":"purchasable","18":"product-type-simple"},"_links":{"self":[{"href":"http:\/\/mitibags.com\/pt-pt\/wp-json\/wp\/v2\/product\/14776","targetHints":{"allow":["GET"]}}],"collection":[{"href":"http:\/\/mitibags.com\/pt-pt\/wp-json\/wp\/v2\/product"}],"about":[{"href":"http:\/\/mitibags.com\/pt-pt\/wp-json\/wp\/v2\/types\/product"}],"replies":[{"embeddable":true,"href":"http:\/\/mitibags.com\/pt-pt\/wp-json\/wp\/v2\/comments?post=14776"}],"version-history":[{"count":0,"href":"http:\/\/mitibags.com\/pt-pt\/wp-json\/wp\/v2\/product\/14776\/revisions"}],"wp:featuredmedia":[{"embeddable":true,"href":"http:\/\/mitibags.com\/pt-pt\/wp-json\/wp\/v2\/media\/14752"}],"wp:attachment":[{"href":"http:\/\/mitibags.com\/pt-pt\/wp-json\/wp\/v2\/media?parent=14776"}],"wp:term":[{"taxonomy":"product_brand","embeddable":true,"href":"http:\/\/mitibags.com\/pt-pt\/wp-json\/wp\/v2\/product_brand?post=14776"},{"taxonomy":"product_cat","embeddable":true,"href":"http:\/\/mitibags.com\/pt-pt\/wp-json\/wp\/v2\/product_cat?post=14776"},{"taxonomy":"product_tag","embeddable":true,"href":"http:\/\/mitibags.com\/pt-pt\/wp-json\/wp\/v2\/product_tag?post=14776"}],"curies":[{"name":"wp","href":"https:\/\/api.w.org\/{rel}","templated":true}]}}