{"id":13560,"date":"2024-10-22T16:49:05","date_gmt":"2024-10-22T15:49:05","guid":{"rendered":"https:\/\/mitibags.com\/?post_type=product&#038;p=13560"},"modified":"2025-11-18T10:50:01","modified_gmt":"2025-11-18T09:50:01","slug":"louise-mala-bordeaux-em-pele","status":"publish","type":"product","link":"http:\/\/mitibags.com\/pt-pt\/product\/malas-em-pele\/malas-de-mao\/louise-mala-bordeaux-em-pele\/","title":{"rendered":"Louise Mala Bordeaux em Pele"},"content":{"rendered":"<h2>Louise Mala Bordeaux em Pele<\/h2>\n<p>&nbsp;<\/p>\n<p>A nossa Louise Mala Bodeaux em Pele \u00e9 a jun\u00e7\u00e3o perfeita entre uma mala pr\u00e1tica e vers\u00e1til mas mantendo um estilo elegante. As duas al\u00e7as facilitam a passagem de uma mala de m\u00e3o para mala de ombro quando precisar ter as m\u00e3os livres. Com ferragens douradas e um tamanho de <strong>29 cm de largura por 22 cm de altura<\/strong>, \u00e9 feita com a melhor<strong> pele genu\u00edna<\/strong> tanto no interior como no exterior, sendo o fecho feito com um fecho zip e duas molas que se encontram em cada um dos lados da mala. Por dentro pode ainda encontrar uma pequena clutch tamb\u00e9m ela com fecho, mantendo os seus artigos em seguran\u00e7a mas tamb\u00e9m facilitando a troca de mala para mala.<\/p>\n<p>Para tornar a sua Louise Mala Bordeaux em Pele ainda mais perfeita e feita especialmente para si <strong>personalize-a com as suas iniciais e torne-a unicamente sua.<\/strong><\/p>\n<p>Adicione um toque de eleg\u00e2ncia adicionando um acess\u00f3rio como um len\u00e7o ou charm.<\/p>\n<p> Veja <a href=\"https:\/\/mitibags.com\/acessorios-malas\/\">aqui<\/a> todos os modelos que preparamos para si e, entre al\u00e7as, len\u00e7os ou porta-chaves escolha o acess\u00f3rio perfeito para si.<\/p>\n<p>&nbsp;<\/p>\n<p><strong>Tamanho: <\/strong>29x9x22 cm<\/p>\n<p><strong>Material Exterior: <\/strong>Pele Genu\u00edna<\/p>\n<p><strong>Material <\/strong> <strong> Interior: <\/strong>Pele Genu\u00edna<\/p>\n<p><strong>Cor:<\/strong> Bordeaux<\/p>\n<p><strong>Cor das Ferragens:<\/strong> Dourado<\/p>\n<p>&nbsp;<\/p>\n<p>Siga-nos no <a href=\"https:\/\/www.instagram.com\/mitibags\/\" target=\"_blank\" rel=\"noopener\">Instagram<\/a> e <a href=\"https:\/\/www.facebook.com\/MitiBags\/\" target=\"_blank\" rel=\"noopener\">Facebook <\/a> e fa\u00e7a parte da nossa comunidade.<\/p>\n","protected":false},"excerpt":{"rendered":"<p>A nossa Louise Mala Bordeaux em Pele \u00e9 a jun\u00e7\u00e3o perfeita entre uma mala pr\u00e1tica e vers\u00e1til mas mantendo um estilo elegante. As duas al\u00e7as facilitam a passagem de uma mala de m\u00e3o para mala de ombro quando precisar ter as m\u00e3os livres. Com ferragens douradas e um tamanho de<strong> 29 cm de largura por 22 cm de altura<\/strong>, \u00e9 feita com a <strong>melhor pele genu\u00edna<\/strong> tanto no interior como no exterior, sendo o fecho feito com um fecho zip e duas molas que se encontram em cada um dos lados da mala. Por dentro pode ainda encontrar uma pequena clutch tamb\u00e9m ela com fecho, mantendo os seus artigos em seguran\u00e7a mas tamb\u00e9m facilitando a troca de mala para mala.  <\/p>\n","protected":false},"featured_media":13576,"comment_status":"open","ping_status":"closed","template":"","meta":[],"product_brand":[],"product_cat":[61,84],"product_tag":[870,309,281],"class_list":{"0":"post-13560","1":"product","2":"type-product","3":"status-publish","4":"has-post-thumbnail","6":"product_cat-malas-de-mao","7":"product_cat-malas-de-ombro","8":"product_tag-mala-bordeaux","9":"product_tag-mala-de-mao-de-pele","10":"product_tag-mala-de-ombro-em-pele","11":"tm-has-options","13":"first","14":"outofstock","15":"taxable","16":"shipping-taxable","17":"purchasable","18":"product-type-simple"},"_links":{"self":[{"href":"http:\/\/mitibags.com\/pt-pt\/wp-json\/wp\/v2\/product\/13560","targetHints":{"allow":["GET"]}}],"collection":[{"href":"http:\/\/mitibags.com\/pt-pt\/wp-json\/wp\/v2\/product"}],"about":[{"href":"http:\/\/mitibags.com\/pt-pt\/wp-json\/wp\/v2\/types\/product"}],"replies":[{"embeddable":true,"href":"http:\/\/mitibags.com\/pt-pt\/wp-json\/wp\/v2\/comments?post=13560"}],"version-history":[{"count":0,"href":"http:\/\/mitibags.com\/pt-pt\/wp-json\/wp\/v2\/product\/13560\/revisions"}],"wp:featuredmedia":[{"embeddable":true,"href":"http:\/\/mitibags.com\/pt-pt\/wp-json\/wp\/v2\/media\/13576"}],"wp:attachment":[{"href":"http:\/\/mitibags.com\/pt-pt\/wp-json\/wp\/v2\/media?parent=13560"}],"wp:term":[{"taxonomy":"product_brand","embeddable":true,"href":"http:\/\/mitibags.com\/pt-pt\/wp-json\/wp\/v2\/product_brand?post=13560"},{"taxonomy":"product_cat","embeddable":true,"href":"http:\/\/mitibags.com\/pt-pt\/wp-json\/wp\/v2\/product_cat?post=13560"},{"taxonomy":"product_tag","embeddable":true,"href":"http:\/\/mitibags.com\/pt-pt\/wp-json\/wp\/v2\/product_tag?post=13560"}],"curies":[{"name":"wp","href":"https:\/\/api.w.org\/{rel}","templated":true}]}}