{"id":11516,"date":"2024-06-18T11:53:33","date_gmt":"2024-06-18T10:53:33","guid":{"rendered":"https:\/\/mitibags.com\/?post_type=product&#038;p=11516"},"modified":"2024-07-28T12:55:58","modified_gmt":"2024-07-28T11:55:58","slug":"sophia-mala-de-mao-em-pele-fuschia-copy-copy-copy","status":"publish","type":"product","link":"http:\/\/mitibags.com\/pt-pt\/product\/clutches\/clutch-rigida\/sophia-mala-de-mao-em-pele-fuschia-copy-copy-copy\/","title":{"rendered":"Leafwhisper Clutch Magenta"},"content":{"rendered":"<h2>Leafwhisper Clutch Magenta<\/h2>\n<p>&nbsp; A nossa cole\u00e7\u00e3o de clutches feitas \u00e0 m\u00e3o vai faz\u00ea-la destacar-se naquela ocasi\u00e3o especial. A Leafwhisper Clutch Magenta tem uma estrutura r\u00edgida, forrada com um tecido com toque de camur\u00e7a de cor magenta, sendo a abertura e o fecho feito com a pe\u00e7a dourada no topo da clutch. Todas as nossas clutches s\u00e3o pe\u00e7as \u00fanicas, feitas \u00e0 m\u00e3o, cujo design prov\u00e9m de um momento de inspira\u00e7\u00e3o, sendo cada uma das pe\u00e7as selecionada e integrada uma por uma na clutch com todo o cuidado e rigor. \u00c9 por isso que n\u00e3o existem duas iguais, sendo cada uma delas fruto de um momento de inspira\u00e7\u00e3o. Com <strong>19 cm de largura e 12 cm de altura, <\/strong>a Leafwhisper Clutch Magenta tem uma decora\u00e7\u00e3o com detalhes inspirados na floresta: folhas douradas que descem desde o topo da mala, um brilhante verde esmeralda, uma libelinha dourada e pequenas flores tamb\u00e9m elas douradas, acompanhadas de pequenas flores brancas. Em conjunto criam a magia do ambiente de uma floresta encantada. A clutch vem ainda com uma al\u00e7a dourada que pode ser colocada ou retirada com facilidade. Se procura uma clutch \u00fanica para dar um toque especial ao seu look este pode ser o modelo ideal para si.    Procura uma cor diferente? Veja <a href=\"https:\/\/mitibags.com\/clutches\/\">aqui<\/a> todos os modelos que temos dispon\u00edveis.Se n\u00e3o encontrar o que procura entre em contacto connosco e conte-nos a sua ideia, teremos todo o gosto em ajud\u00e1-la a criar uma clutch feita especialmente para si. &nbsp;<strong>Tamanho: <\/strong>19x3x12 cm <strong>Material Exterior: Tecido com pe\u00e7as em metal<\/strong> <strong>Material <\/strong><strong>Interior:<\/strong> Tecido <strong>Cor:<\/strong> Magenta <strong>Cor das Ferragens:<\/strong> Dourado &nbsp; Siga-nos no <a href=\"https:\/\/www.instagram.com\/mitibags\/\" target=\"_blank\" rel=\"noopener\">Instagram<\/a> ou <a href=\"https:\/\/www.facebook.com\/MitiBags\/\" target=\"_blank\" rel=\"noopener\">Facebook<\/a> e fa\u00e7a parte da nossa comunidade <\/p>\n","protected":false},"excerpt":{"rendered":"<p>A Leafwhisper Clutch Magenta tem uma estrutura r\u00edgida, arredondada aos lados, coberta por um tecido magenta com um toque estilo camur\u00e7a, sendo o fecho e abertura feito pela pe\u00e7a dourada que se encontra no topo. Com <strong>19 cm largura por 12 cm altura<\/strong>, a Leafwhisper Clutch Magenta foi decorada com elementos inspirados na natureza, desde pequenas folhas com banho dourado e uma libelinha tamb\u00e9m ela nos mesmos tons. A acompanhar os elementos dourados e para dar algum contraste de cor encontram um brilhante verde esmeralda assim como pequenas flores em resina brancas. Procura uma cor diferente? Veja <a href=\"https:\/\/mitibags.com\/clutches\/\">aqui<\/a> os modelos que temos dispon\u00edveis. Se n\u00e3o encontrar o que procura entre em contacto connosco e conte-nos a sua ideia, teremos todo o gosto em ajud\u00e1-la a criar uma clutch feita especialmente para si.<\/p>\n","protected":false},"featured_media":11455,"comment_status":"open","ping_status":"closed","template":"","meta":[],"product_brand":[],"product_cat":[88,87],"product_tag":[821],"class_list":{"0":"post-11516","1":"product","2":"type-product","3":"status-publish","4":"has-post-thumbnail","6":"product_cat-clutch-rigida","7":"product_cat-clutches","8":"product_tag-clutch-magenta","9":"tm-no-options","11":"first","12":"outofstock","13":"taxable","14":"shipping-taxable","15":"purchasable","16":"product-type-simple"},"_links":{"self":[{"href":"http:\/\/mitibags.com\/pt-pt\/wp-json\/wp\/v2\/product\/11516","targetHints":{"allow":["GET"]}}],"collection":[{"href":"http:\/\/mitibags.com\/pt-pt\/wp-json\/wp\/v2\/product"}],"about":[{"href":"http:\/\/mitibags.com\/pt-pt\/wp-json\/wp\/v2\/types\/product"}],"replies":[{"embeddable":true,"href":"http:\/\/mitibags.com\/pt-pt\/wp-json\/wp\/v2\/comments?post=11516"}],"version-history":[{"count":0,"href":"http:\/\/mitibags.com\/pt-pt\/wp-json\/wp\/v2\/product\/11516\/revisions"}],"wp:featuredmedia":[{"embeddable":true,"href":"http:\/\/mitibags.com\/pt-pt\/wp-json\/wp\/v2\/media\/11455"}],"wp:attachment":[{"href":"http:\/\/mitibags.com\/pt-pt\/wp-json\/wp\/v2\/media?parent=11516"}],"wp:term":[{"taxonomy":"product_brand","embeddable":true,"href":"http:\/\/mitibags.com\/pt-pt\/wp-json\/wp\/v2\/product_brand?post=11516"},{"taxonomy":"product_cat","embeddable":true,"href":"http:\/\/mitibags.com\/pt-pt\/wp-json\/wp\/v2\/product_cat?post=11516"},{"taxonomy":"product_tag","embeddable":true,"href":"http:\/\/mitibags.com\/pt-pt\/wp-json\/wp\/v2\/product_tag?post=11516"}],"curies":[{"name":"wp","href":"https:\/\/api.w.org\/{rel}","templated":true}]}}