{"id":10090,"date":"2024-06-02T00:31:19","date_gmt":"2024-06-01T23:31:19","guid":{"rendered":"https:\/\/mitibags.com\/?post_type=product&#038;p=10090"},"modified":"2024-06-13T21:18:53","modified_gmt":"2024-06-13T20:18:53","slug":"hindu-lenco-para-mala","status":"publish","type":"product","link":"http:\/\/mitibags.com\/pt-pt\/product\/acessorios-para-malas\/lencos-para-malas\/hindu-lenco-para-mala\/","title":{"rendered":"Hindu Len\u00e7o para Mala &#8211; 2 cores"},"content":{"rendered":"<h2>Hindu Len\u00e7o para Mala<\/h2>\n<p>&nbsp;<\/p>\n<p>N\u00e3o h\u00e1 d\u00favida que os len\u00e7os para malas acrescentam um toque de luxo e eleg\u00e2ncia \u00e0 sua mala.<\/p>\n<p>Dispon\u00edveis em 2 cores diferentes, os Len\u00e7os para Mala, modelo Hindu, acrescenta um toque de eleg\u00e2ncia e glamour sua mala destacando a sua beleza. O padr\u00e3o \u00e9 semelhante em ambos os lados, havendo apenas um ligeiro degrad\u00e9 num dos lados.<\/p>\n<p>Com <strong>1m de comprimento e 5cm de largura <\/strong>, Hindu Len\u00e7o para Mala tem o design perfeito para ser usado enrolado nas al\u00e7as das mala ou simplesmente preso em forma de la\u00e7o, protegendo e enfatizando a beleza, eleg\u00e2ncia e feminilidade da sua mala. Devido \u00e0 sua versatilidade e estilo, este len\u00e7o pode tamb\u00e9m ser usado no pulso, ao pesco\u00e7o ou at\u00e9 mesmo no cabelo.<\/p>\n<p>Se procura acess\u00f3rios para a sua mala convidamo-la a visitar a nossa, <a href=\"https:\/\/mitibags.com\/acessorios-malas\/\">sec\u00e7\u00e3o de acess\u00f3rios<\/a> e a explorar todos os acess\u00f3rios que preparamos para si.<\/p>\n<p>&nbsp;<\/p>\n<p><strong>Tamanho: <\/strong>1m x 5cm<\/p>\n<p><strong>Material: <\/strong>Poli\u00e9ster<\/p>\n<p>&nbsp;<\/p>\n<p>&nbsp;<\/p>\n","protected":false},"excerpt":{"rendered":"<p>N\u00e3o h\u00e1 d\u00favida que os len\u00e7os para malas acrescentam um toque de luxo e eleg\u00e2ncia \u00e0 sua mala.<\/p>\n<p>O Hindu Len\u00e7o para Mala est\u00e1 dispon\u00edvel em 2 cores sendo o padr\u00e3o semelhante em ambos os lados, havendo apenas um ligeiro degrad\u00e9 num deles.<\/p>\n<p>Com <strong>1m de comprimento e 5cm de largura,<\/strong> o seu design \u00e9 perfeito para ser usado enrolado nas al\u00e7as das mala ou simplesmente preso em forma de la\u00e7o, protegendo e enfatizando a beleza, eleg\u00e2ncia e feminilidade da sua mala. Devido \u00e0 sua versatilidade e estilo, este len\u00e7o pode tamb\u00e9m ser usado no pulso, ao pesco\u00e7o ou at\u00e9 mesmo no cabelo.<\/p>\n","protected":false},"featured_media":9876,"comment_status":"open","ping_status":"closed","template":"","meta":[],"product_brand":[],"product_cat":[75],"product_tag":[591,242],"class_list":{"0":"post-10090","1":"product","2":"type-product","3":"status-publish","4":"has-post-thumbnail","6":"product_cat-lencos-para-malas","7":"product_tag-hindu-lenco-para-mala","8":"product_tag-lenco-para-mala","9":"tm-no-options","11":"first","12":"instock","13":"taxable","14":"shipping-taxable","15":"purchasable","16":"product-type-variable"},"_links":{"self":[{"href":"http:\/\/mitibags.com\/pt-pt\/wp-json\/wp\/v2\/product\/10090","targetHints":{"allow":["GET"]}}],"collection":[{"href":"http:\/\/mitibags.com\/pt-pt\/wp-json\/wp\/v2\/product"}],"about":[{"href":"http:\/\/mitibags.com\/pt-pt\/wp-json\/wp\/v2\/types\/product"}],"replies":[{"embeddable":true,"href":"http:\/\/mitibags.com\/pt-pt\/wp-json\/wp\/v2\/comments?post=10090"}],"version-history":[{"count":0,"href":"http:\/\/mitibags.com\/pt-pt\/wp-json\/wp\/v2\/product\/10090\/revisions"}],"wp:featuredmedia":[{"embeddable":true,"href":"http:\/\/mitibags.com\/pt-pt\/wp-json\/wp\/v2\/media\/9876"}],"wp:attachment":[{"href":"http:\/\/mitibags.com\/pt-pt\/wp-json\/wp\/v2\/media?parent=10090"}],"wp:term":[{"taxonomy":"product_brand","embeddable":true,"href":"http:\/\/mitibags.com\/pt-pt\/wp-json\/wp\/v2\/product_brand?post=10090"},{"taxonomy":"product_cat","embeddable":true,"href":"http:\/\/mitibags.com\/pt-pt\/wp-json\/wp\/v2\/product_cat?post=10090"},{"taxonomy":"product_tag","embeddable":true,"href":"http:\/\/mitibags.com\/pt-pt\/wp-json\/wp\/v2\/product_tag?post=10090"}],"curies":[{"name":"wp","href":"https:\/\/api.w.org\/{rel}","templated":true}]}}