{"id":1928,"date":"2023-09-14T17:46:11","date_gmt":"2023-09-14T16:46:11","guid":{"rendered":"https:\/\/mitibags.com\/politica-de-privacidade\/"},"modified":"2024-07-16T13:21:21","modified_gmt":"2024-07-16T12:21:21","slug":"politica-de-privacidade","status":"publish","type":"page","link":"http:\/\/mitibags.com\/pt-pt\/politica-de-privacidade\/","title":{"rendered":"Pol\u00edtica de Privacidade"},"content":{"rendered":"\t\t<div data-elementor-type=\"wp-page\" data-elementor-id=\"1928\" class=\"elementor elementor-1928 elementor-1318\" data-elementor-post-type=\"page\">\n\t\t\t\t\t\t<section class=\"elementor-section elementor-top-section elementor-element elementor-element-25b7d045 ct-section-stretched elementor-section-boxed elementor-section-height-default elementor-section-height-default\" data-id=\"25b7d045\" data-element_type=\"section\" data-settings=\"{&quot;background_background&quot;:&quot;classic&quot;}\">\n\t\t\t\t\t\t\t<div class=\"elementor-background-overlay\"><\/div>\n\t\t\t\t\t\t\t<div class=\"elementor-container elementor-column-gap-default\">\n\t\t\t\t\t<div class=\"elementor-column elementor-col-50 elementor-top-column elementor-element elementor-element-36c6fc68\" data-id=\"36c6fc68\" data-element_type=\"column\">\n\t\t\t<div class=\"elementor-widget-wrap\">\n\t\t\t\t\t\t\t<\/div>\n\t\t<\/div>\n\t\t\t\t<div class=\"elementor-column elementor-col-50 elementor-top-column elementor-element elementor-element-459a500f elementor-hidden-tablet elementor-hidden-phone\" data-id=\"459a500f\" data-element_type=\"column\">\n\t\t\t<div class=\"elementor-widget-wrap\">\n\t\t\t\t\t\t\t<\/div>\n\t\t<\/div>\n\t\t\t\t\t<\/div>\n\t\t<\/section>\n\t\t\t\t<section class=\"elementor-section elementor-top-section elementor-element elementor-element-740778b9 ct-section-stretched elementor-section-boxed elementor-section-height-default elementor-section-height-default\" data-id=\"740778b9\" data-element_type=\"section\" data-settings=\"{&quot;background_background&quot;:&quot;classic&quot;}\">\n\t\t\t\t\t\t<div class=\"elementor-container elementor-column-gap-no\">\n\t\t\t\t\t<div class=\"elementor-column elementor-col-100 elementor-top-column elementor-element elementor-element-34bc9c5b\" data-id=\"34bc9c5b\" data-element_type=\"column\">\n\t\t\t<div class=\"elementor-widget-wrap elementor-element-populated\">\n\t\t\t\t\t\t<div class=\"elementor-element elementor-element-029048c elementor-widget elementor-widget-heading\" data-id=\"029048c\" data-element_type=\"widget\" data-widget_type=\"heading.default\">\n\t\t\t\t<div class=\"elementor-widget-container\">\n\t\t\t\t\t<h2 class=\"elementor-heading-title elementor-size-default\">Pol\u00edtica de Privacidade<\/h2>\t\t\t\t<\/div>\n\t\t\t\t<\/div>\n\t\t\t\t<div class=\"elementor-element elementor-element-f7b7b1b elementor-widget elementor-widget-text-editor\" data-id=\"f7b7b1b\" data-element_type=\"widget\" data-widget_type=\"text-editor.default\">\n\t\t\t\t<div class=\"elementor-widget-container\">\n\t\t\t\t\t\t\t\t\t<p><strong>1. Que informa\u00e7\u00f5es pessoais recolhemos e de que forma o fazemos<\/strong><br \/>Informa-se que todos os dados pessoais fornecidos pelo Utilizador atrav\u00e9s do Site www.mitibags.com (doravante, \u201co Site\u201d) ser\u00e3o incorporados e tratados nos arquivos de titularidade de F\u00e1tima Silva com as seguintes finalidades: possibilitar a presta\u00e7\u00e3o dos servi\u00e7os solicitados pelo Utilizador, assim como mant\u00ea-lo informado, inclusive atrav\u00e9s de meios eletr\u00f3nicos, sobre os produtos e servi\u00e7os. O preenchimento de todos os dados solicitados atrav\u00e9s do Site \u00e9 necess\u00e1rio, de modo a obter uma \u00f3tima presta\u00e7\u00e3o dos servi\u00e7os postos \u00e0 disposi\u00e7\u00e3o do Utilizador. Caso n\u00e3o sejam fornecidos todos os dados ou os dados corretos, Miti n\u00e3o garante que a informa\u00e7\u00e3o e os servi\u00e7os disponibilizados sejam prestados corretamente, ou que estejam conformes \u00e0s necessidades do Utilizador. A recolha das informa\u00e7\u00f5es pessoais \u00e9 feita de v\u00e1rias formas: quando nos faz uma encomenda, quando nos envia uma mensagem ou quando se regista para receber a nossa Newsletter. Ao registar-se para receber a nossa Newsletter e ao entrar preencher o nosso formul\u00e1rio de contacto est\u00e1 a dar consentimento para recolhermos os seus dados pessoais. Cada vez que fazemos uma encomenda, temos de armazenar informa\u00e7\u00f5es pessoais que incluem nome, endere\u00e7o de email, morada de envio, n\u00famero de telefone, , n\u00famero de telefone, NIF, e morada de fatura\u00e7\u00e3o do cart\u00e3o de cr\u00e9dito\/d\u00e9bito para que possamos processar a sua encomenda. Os detalhes dos cart\u00f5es nunca ser\u00e3o partilhados com outras entidades e apenas ser\u00e3o usados para processar o seu pedido atrav\u00e9s do sistema do nosso parceiro de pagamentos. Adicionalmente, poderemos obter informa\u00e7\u00e3o resultante de valida\u00e7\u00f5es de autenticidade ou identidade. Estes detalhes permitem-nos processar o seu pedido e permitir que possa acompanhar o seu estado.<\/p>\n<p><strong>2. Como podemos usar essa informa\u00e7\u00e3o?<\/strong><br \/>A Miti poder\u00e1 usar a sua informa\u00e7\u00e3o pessoal para o processamento das encomendas e pagamentos. De igual forma utilizaremos os seus dados para atender e responder aos seus pedidos assim como enviar atualiza\u00e7\u00f5es acerca do estado da sua encomenda. Iremos de igual modo utilizar os seus dados para lhe enviar para lhe enviar atualiza\u00e7\u00f5es de marketing caso tenha indicado que quer receber esse tipo de informa\u00e7\u00f5es. Partilhamos a sua informa\u00e7\u00e3o com o weoinvoice, software de fatura\u00e7\u00e3o que utilizamos, com as empresas de transporte utilizadas para a entrega das suas encomendas.<br \/>O per\u00edodo de tempo durante o qual os dados pessoais s\u00e3o armazenados e conservados varia de acordo com a finalidade para a qual a informa\u00e7\u00e3o \u00e9 tratada. Efetivamente, existem requisitos legais que obrigam a conservar os dados por um per\u00edodo de tempo m\u00ednimo. Assim, e sempre que n\u00e3o exista uma exig\u00eancia legal espec\u00edfica, os dados ser\u00e3o armazenados e conservados apenas pelo per\u00edodo m\u00ednimo necess\u00e1rio para a prossecu\u00e7\u00e3o das finalidades que motivaram a sua recolha ou o seu posterior tratamento, nos termos definidos na lei.<\/p>\n<p><strong>3. O que vai receber ao inscrever-se na nossa Newsletter?<\/strong><br \/>Quando indicar que pretende receber a nossa Newsletter est\u00e1 a permitir-nos enviar-lhe emails com: &#8211; Novos produtos e cole\u00e7\u00f5es, ofertas especiais, c\u00f3digos de desconto, eventos de interesse e promo\u00e7\u00f5es de marketing \u00fanicas. N\u00e3o vendemos nem transmitimos os seus dados a empresas terceiras com vista a a\u00e7\u00f5es de marketing. As comunica\u00e7\u00f5es de marketing por si subscritas ser\u00e3o unicamente enviadas pela Miti. Em todas elas, disponibilizamos a possibilidade de cancelar a sua subscri\u00e7\u00e3o caso tenha mudado de ideia. Todos os e-mails que lhe enviarmos cont\u00eam um link de cancelamento autom\u00e1tico f\u00e1cil para que possa sair (opt-out) daquele mailshot em particular. Para tal, basta seguir as indica\u00e7\u00f5es do e-mail. Para opt-out do servi\u00e7o por favor contacte o atendimento de apoio ao cliente traposebijuquices.com atrav\u00e9s do e-mail info@mitibags.com.<\/p>\n<p><strong>4. Exerc\u00edcio de direitos<\/strong><br \/>O Utilizador pode exercer os seus direitos de acesso, corre\u00e7\u00e3o, anula\u00e7\u00e3o e oposi\u00e7\u00e3o, atrav\u00e9s de e-mail dirigido a info@mitibags.com. Em ambos casos o Utilizador interessado dever\u00e1 anexar uma copia do seu documento de identidade, passaporte, ou outro documento v\u00e1lido que o possa identificar.<\/p>\n<p>1. Direito de Acesso: direito a obter a informa\u00e7\u00e3o sobre quais dos seus dados pessoais s\u00e3o tratados, quais as finalidades do tratamento, quais os prazos de conserva\u00e7\u00e3o, entre outros.<br \/>2. Direito de Rectifica\u00e7\u00e3o: direito de solicitar a retifica\u00e7\u00e3o dos seus dados pessoais que se encontrem inexactos ou solicitar que os dados pessoais incompletos sejam completados, como por exemplo a morada, o NIF, o email, os contactos telef\u00f3nicos, ou outros.<br \/>3. Direito ao Esquecimento: direito de obter o esquecimento dos seus dados pessoais, desde que n\u00e3o se verifiquem fundamentos v\u00e1lidos para a sua conserva\u00e7\u00e3o, como por exemplo os casos em que estejamos obrigados a conservar os dados para cumprimento de uma obriga\u00e7\u00e3o legal ou porque se encontra em curso um processo judicial.<br \/>4. Direito \u00e0 Portabilidade: direito de receber os dados que nos forneceu em formato digital de uso corrente e de leitura autom\u00e1tica.<br \/>5. Direito \u00e0 Limita\u00e7\u00e3o: direito a solicitar a limita\u00e7\u00e3o do tratamento dos seus dados pessoais, sob a forma de: (i) suspens\u00e3o do tratamento ou (ii) limita\u00e7\u00e3o do \u00e2mbito do tratamento a certas categorias de dados ou finalidades de tratamento.<br \/>6. Direito a Retirar o Consentimento ou Direito de Oposi\u00e7\u00e3o: direito de se opor ou retirar o seu consentimento, a qualquer momento a um tratamento de dados que se baseie unicamente no referido consentimento, como por exemplo, no caso de tratamento de dados para fins de marketing, desde que n\u00e3o se verifiquem interesses leg\u00edtimos que prevale\u00e7am sobre os seus interesses, direitos e liberdades, como por exemplo de defesa de um direito num processo judicial.<br \/>7. Direito a reclamar: direito de apresentar reclama\u00e7\u00e3o \u00e0 autoridade de controlo nacional, a CNPD.<\/p>\n<p><strong>5. Comunica\u00e7\u00f5es de dados efectuadas pelo pr\u00f3prio Utilizador<\/strong><br \/>O Utilizador \u00e9 plenamente consciente de que, ao publicar ou autorizar a publica\u00e7\u00e3o de um artigo, coment\u00e1rio ou opini\u00e3o no Site, estar\u00e1 a permitir que terceiras pessoas possam aceder aos seus dados pessoais e inclusive aos de terceiros. Neste sentido, a Miti n\u00e3o se responsabiliza pelas poss\u00edveis consequ\u00eancias ou preju\u00edzos que o Utilizador, ou uma terceira pessoa, possam sofrer por consequ\u00eancia da sua livre decis\u00e3o de partilhar os seus dados pessoais. Antes de disponibilizar no Site os dados pessoais referentes a terceiras pessoas, o Utilizador dever\u00e1 obter o seu pr\u00e9vio e expresso consentimento, tendo a obriga\u00e7\u00e3o de os informar sobre os termos contidos nesta Pol\u00edtica de Privacidade. O Utilizador \u00e9 obrigado a manter a F\u00e1tima Silva inc\u00f3lume de qualquer poss\u00edvel reclama\u00e7\u00e3o, multa ou san\u00e7\u00e3o que possa vir a ser suportada como consequ\u00eancia do n\u00e3o cumprimento por parte do Utilizador do dever descrito neste par\u00e1grafo.<\/p>\n<p><strong>6. Uso de Cookies<\/strong><br \/>A Miti pode, pelos seus pr\u00f3prios meios, ou atrav\u00e9s de um terceiro contratado para a presta\u00e7\u00e3o de servi\u00e7os de medi\u00e7\u00e3o, utilizar cookies quando o Utilizador navega pelo Site. As cookies s\u00e3o ficheiros, enviados ao navegador por meio de um servidor web, com a finalidade de registar as atividades do Utilizador durante o seu tempo de navega\u00e7\u00e3o. Pela utiliza\u00e7\u00e3o das cookies, \u00e9 poss\u00edvel que o servidor onde se encontra alojado o Site reconhe\u00e7a o navegador web do Utilizador, com a finalidade de que a navega\u00e7\u00e3o seja mais simples. S\u00e3o tamb\u00e9m utilizadas para medir a audi\u00eancia e par\u00e2metros de tr\u00e1fico, assim como para controlar a evolu\u00e7\u00e3o e n\u00famero de entradas. O Utilizador tem a possibilidade de configurar o seu navegador, de forma a ser avisado da rece\u00e7\u00e3o de cookies, e para impedir que se instalem no seu equipamento. Por favor, consulte as instru\u00e7\u00f5es e os manuais do seu navegador para ampliar esta informa\u00e7\u00e3o. Por favor consulta a nossa pol\u00edtica de cookies para conhecer em detalhe todos os cookies que recolhemos.<br \/>Redes Sociais<br \/>No nosso site, inclu\u00edmos conte\u00fado para promover p\u00e1ginas da web (por exemplo, \u201cgosto\u201d, \u201cpin\u201d) ou partilhar (por exemplo, \u201ctwittar\u201d) nas redes sociais. Este conte\u00fado \u00e9 incorporado com c\u00f3digo derivado de terceiros e coloca cookies. Esse conte\u00fado pode armazenar e processar determinadas informa\u00e7\u00f5es para publicidade personalizada. Por favor leia a declara\u00e7\u00e3o de privacidade dessas redes sociais (que podem mudar regularmente) para saber o que eles fazem com seus dados (pessoais) que eles processam usando esses cookies. Os dados recuperados s\u00e3o anonimizados tanto quanto poss\u00edvel.<br \/>Google Analytics e Google Signals<br \/>Utilizamos o Google Signals para perceber como \u00e9 que os nossos utilizadores utilizam o nosso website. Isto envolve a recolha de dados atrav\u00e9s de cookies ou tecnologias similiares. O tipo de dados que recolhemos:<br \/>&#8211; Dados sobre o equipamento: Tipo de equipamento, sistema operativo e browser utilizado para aceder ao nosso site.<br \/>&#8211; Dados geogr\u00e1ficos: Localiza\u00e7\u00e3o geral com base no IP.<br \/>&#8211; Dados comportamentais: P\u00e1ginas visitadas, tempo passado no site, intera\u00e7\u00f5es com os conte\u00fados presentes no website.<br \/>&#8211; Dados Demogr\u00e1ficos: Idade, sexo e interesses, conforme inferidos pelo Google.<br \/>Os dados que recolhemos atrav\u00e9s do Google Signals \u00e9 utilizado para:<br \/>&#8211; Melhorar a experi\u00eancia do utilizador: analisando as intera\u00e7\u00f5es, tomamos decis\u00f5es informadas para melhorar a funcionalidade e conte\u00fados do website<br \/>&#8211; Personalizar o conte\u00fado: oferecendo conte\u00fado e personaliza\u00e7\u00f5es personalizadas atrav\u00e9s do comportamento do utilizador e das suas prefer\u00eancias<br \/>&#8211; Marketing e Publicidade: entrega de an\u00fancios dirigidos medindo a efic\u00e1cia das campanhas.<br \/>Se preferir n\u00e3o ter os seus dados recolhidos por meio do Google Signals, voc\u00ea pode cancelar:<br \/>\u2022 Utilizar o complemento do navegador para desativa\u00e7\u00e3o do Google: esse complemento impede que o Google Analytics recolha dados sobre as suas visitas.<br \/>\u2022 Ajustar as configura\u00e7\u00f5es de an\u00fancios: modifique as configura\u00e7\u00f5es de an\u00fancios na sua conta do Google para limitar os dados compartilhados com o Google Analytics.<\/p>\n\t\t\t\t\t\t\t\t<\/div>\n\t\t\t\t<\/div>\n\t\t\t\t\t<\/div>\n\t\t<\/div>\n\t\t\t\t\t<\/div>\n\t\t<\/section>\n\t\t\t\t<section class=\"elementor-section elementor-top-section elementor-element elementor-element-af4d55f ct-section-stretched elementor-section-boxed elementor-section-height-default elementor-section-height-default\" data-id=\"af4d55f\" data-element_type=\"section\">\n\t\t\t\t\t\t<div class=\"elementor-container elementor-column-gap-default\">\n\t\t\t\t\t<div class=\"elementor-column elementor-col-100 elementor-top-column elementor-element elementor-element-2e8a715\" data-id=\"2e8a715\" data-element_type=\"column\">\n\t\t\t<div class=\"elementor-widget-wrap elementor-element-populated\">\n\t\t\t\t\t\t<div class=\"elementor-element elementor-element-47c019a elementor-widget elementor-widget-template\" data-id=\"47c019a\" data-element_type=\"widget\" data-widget_type=\"template.default\">\n\t\t\t\t<div class=\"elementor-widget-container\">\n\t\t\t\t\t\t\t<div class=\"elementor-template\">\n\t\t\t\t\t<div data-elementor-type=\"section\" data-elementor-id=\"2526\" class=\"elementor elementor-2526 elementor-977\" data-elementor-post-type=\"elementor_library\">\n\t\t\t\t\t<section class=\"elementor-section elementor-top-section elementor-element elementor-element-ba596e0 ct-section-stretched elementor-section-boxed elementor-section-height-default elementor-section-height-default\" data-id=\"ba596e0\" data-element_type=\"section\" data-settings=\"{&quot;background_background&quot;:&quot;classic&quot;}\">\n\t\t\t\t\t\t<div class=\"elementor-container elementor-column-gap-default\">\n\t\t\t\t\t<div class=\"elementor-column elementor-col-100 elementor-top-column elementor-element elementor-element-b213124\" data-id=\"b213124\" data-element_type=\"column\">\n\t\t\t<div class=\"elementor-widget-wrap elementor-element-populated\">\n\t\t\t\t\t\t<div class=\"elementor-element elementor-element-c106819 elementor-widget elementor-widget-heading\" data-id=\"c106819\" data-element_type=\"widget\" data-widget_type=\"heading.default\">\n\t\t\t\t<div class=\"elementor-widget-container\">\n\t\t\t\t\t<h2 class=\"elementor-heading-title elementor-size-default\">Newsletter<\/h2>\t\t\t\t<\/div>\n\t\t\t\t<\/div>\n\t\t\t\t<div class=\"elementor-element elementor-element-45fdf06 elementor-widget elementor-widget-text-editor\" data-id=\"45fdf06\" data-element_type=\"widget\" data-widget_type=\"text-editor.default\">\n\t\t\t\t<div class=\"elementor-widget-container\">\n\t\t\t\t\t\t\t\t\t<p>Assine a nossa newsletter e seja a primeira a ficar de todas as novidades.<\/p>\n\t\t\t\t\t\t\t\t<\/div>\n\t\t\t\t<\/div>\n\t\t\t\t<div class=\"elementor-element elementor-element-bc9334b elementor-widget elementor-widget-text-editor\" data-id=\"bc9334b\" data-element_type=\"widget\" data-widget_type=\"text-editor.default\">\n\t\t\t\t<div class=\"elementor-widget-container\">\n\t\t\t\t\t\t\t\t\t<p>\n\t\t\t<form id=\"sib_signup_form_3\" method=\"post\" class=\"sib_signup_form\">\n\t\t\t\t<div class=\"sib_loader\" style=\"display:none;\"><img\n\t\t\t\t\t\t\tsrc=\"http:\/\/mitibags.com\/wp-includes\/images\/spinner.gif\" alt=\"loader\"><\/div>\n\t\t\t\t<input type=\"hidden\" name=\"sib_form_action\" value=\"subscribe_form_submit\">\n\t\t\t\t<input type=\"hidden\" name=\"sib_form_id\" value=\"3\">\n                <input type=\"hidden\" name=\"sib_form_alert_notice\" value=\"Please fill out this field\">\n                <input type=\"hidden\" name=\"sib_form_invalid_email_notice\" value=\"Your email address is invalid\">\n                <input type=\"hidden\" name=\"sib_security\" value=\"2c07243bfa\">\n\t\t\t\t<div class=\"sib_signup_box_inside_3\">\n\t\t\t\t\t<div style=\"\/*display:none*\/\" class=\"sib_msg_disp\">\n\t\t\t\t\t<\/div>\n                    \t\t\t\t\t<div class=\"newsform\">\r\n    <p class=\"sib-email-area\">\r\n        <input type=\"email\" class=\"sib-email-area\" name=\"email\" required=\"required\" placeholder=\"E-MAIL\">\r\n    <\/p>\r\n<p>\r\n    <input type=\"checkbox\" id=\"terms\" name=\"terms\" required=\"required\"><span class=\"accept-text\"> I accept the <a class=\"acceptlink\" href=\"https:\/\/mitibags.com\/pt-pt\/politica-de-privacidade\/\" target=\"_blank\">Pol\u00edtica de Privacidade<\/a><\/span>\r\n<\/p>\r\n    <p>\r\n        <input type=\"submit\" class=\"sib-default-btn\" value=\"Subscrever\">\r\n    <\/p>\r\n<div>\t\t\t\t<\/div>\n\t\t\t<\/form>\n\t\t\t<style>\n\t\t\t\tform#sib_signup_form_3 { padding: 5px; -moz-box-sizing:border-box; -webkit-box-sizing: border-box; box-sizing: border-box; text-align: center; } form#sib_signup_form_3 input[type=text],form#sib_signup_form_3 input[type=email], form#sib_signup_form_3 select { width: 50%; border: 1px solid #000; height: 50px ; margin: 5px 0 0 0; border-radius: 0px; } form#sib_signup_form_3 .sib-default-btn { margin: 5px 0; padding: 6px 12px; color:#fff; background-color: #333; border-color: #2E2E2E; font-size: 14px; font-weight:400; line-height: 1.4285; text-align: center; cursor: pointer; vertical-align: middle; -webkit-user-select:none; -moz-user-select:none; -ms-user-select:none; user-select:none; white-space: normal; border:1px solid transparent; border-radius: 0px; } form#sib_signup_form_3 .sib-default-btn:hover { background-color: #444; } form#sib_signup_form_3 p{ margin: 10px 0 0 0; } form#sib_signup_form_3 input.sib-email-area[type=&quot;email&quot;][name=&quot;email&quot;]::placeholder { color: #000000; }form#sib_signup_form_3 p.sib-alert-message {\n    padding: 6px 12px;\n    margin-bottom: 20px;\n    border: 1px solid transparent;\n    border-radius: 4px;\n    -webkit-box-sizing: border-box;\n    -moz-box-sizing: border-box;\n    box-sizing: border-box;\n}\nform#sib_signup_form_3 p.sib-alert-message-error {\n    background-color: #f2dede;\n    border-color: #ebccd1;\n    color: #a94442;\n}\nform#sib_signup_form_3 p.sib-alert-message-success {\n    background-color: #dff0d8;\n    border-color: #d6e9c6;\n    color: #3c763d;\n}\nform#sib_signup_form_3 p.sib-alert-message-warning {\n    background-color: #fcf8e3;\n    border-color: #faebcc;\n    color: #8a6d3b;\n}\n\t\t\t<\/style>\n\t\t\t<\/p>\n\t\t\t\t\t\t\t\t<\/div>\n\t\t\t\t<\/div>\n\t\t\t\t\t<\/div>\n\t\t<\/div>\n\t\t\t\t\t<\/div>\n\t\t<\/section>\n\t\t\t\t<\/div>\n\t\t\t\t<\/div>\n\t\t\t\t\t\t<\/div>\n\t\t\t\t<\/div>\n\t\t\t\t\t<\/div>\n\t\t<\/div>\n\t\t\t\t\t<\/div>\n\t\t<\/section>\n\t\t\t\t<\/div>\n\t\t","protected":false},"excerpt":{"rendered":"<p>Pol\u00edtica de Privacidade 1. Que informa\u00e7\u00f5es pessoais recolhemos e de que forma o fazemosInforma-se que todos os dados pessoais fornecidos pelo Utilizador atrav\u00e9s do Site www.mitibags.com (doravante, \u201co Site\u201d) ser\u00e3o incorporados e tratados nos arquivos de titularidade de F\u00e1tima Silva com as seguintes finalidades: possibilitar a presta\u00e7\u00e3o dos servi\u00e7os solicitados pelo Utilizador, assim como mant\u00ea-lo [&hellip;]<\/p>\n","protected":false},"author":1,"featured_media":0,"parent":0,"menu_order":0,"comment_status":"closed","ping_status":"closed","template":"","meta":{"_joinchat":[],"footnotes":""},"class_list":["post-1928","page","type-page","status-publish","hentry"],"blocksy_meta":{"page_title_panel":"","has_hero_section":"disabled","0df2dca53447789c9966a9ee2482ae8e":"","hero_section":"type-1","hero_elements":[{"id":"custom_title","enabled":true,"heading_tag":"h1","title":"Home"},{"id":"custom_description","enabled":true,"description_visibility":{"desktop":true,"tablet":true,"mobile":false}},{"id":"custom_meta","enabled":false,"meta_elements":[{"id":"author","enabled":true,"label":"By","has_author_avatar":"yes","avatar_size":25},{"id":"post_date","enabled":true,"label":"On","date_format_source":"default","date_format":"M j, Y"},{"id":"comments","enabled":true}],"page_meta_elements":{"joined":true,"articles_count":true,"comments":true}},{"id":"breadcrumbs","enabled":false}],"9a068402903147dab0312ed721d813d1":"","hero_alignment1":"left","hero_alignment2":"center","hero_vertical_alignment":"center","878df3921d36f5f7834a2f50f2d62119":"","hero_structure":"narrow","c672b96ecc952ad64c8c2d7fdf1a61dc":"","page_title_bg_type":"featured_image","custom_hero_background":{"attachment_id":null},"parallax":{"desktop":false,"tablet":false,"mobile":false},"cc7bcd5456d7cac909e888486d83b616":"","hero_height":"250px","pageTitleFont":{"family":"Default","variation":"Default","size":{"desktop":"32px","tablet":"30px","mobile":"25px"},"line-height":"CT_CSS_SKIP_RULE","letter-spacing":"CT_CSS_SKIP_RULE","text-transform":"CT_CSS_SKIP_RULE","text-decoration":"CT_CSS_SKIP_RULE"},"pageTitleFontColor":{"default":{"color":"CT_CSS_SKIP_RULEDEFAULT"}},"pageMetaFont":{"family":"Default","variation":"n6","size":"12px","line-height":"1.3","letter-spacing":"CT_CSS_SKIP_RULE","text-transform":"uppercase","text-decoration":"CT_CSS_SKIP_RULE"},"pageMetaFontColor":{"default":{"color":"CT_CSS_SKIP_RULEDEFAULT"},"hover":{"color":"CT_CSS_SKIP_RULEDEFAULT"}},"pageExcerptFont":{"family":"Default","variation":"Default","size":"CT_CSS_SKIP_RULE","line-height":"CT_CSS_SKIP_RULE","letter-spacing":"CT_CSS_SKIP_RULE","text-transform":"CT_CSS_SKIP_RULE","text-decoration":"CT_CSS_SKIP_RULE"},"pageExcerptColor":{"default":{"color":"CT_CSS_SKIP_RULEDEFAULT"}},"breadcrumbsFont":{"family":"Default","variation":"n6","size":"12px","line-height":"CT_CSS_SKIP_RULE","letter-spacing":"CT_CSS_SKIP_RULE","text-transform":"uppercase","text-decoration":"CT_CSS_SKIP_RULE"},"breadcrumbsFontColor":{"default":{"color":"CT_CSS_SKIP_RULEDEFAULT"},"initial":{"color":"CT_CSS_SKIP_RULEDEFAULT"},"hover":{"color":"CT_CSS_SKIP_RULEDEFAULT"}},"pageTitleOverlay":{"default":{"color":"rgba(41, 51, 60, 0.2)"}},"pageTitleBackground":{"background_type":"color","background_pattern":"type-1","background_image":{"attachment_id":null,"x":0,"y":0},"background_repeat":"no-repeat","background_size":"auto","background_attachment":"scroll","patternColor":{"default":{"color":"#e5e7ea"}},"backgroundColor":{"default":{"color":"#EDEFF2"}}},"5384544efa2613b7222fa667fe0c3bd5":"","page_structure_type":"default","content_style":"inherit","vertical_spacing_source":"custom","content_area_spacing":"none","background":{"background_type":"color","background_pattern":"type-1","background_image":{"attachment_id":null,"x":0,"y":0},"background_repeat":"no-repeat","background_size":"auto","background_attachment":"scroll","patternColor":{"default":{"color":"#e5e7ea"}},"backgroundColor":{"default":{"color":"CT_CSS_SKIP_RULE"}}},"content_background":{"background_type":"color","background_pattern":"type-1","background_image":{"attachment_id":null,"x":0,"y":0},"background_repeat":"no-repeat","background_size":"auto","background_attachment":"scroll","patternColor":{"default":{"color":"#e5e7ea"}},"backgroundColor":{"default":{"color":"#ffffff"}}},"content_boxed_spacing":{"desktop":"40px","tablet":"35px","mobile":"20px"},"content_boxed_radius":{"top":"3px","bottom":"3px","left":"3px","right":"3px","linked":true},"content_boxed_shadow":{"blur":18,"spread":-6,"v_offset":12,"h_offset":0,"inset":false,"enable":true,"color":{"color":"rgba(34, 56, 101, 0.04)"}},"7b360c47770bb2bc7820037d1b7ccdae":"","disable_featured_image":"no","disable_header":"no","disable_footer":"no","styles_descriptor":{"styles":{"desktop":"","tablet":"","mobile":""},"google_fonts":[]}},"_links":{"self":[{"href":"http:\/\/mitibags.com\/pt-pt\/wp-json\/wp\/v2\/pages\/1928","targetHints":{"allow":["GET"]}}],"collection":[{"href":"http:\/\/mitibags.com\/pt-pt\/wp-json\/wp\/v2\/pages"}],"about":[{"href":"http:\/\/mitibags.com\/pt-pt\/wp-json\/wp\/v2\/types\/page"}],"author":[{"embeddable":true,"href":"http:\/\/mitibags.com\/pt-pt\/wp-json\/wp\/v2\/users\/1"}],"replies":[{"embeddable":true,"href":"http:\/\/mitibags.com\/pt-pt\/wp-json\/wp\/v2\/comments?post=1928"}],"version-history":[{"count":0,"href":"http:\/\/mitibags.com\/pt-pt\/wp-json\/wp\/v2\/pages\/1928\/revisions"}],"wp:attachment":[{"href":"http:\/\/mitibags.com\/pt-pt\/wp-json\/wp\/v2\/media?parent=1928"}],"curies":[{"name":"wp","href":"https:\/\/api.w.org\/{rel}","templated":true}]}}